{"id":26834,"date":"2012-10-29T20:42:45","date_gmt":"2012-10-29T19:42:45","guid":{"rendered":"http:\/\/www.denkfried.de\/wp\/?page_id=26834"},"modified":"2012-10-31T18:53:38","modified_gmt":"2012-10-31T17:53:38","slug":"gedenktafel-der-ehemaligen-schuler-ahs","status":"publish","type":"page","link":"http:\/\/www.denkfried.de\/wp\/?page_id=26834","title":{"rendered":"Gedenktafel der ehemaligen Sch\u00fcler AHS"},"content":{"rendered":"<p>&nbsp;<\/p>\n<p><strong>Gedenktafel<\/strong> Gefallene und Vermisste ehemalige Sch\u00fcler der AHS (Adolf-Hitler Schulen)<\/p>\n<p>Beitrag von Thomas <a href=\"http:\/\/potsdamer-ehrenmale.de.tl\/Hauptseite.htm\">Potsdamer -Ehrenmale.de<\/a><\/p>\n<p>Das Gedenkbuch ist zusammengestellt von Klaus Schneider, es erschien zum Volkstrauertag 1989. Insgesamt gibt es 1200 von den Freiexemplaren.<\/p>\n<div id='gallery-1' class='gallery galleryid-26834 gallery-columns-4 gallery-size-thumbnail'><dl class='gallery-item'>\n\t\t\t<dt class='gallery-icon landscape'>\n\t\t\t\t<a href='http:\/\/www.denkfried.de\/wp\/?attachment_id=26906'><img loading=\"lazy\" decoding=\"async\" width=\"150\" height=\"150\" src=\"http:\/\/www.denkfried.de\/wp\/wp-content\/uploads\/2012\/10\/Gedenkbuch-Adolf-Hitler-schule-4-150x150.jpg\" class=\"attachment-thumbnail size-thumbnail\" alt=\"\" \/><\/a>\n\t\t\t<\/dt><\/dl><dl class='gallery-item'>\n\t\t\t<dt class='gallery-icon portrait'>\n\t\t\t\t<a href='http:\/\/www.denkfried.de\/wp\/?attachment_id=26903'><img loading=\"lazy\" decoding=\"async\" width=\"150\" height=\"150\" src=\"http:\/\/www.denkfried.de\/wp\/wp-content\/uploads\/2012\/10\/Gedenkbuch-Adolf-Hitler-schule-150x150.jpg\" class=\"attachment-thumbnail size-thumbnail\" alt=\"\" \/><\/a>\n\t\t\t<\/dt><\/dl><dl class='gallery-item'>\n\t\t\t<dt class='gallery-icon landscape'>\n\t\t\t\t<a href='http:\/\/www.denkfried.de\/wp\/?attachment_id=26904'><img loading=\"lazy\" decoding=\"async\" width=\"150\" height=\"150\" src=\"http:\/\/www.denkfried.de\/wp\/wp-content\/uploads\/2012\/10\/Gedenkbuch-Adolf-Hitler-schule-2-150x150.jpg\" class=\"attachment-thumbnail size-thumbnail\" alt=\"\" \/><\/a>\n\t\t\t<\/dt><\/dl><dl class='gallery-item'>\n\t\t\t<dt class='gallery-icon landscape'>\n\t\t\t\t<a href='http:\/\/www.denkfried.de\/wp\/?attachment_id=26905'><img loading=\"lazy\" decoding=\"async\" width=\"150\" height=\"150\" src=\"http:\/\/www.denkfried.de\/wp\/wp-content\/uploads\/2012\/10\/Gedenkbuch-Adolf-Hitler-schule-3-150x150.jpg\" class=\"attachment-thumbnail size-thumbnail\" alt=\"\" \/><\/a>\n\t\t\t<\/dt><\/dl><br style=\"clear: both\" \/>\n\t\t<\/div>\n\n<p>Im Buch sind aus verschiedenen Quellen Informationen zusammegetragen. Angeh\u00f6rige gaben privates Bildmaterial, teilweise sind die Gr\u00e4ber abgebildet. Bei einige konnte jedoch nur die Namen aufgef\u00fchrt werden. Insgesamt werden hier <strong>287 Namen<\/strong> aufgef\u00fchrt.<\/p>\n<p><strong>Wir gedenken auch der Mitsch\u00fcler Erzieher und Anw\u00e4rter<\/strong> &#8211; von deren Schicksal wir nicht wissen &#8211; deren Gr\u00e4ber wir nicht kennen &#8211; die gefallen sind &#8211; die an Verwundungen starben &#8211; die vermi\u00dft blieben &#8211; die in Gefangenschaft umkamen<\/p>\n<p><strong>Zum Geleit<\/strong><\/p>\n<p>Einst gelobten wir an den Gr\u00e4bern unserer Toten, sie nie zu vergessen. M\u00f6ge diese Gedenktafel dazu beitragen, diesem Versprechen gerecht zu werden.<\/p>\n<p>Unter den millionenfachen Opfern des Zweiten Weltkrieges befinden sich auch unsere ehemaligen Mitsch\u00fcler, die gefallen oder vermi\u00dft sind. Der Tod aller opfer mahnt zur toleranz, zur Vers\u00f6hnung zwischen den Menschen und damit zum Frieden. M\u00f6ge auch diese Buch uns auffordern, dieser Mahnung gerecht zu werden.<\/p>\n<p>&nbsp;<\/p>\n","protected":false},"excerpt":{"rendered":"<p>&nbsp; Gedenktafel Gefallene und Vermisste ehemalige Sch\u00fcler der AHS (Adolf-Hitler Schulen) Beitrag von Thomas Potsdamer -Ehrenmale.de Das Gedenkbuch ist zusammengestellt von Klaus Schneider, es erschien zum Volkstrauertag 1989. Insgesamt gibt es 1200 von den Freiexemplaren. Im Buch sind aus verschiedenen &hellip; <a href=\"http:\/\/www.denkfried.de\/wp\/?page_id=26834\">Weiterlesen <span class=\"meta-nav\">&rarr;<\/span><\/a><\/p>\n","protected":false},"author":9,"featured_media":0,"parent":25786,"menu_order":0,"comment_status":"closed","ping_status":"open","template":"","meta":{"footnotes":""},"class_list":["post-26834","page","type-page","status-publish","hentry"],"_links":{"self":[{"href":"http:\/\/www.denkfried.de\/wp\/index.php?rest_route=\/wp\/v2\/pages\/26834","targetHints":{"allow":["GET"]}}],"collection":[{"href":"http:\/\/www.denkfried.de\/wp\/index.php?rest_route=\/wp\/v2\/pages"}],"about":[{"href":"http:\/\/www.denkfried.de\/wp\/index.php?rest_route=\/wp\/v2\/types\/page"}],"author":[{"embeddable":true,"href":"http:\/\/www.denkfried.de\/wp\/index.php?rest_route=\/wp\/v2\/users\/9"}],"replies":[{"embeddable":true,"href":"http:\/\/www.denkfried.de\/wp\/index.php?rest_route=%2Fwp%2Fv2%2Fcomments&post=26834"}],"version-history":[{"count":9,"href":"http:\/\/www.denkfried.de\/wp\/index.php?rest_route=\/wp\/v2\/pages\/26834\/revisions"}],"predecessor-version":[{"id":26837,"href":"http:\/\/www.denkfried.de\/wp\/index.php?rest_route=\/wp\/v2\/pages\/26834\/revisions\/26837"}],"up":[{"embeddable":true,"href":"http:\/\/www.denkfried.de\/wp\/index.php?rest_route=\/wp\/v2\/pages\/25786"}],"wp:attachment":[{"href":"http:\/\/www.denkfried.de\/wp\/index.php?rest_route=%2Fwp%2Fv2%2Fmedia&parent=26834"}],"curies":[{"name":"wp","href":"https:\/\/api.w.org\/{rel}","templated":true}]}}