{"id":26796,"date":"2012-10-27T15:59:01","date_gmt":"2012-10-27T13:59:01","guid":{"rendered":"http:\/\/www.denkfried.de\/wp\/?page_id=26796"},"modified":"2016-04-30T20:56:11","modified_gmt":"2016-04-30T18:56:11","slug":"denkmal-feldeisenbahner","status":"publish","type":"page","link":"http:\/\/www.denkfried.de\/wp\/?page_id=26796","title":{"rendered":"Denkmal Feldeisenbahner"},"content":{"rendered":"<p>&nbsp;<\/p>\n<p><strong>Berlin-Mitte<\/strong> Denkmal Feldeisenbahner, Invalidenstra\u00dfe<\/p>\n<p>Bericht und Bilder von Thomas\u00a0<a href=\"http:\/\/g-bb.jimdo.com\/\">Gefallenendenkm\u00e4ler Berlin\/Brandenburg<\/a><\/p>\n<div id='gallery-1' class='gallery galleryid-26796 gallery-columns-4 gallery-size-thumbnail'><dl class='gallery-item'>\n\t\t\t<dt class='gallery-icon landscape'>\n\t\t\t\t<a href='http:\/\/www.denkfried.de\/wp\/?attachment_id=33995'><img loading=\"lazy\" decoding=\"async\" width=\"150\" height=\"150\" src=\"http:\/\/www.denkfried.de\/wp\/wp-content\/uploads\/2012\/10\/Ehrenmal-Berlin-Eisenbahner-150x150.jpg\" class=\"attachment-thumbnail size-thumbnail\" alt=\"\" aria-describedby=\"gallery-1-33995\" \/><\/a>\n\t\t\t<\/dt>\n\t\t\t\t<dd class='wp-caption-text gallery-caption' id='gallery-1-33995'>\n\t\t\t\tEntwurf\n\t\t\t\t<\/dd><\/dl><dl class='gallery-item'>\n\t\t\t<dt class='gallery-icon landscape'>\n\t\t\t\t<a href='http:\/\/www.denkfried.de\/wp\/?attachment_id=26826'><img loading=\"lazy\" decoding=\"async\" width=\"150\" height=\"150\" src=\"http:\/\/www.denkfried.de\/wp\/wp-content\/uploads\/2012\/10\/Berlin-Denkmal-Eisenbahner-150x150.jpg\" class=\"attachment-thumbnail size-thumbnail\" alt=\"\" aria-describedby=\"gallery-1-26826\" \/><\/a>\n\t\t\t<\/dt>\n\t\t\t\t<dd class='wp-caption-text gallery-caption' id='gallery-1-26826'>\n\t\t\t\tDenkmal\n\t\t\t\t<\/dd><\/dl><dl class='gallery-item'>\n\t\t\t<dt class='gallery-icon landscape'>\n\t\t\t\t<a href='http:\/\/www.denkfried.de\/wp\/?attachment_id=34748'><img loading=\"lazy\" decoding=\"async\" width=\"150\" height=\"150\" src=\"http:\/\/www.denkfried.de\/wp\/wp-content\/uploads\/2012\/10\/Berlin-Hamburger-Bahnhof-Denkmal-Eisenbahner-2-150x150.jpg\" class=\"attachment-thumbnail size-thumbnail\" alt=\"\" aria-describedby=\"gallery-1-34748\" \/><\/a>\n\t\t\t<\/dt>\n\t\t\t\t<dd class='wp-caption-text gallery-caption' id='gallery-1-34748'>\n\t\t\t\tStandort\n\t\t\t\t<\/dd><\/dl><dl class='gallery-item'>\n\t\t\t<dt class='gallery-icon portrait'>\n\t\t\t\t<a href='http:\/\/www.denkfried.de\/wp\/?attachment_id=40725'><img loading=\"lazy\" decoding=\"async\" width=\"150\" height=\"150\" src=\"http:\/\/www.denkfried.de\/wp\/wp-content\/uploads\/2012\/10\/Ehrenmal-Feldeisenbahner-2-150x150.jpg\" class=\"attachment-thumbnail size-thumbnail\" alt=\"\" \/><\/a>\n\t\t\t<\/dt><\/dl><br style=\"clear: both\" \/>\n\t\t<\/div>\n\n<p>Ein Denkmal f\u00fcr <strong>die Kriegsteilnehmer und Gefallenen der Feldeisenbahner <\/strong>im ersten Weltkrieg, wurde 1928 auf dem Hof des Hamburger Bahnhofs in der Invalidenstra\u00dfe aufgestellt. Auf dem ersten Bild ist der Entwurf, diese wurde zum Teil umgesetzt. Auf einem Sockel befindet sich ein aus bronze gefertigter knieender Krieger. Der einstige Bahnhof der Berlin-Hamburger Bahn, wurde ab 1990 zu einem Museum ungebaut. Dabei wurde das von Emil Cauer (der J\u00fcngere) erschaffenen Denkmal abgebaut, seitdem befindet es sich im Au\u00dfenlager der Nationalgalerie. Das Denkmal findet nun einen neuen Platz. In dem Projekt\u00a0&#8222;Enth\u00fcllt. Berlin und seine Denkm\u00e4ler&#8220; w\u00fcrd das Denkmal ab November 2014 in der Zitadelle in Berlin-Spandau aufgestellt. Ein Bild (2014) vor dem Eingang des Museum, zeigt den ehemaligen Standort. In der Zitadelle in Spandau\u00a0hat das Denkmal nun in der Ausstellung sein Platz gefunden.<\/p>\n<p>Quelle: <a href=\"http:\/\/www.enthuellt-berlin.de\/\">&#8222;Enth\u00fcllt. Berlin und seine Denkm\u00e4ler&#8220;<\/a><\/p>\n<p>&nbsp;<\/p>\n","protected":false},"excerpt":{"rendered":"<p>&nbsp; Berlin-Mitte Denkmal Feldeisenbahner, Invalidenstra\u00dfe Bericht und Bilder von Thomas\u00a0Gefallenendenkm\u00e4ler Berlin\/Brandenburg Ein Denkmal f\u00fcr die Kriegsteilnehmer und Gefallenen der Feldeisenbahner im ersten Weltkrieg, wurde 1928 auf dem Hof des Hamburger Bahnhofs in der Invalidenstra\u00dfe aufgestellt. Auf dem ersten Bild ist &hellip; <a href=\"http:\/\/www.denkfried.de\/wp\/?page_id=26796\">Weiterlesen <span class=\"meta-nav\">&rarr;<\/span><\/a><\/p>\n","protected":false},"author":9,"featured_media":0,"parent":15729,"menu_order":0,"comment_status":"closed","ping_status":"open","template":"","meta":{"footnotes":""},"class_list":["post-26796","page","type-page","status-publish","hentry"],"_links":{"self":[{"href":"http:\/\/www.denkfried.de\/wp\/index.php?rest_route=\/wp\/v2\/pages\/26796","targetHints":{"allow":["GET"]}}],"collection":[{"href":"http:\/\/www.denkfried.de\/wp\/index.php?rest_route=\/wp\/v2\/pages"}],"about":[{"href":"http:\/\/www.denkfried.de\/wp\/index.php?rest_route=\/wp\/v2\/types\/page"}],"author":[{"embeddable":true,"href":"http:\/\/www.denkfried.de\/wp\/index.php?rest_route=\/wp\/v2\/users\/9"}],"replies":[{"embeddable":true,"href":"http:\/\/www.denkfried.de\/wp\/index.php?rest_route=%2Fwp%2Fv2%2Fcomments&post=26796"}],"version-history":[{"count":35,"href":"http:\/\/www.denkfried.de\/wp\/index.php?rest_route=\/wp\/v2\/pages\/26796\/revisions"}],"predecessor-version":[{"id":40726,"href":"http:\/\/www.denkfried.de\/wp\/index.php?rest_route=\/wp\/v2\/pages\/26796\/revisions\/40726"}],"up":[{"embeddable":true,"href":"http:\/\/www.denkfried.de\/wp\/index.php?rest_route=\/wp\/v2\/pages\/15729"}],"wp:attachment":[{"href":"http:\/\/www.denkfried.de\/wp\/index.php?rest_route=%2Fwp%2Fv2%2Fmedia&parent=26796"}],"curies":[{"name":"wp","href":"https:\/\/api.w.org\/{rel}","templated":true}]}}