{"id":26770,"date":"2012-10-26T19:37:59","date_gmt":"2012-10-26T17:37:59","guid":{"rendered":"http:\/\/www.denkfried.de\/wp\/?page_id=26770"},"modified":"2012-10-27T12:59:24","modified_gmt":"2012-10-27T10:59:24","slug":"und-bringen-ihre-gaben","status":"publish","type":"page","link":"http:\/\/www.denkfried.de\/wp\/?page_id=26770","title":{"rendered":"und bringen ihre Gaben"},"content":{"rendered":"<p>&nbsp;<\/p>\n<p><strong>und bringen ihre Gaben<\/strong> aus russischer Kriegsgefangenschaft<\/p>\n<p>Beitrag von Thomas <a href=\"http:\/\/potsdamer-ehrenmale.de.tl\/Hauptseite.htm\">Potsdamer-Ehrenmale.de<\/a><\/p>\n<address>Herausgegeben von:<\/address>\n<address>Helmut Gollwitzer, Josef Krahe und Karl Rauch 1956 im Kreuz Verlag Stuttgart.<\/address>\n<div id='gallery-1' class='gallery galleryid-26770 gallery-columns-4 gallery-size-thumbnail'><dl class='gallery-item'>\n\t\t\t<dt class='gallery-icon portrait'>\n\t\t\t\t<a href='http:\/\/www.denkfried.de\/wp\/?attachment_id=26787'><img loading=\"lazy\" decoding=\"async\" width=\"150\" height=\"150\" src=\"http:\/\/www.denkfried.de\/wp\/wp-content\/uploads\/2012\/10\/DSCF2039-150x150.jpg\" class=\"attachment-thumbnail size-thumbnail\" alt=\"\" \/><\/a>\n\t\t\t<\/dt><\/dl><dl class='gallery-item'>\n\t\t\t<dt class='gallery-icon portrait'>\n\t\t\t\t<a href='http:\/\/www.denkfried.de\/wp\/?attachment_id=26788'><img loading=\"lazy\" decoding=\"async\" width=\"150\" height=\"150\" src=\"http:\/\/www.denkfried.de\/wp\/wp-content\/uploads\/2012\/10\/DSCF2045-150x150.jpg\" class=\"attachment-thumbnail size-thumbnail\" alt=\"\" \/><\/a>\n\t\t\t<\/dt><\/dl><dl class='gallery-item'>\n\t\t\t<dt class='gallery-icon landscape'>\n\t\t\t\t<a href='http:\/\/www.denkfried.de\/wp\/?attachment_id=26790'><img loading=\"lazy\" decoding=\"async\" width=\"150\" height=\"150\" src=\"http:\/\/www.denkfried.de\/wp\/wp-content\/uploads\/2012\/10\/DSCF2048-150x150.jpg\" class=\"attachment-thumbnail size-thumbnail\" alt=\"\" \/><\/a>\n\t\t\t<\/dt><\/dl><dl class='gallery-item'>\n\t\t\t<dt class='gallery-icon landscape'>\n\t\t\t\t<a href='http:\/\/www.denkfried.de\/wp\/?attachment_id=26789'><img loading=\"lazy\" decoding=\"async\" width=\"150\" height=\"150\" src=\"http:\/\/www.denkfried.de\/wp\/wp-content\/uploads\/2012\/10\/DSCF2046-150x150.jpg\" class=\"attachment-thumbnail size-thumbnail\" alt=\"\" \/><\/a>\n\t\t\t<\/dt><\/dl><br style=\"clear: both\" \/>\n\t\t<\/div>\n\n<p>Was Millionen deutsche Soldaten sowie verschleppte M\u00e4nner und Frauen seiz 1942 bis 1955 in der sowjetrussischen Kriegsgefangenschaft an stellvertendem Leid f\u00fcr uns alle erlebt und ertragen haben, davon berichtet dieser Band, dessen dokumentarischer Wert sich nur mit der Bedeutung der &#8222;Kriegsbriefe gefallener Studenten&#8220; vergleichen l\u00e4\u00dft. Aus vielen Tausenden von Briefen, Tagebuchbl\u00e4ttern, Berichten, Gedichten und Zeichnungen haben die Herausgeber das G\u00fcltigste und Gestaltungskr\u00e4ftigste ausgew\u00e4hlt, und was sie zusammentrugen, ist weit mehr als eine F\u00fclle ma\u00dflosen Leidens und \u00e4u\u00dferster Not: es wurde zu einem Zeugnis der hohen Bew\u00e4hrung. Es sind Verse in den Steppen Asiens und Ein\u00f6den und Bergwerken Sibiriens entstanden &#8211; von Ungekannten gestaltet -, die in den ewigen Bestand der deutschen Lyrik eingehen werden. Es wurden Briefe geschrieben, die jedes Herz ersch\u00fcttern m\u00fcssen. Und eine Vielzahl von Geschichten und Erz\u00e4hlungen breitet sich aus, deren Verfasser &#8211; vom Akademiker bis zum Wald- und Fabrikarbeiter &#8211; v\u00f6llig ungeahnte epische Kr\u00e4fte aufzeigen. Der spannendste, erregendte und zugleich k\u00fcnstlerisch anspruchsvollste Roman wird \u00fcbertroffen durch das, was hier das Leben selber geschrieben hat. Text aus einem Beizettel zum Buch<\/p>\n<p>Im hinterem Teil des Buches, befindet sich ein Register. Hier sind <strong>109 Namen<\/strong> aufgef\u00fchrt, angeben sind die Geburtsdaten, Geburtsort und Berufe.<\/p>\n<p>&nbsp;<\/p>\n","protected":false},"excerpt":{"rendered":"<p>&nbsp; und bringen ihre Gaben aus russischer Kriegsgefangenschaft Beitrag von Thomas Potsdamer-Ehrenmale.de Herausgegeben von: Helmut Gollwitzer, Josef Krahe und Karl Rauch 1956 im Kreuz Verlag Stuttgart. Was Millionen deutsche Soldaten sowie verschleppte M\u00e4nner und Frauen seiz 1942 bis 1955 in &hellip; <a href=\"http:\/\/www.denkfried.de\/wp\/?page_id=26770\">Weiterlesen <span class=\"meta-nav\">&rarr;<\/span><\/a><\/p>\n","protected":false},"author":9,"featured_media":0,"parent":25786,"menu_order":0,"comment_status":"closed","ping_status":"open","template":"","meta":{"footnotes":""},"class_list":["post-26770","page","type-page","status-publish","hentry"],"_links":{"self":[{"href":"http:\/\/www.denkfried.de\/wp\/index.php?rest_route=\/wp\/v2\/pages\/26770","targetHints":{"allow":["GET"]}}],"collection":[{"href":"http:\/\/www.denkfried.de\/wp\/index.php?rest_route=\/wp\/v2\/pages"}],"about":[{"href":"http:\/\/www.denkfried.de\/wp\/index.php?rest_route=\/wp\/v2\/types\/page"}],"author":[{"embeddable":true,"href":"http:\/\/www.denkfried.de\/wp\/index.php?rest_route=\/wp\/v2\/users\/9"}],"replies":[{"embeddable":true,"href":"http:\/\/www.denkfried.de\/wp\/index.php?rest_route=%2Fwp%2Fv2%2Fcomments&post=26770"}],"version-history":[{"count":10,"href":"http:\/\/www.denkfried.de\/wp\/index.php?rest_route=\/wp\/v2\/pages\/26770\/revisions"}],"predecessor-version":[{"id":26772,"href":"http:\/\/www.denkfried.de\/wp\/index.php?rest_route=\/wp\/v2\/pages\/26770\/revisions\/26772"}],"up":[{"embeddable":true,"href":"http:\/\/www.denkfried.de\/wp\/index.php?rest_route=\/wp\/v2\/pages\/25786"}],"wp:attachment":[{"href":"http:\/\/www.denkfried.de\/wp\/index.php?rest_route=%2Fwp%2Fv2%2Fmedia&parent=26770"}],"curies":[{"name":"wp","href":"https:\/\/api.w.org\/{rel}","templated":true}]}}