{"id":2671,"date":"2011-04-12T13:06:37","date_gmt":"2011-04-12T11:06:37","guid":{"rendered":"http:\/\/www.denkfried.de\/wp\/?page_id=2671"},"modified":"2011-04-12T13:06:37","modified_gmt":"2011-04-12T11:06:37","slug":"breisach-a-rhein","status":"publish","type":"page","link":"http:\/\/www.denkfried.de\/wp\/?page_id=2671","title":{"rendered":"BREISACH a.RHEIN"},"content":{"rendered":"<p>&nbsp;<\/p>\n<p><strong>79206 Breisach a.Rhein<\/strong><\/p>\n<p>3 Kriegsgr\u00e4berst\u00e4tte mit 161 Toten<\/p>\n<p>1. Gr\u00e4berfeld auf dem Friedhof in Breisach\u00a0 1.WK\u00a0 53\u00a0 \u00a0 \u00a0 2.WK\u00a0 66\u00a0 \u00a0 \u00a0 \u00a0 20 Gr\u00e4ber ohne Namen<\/p>\n<p>*********************************************************<br \/>\n2. Friedhof Breisach &#8211; Oberrimsingen<br \/>\n(Glatting Karl;\u00a0 \u00a0Drabota o.Drakota Walter; ) 13 Namen<\/p>\n","protected":false},"excerpt":{"rendered":"<p>&nbsp; 79206 Breisach a.Rhein 3 Kriegsgr\u00e4berst\u00e4tte mit 161 Toten 1. Gr\u00e4berfeld auf dem Friedhof in Breisach\u00a0 1.WK\u00a0 53\u00a0 \u00a0 \u00a0 2.WK\u00a0 66\u00a0 \u00a0 \u00a0 \u00a0 20 Gr\u00e4ber ohne Namen ********************************************************* 2. Friedhof Breisach &#8211; Oberrimsingen (Glatting Karl;\u00a0 \u00a0Drabota o.Drakota Walter; &hellip; <a href=\"http:\/\/www.denkfried.de\/wp\/?page_id=2671\">Weiterlesen <span class=\"meta-nav\">&rarr;<\/span><\/a><\/p>\n","protected":false},"author":2,"featured_media":0,"parent":2656,"menu_order":0,"comment_status":"closed","ping_status":"open","template":"","meta":{"footnotes":""},"class_list":["post-2671","page","type-page","status-publish","hentry"],"_links":{"self":[{"href":"http:\/\/www.denkfried.de\/wp\/index.php?rest_route=\/wp\/v2\/pages\/2671","targetHints":{"allow":["GET"]}}],"collection":[{"href":"http:\/\/www.denkfried.de\/wp\/index.php?rest_route=\/wp\/v2\/pages"}],"about":[{"href":"http:\/\/www.denkfried.de\/wp\/index.php?rest_route=\/wp\/v2\/types\/page"}],"author":[{"embeddable":true,"href":"http:\/\/www.denkfried.de\/wp\/index.php?rest_route=\/wp\/v2\/users\/2"}],"replies":[{"embeddable":true,"href":"http:\/\/www.denkfried.de\/wp\/index.php?rest_route=%2Fwp%2Fv2%2Fcomments&post=2671"}],"version-history":[{"count":2,"href":"http:\/\/www.denkfried.de\/wp\/index.php?rest_route=\/wp\/v2\/pages\/2671\/revisions"}],"predecessor-version":[{"id":2673,"href":"http:\/\/www.denkfried.de\/wp\/index.php?rest_route=\/wp\/v2\/pages\/2671\/revisions\/2673"}],"up":[{"embeddable":true,"href":"http:\/\/www.denkfried.de\/wp\/index.php?rest_route=\/wp\/v2\/pages\/2656"}],"wp:attachment":[{"href":"http:\/\/www.denkfried.de\/wp\/index.php?rest_route=%2Fwp%2Fv2%2Fmedia&parent=2671"}],"curies":[{"name":"wp","href":"https:\/\/api.w.org\/{rel}","templated":true}]}}