{"id":26548,"date":"2012-10-13T15:43:55","date_gmt":"2012-10-13T13:43:55","guid":{"rendered":"http:\/\/www.denkfried.de\/wp\/?page_id=26548"},"modified":"2012-10-13T15:45:08","modified_gmt":"2012-10-13T13:45:08","slug":"adlershof-2","status":"publish","type":"page","link":"http:\/\/www.denkfried.de\/wp\/?page_id=26548","title":{"rendered":"Adlershof"},"content":{"rendered":"<p>&nbsp;<\/p>\n<p><strong>Berlin-Adlershof\u00a0<\/strong><\/p>\n<p>Die Besiedlung des Adlershofer Fleckens geht auf\u00a0B\u00fcdner\u00a0zur\u00fcck, Kleinstbauern mit eigenem Haus und angeschlossenen Feldern. Im 16.\u00a0Jahrhundert verst\u00e4rkte sich das Ph\u00e4nomen der B\u00fcdnerkolonien, deren Hausbesitzer nicht aus der Feldarbeit allein leben konnten, jedoch in anliegende D\u00f6rfern und St\u00e4dten als\u00a0Tagel\u00f6hner\u00a0weiteres Einkommen fanden. Der Verbindungsweg in der N\u00e4he der wachsenden Stadt\u00a0K\u00f6penick\u00a0und dem bis ins 12.\u00a0Jahrhundert nachweisbaren\u00a0Rudow\u00a0bot hierf\u00fcr einen guten Siedlungsgrund.<\/p>\n<ul>\n<li><a title=\"Adlershof\" href=\"http:\/\/www.denkfried.de\/wp\/?page_id=4610\">Adlershof &#8211; Friedhof<\/a><\/li>\n<li><a href=\"http:\/\/www.denkfried.de\/wp\/?page_id=19005\">Adlershof &#8211; Gedenktafeln<\/a><\/li>\n<\/ul>\n<p>&nbsp;<\/p>\n","protected":false},"excerpt":{"rendered":"<p>&nbsp; Berlin-Adlershof\u00a0 Die Besiedlung des Adlershofer Fleckens geht auf\u00a0B\u00fcdner\u00a0zur\u00fcck, Kleinstbauern mit eigenem Haus und angeschlossenen Feldern. Im 16.\u00a0Jahrhundert verst\u00e4rkte sich das Ph\u00e4nomen der B\u00fcdnerkolonien, deren Hausbesitzer nicht aus der Feldarbeit allein leben konnten, jedoch in anliegende D\u00f6rfern und St\u00e4dten als\u00a0Tagel\u00f6hner\u00a0weiteres &hellip; <a href=\"http:\/\/www.denkfried.de\/wp\/?page_id=26548\">Weiterlesen <span class=\"meta-nav\">&rarr;<\/span><\/a><\/p>\n","protected":false},"author":9,"featured_media":0,"parent":4574,"menu_order":0,"comment_status":"closed","ping_status":"open","template":"","meta":{"footnotes":""},"class_list":["post-26548","page","type-page","status-publish","hentry"],"_links":{"self":[{"href":"http:\/\/www.denkfried.de\/wp\/index.php?rest_route=\/wp\/v2\/pages\/26548","targetHints":{"allow":["GET"]}}],"collection":[{"href":"http:\/\/www.denkfried.de\/wp\/index.php?rest_route=\/wp\/v2\/pages"}],"about":[{"href":"http:\/\/www.denkfried.de\/wp\/index.php?rest_route=\/wp\/v2\/types\/page"}],"author":[{"embeddable":true,"href":"http:\/\/www.denkfried.de\/wp\/index.php?rest_route=\/wp\/v2\/users\/9"}],"replies":[{"embeddable":true,"href":"http:\/\/www.denkfried.de\/wp\/index.php?rest_route=%2Fwp%2Fv2%2Fcomments&post=26548"}],"version-history":[{"count":3,"href":"http:\/\/www.denkfried.de\/wp\/index.php?rest_route=\/wp\/v2\/pages\/26548\/revisions"}],"predecessor-version":[{"id":26551,"href":"http:\/\/www.denkfried.de\/wp\/index.php?rest_route=\/wp\/v2\/pages\/26548\/revisions\/26551"}],"up":[{"embeddable":true,"href":"http:\/\/www.denkfried.de\/wp\/index.php?rest_route=\/wp\/v2\/pages\/4574"}],"wp:attachment":[{"href":"http:\/\/www.denkfried.de\/wp\/index.php?rest_route=%2Fwp%2Fv2%2Fmedia&parent=26548"}],"curies":[{"name":"wp","href":"https:\/\/api.w.org\/{rel}","templated":true}]}}