{"id":26532,"date":"2012-10-13T15:26:03","date_gmt":"2012-10-13T13:26:03","guid":{"rendered":"http:\/\/www.denkfried.de\/wp\/?page_id=26532"},"modified":"2012-10-13T15:33:03","modified_gmt":"2012-10-13T13:33:03","slug":"oberschoneweide","status":"publish","type":"page","link":"http:\/\/www.denkfried.de\/wp\/?page_id=26532","title":{"rendered":"Obersch\u00f6neweide"},"content":{"rendered":"<p>&nbsp;<\/p>\n<p><strong>Berlin-Obersch\u00f6neweide<\/strong><\/p>\n<p>Obersch\u00f6neweide liegt im nordwestlichen Teil des Bezirks Treptow-K\u00f6penick am n\u00f6rdlichen Ufer der\u00a0Spree.\u00a0Der Name\u00a0<em>Sch\u00f6ne Weyde<\/em>\u00a0wird das erste Mal 1598 in einer Reisebeschreibung des\u00a0brandenburgischen\u00a0Kurf\u00fcrsten\u00a0Joachim\u00a0II.\u00a0erw\u00e4hnt. Sie beschreibt eine ausgedehnte Uferwiese links der Spree in Flussrichtung. Die Bezeichnung\u00a0<em>Sch\u00f6neweide<\/em>\u00a0wurde in sp\u00e4teren Jahren auf Karten f\u00fcr beide Seiten der Spree benutzt. In schriftlichen \u00dcberlieferungen ist aber weiter die Rede von \u201ebei der sch\u00f6nen Weide\u201c. Das Gebiet n\u00f6rdlich der Spree geh\u00f6rt zum\u00a0Kreis Niederbarnim.<\/p>\n<div>\n<ul>\n<li><a title=\"Obersch\u00f6neweide - Kirche\" href=\"http:\/\/www.denkfried.de\/wp\/?page_id=20300\">Obersch\u00f6neweide &#8211; Kirche<\/a><\/li>\n<li><a title=\"Waldfriedhof\" href=\"http:\/\/www.denkfried.de\/wp\/?page_id=20699\">Obersch\u00f6neweide &#8211; Waldfriedhof<\/a><\/li>\n<\/ul>\n<p><span style=\"font-size: medium;\"><span style=\"line-height: 24px;\"><br \/>\n<\/span><\/span><\/div>\n<p>&nbsp;<\/p>\n","protected":false},"excerpt":{"rendered":"<p>&nbsp; Berlin-Obersch\u00f6neweide Obersch\u00f6neweide liegt im nordwestlichen Teil des Bezirks Treptow-K\u00f6penick am n\u00f6rdlichen Ufer der\u00a0Spree.\u00a0Der Name\u00a0Sch\u00f6ne Weyde\u00a0wird das erste Mal 1598 in einer Reisebeschreibung des\u00a0brandenburgischen\u00a0Kurf\u00fcrsten\u00a0Joachim\u00a0II.\u00a0erw\u00e4hnt. Sie beschreibt eine ausgedehnte Uferwiese links der Spree in Flussrichtung. Die Bezeichnung\u00a0Sch\u00f6neweide\u00a0wurde in sp\u00e4teren Jahren auf &hellip; <a href=\"http:\/\/www.denkfried.de\/wp\/?page_id=26532\">Weiterlesen <span class=\"meta-nav\">&rarr;<\/span><\/a><\/p>\n","protected":false},"author":9,"featured_media":0,"parent":4574,"menu_order":0,"comment_status":"closed","ping_status":"open","template":"","meta":{"footnotes":""},"class_list":["post-26532","page","type-page","status-publish","hentry"],"_links":{"self":[{"href":"http:\/\/www.denkfried.de\/wp\/index.php?rest_route=\/wp\/v2\/pages\/26532","targetHints":{"allow":["GET"]}}],"collection":[{"href":"http:\/\/www.denkfried.de\/wp\/index.php?rest_route=\/wp\/v2\/pages"}],"about":[{"href":"http:\/\/www.denkfried.de\/wp\/index.php?rest_route=\/wp\/v2\/types\/page"}],"author":[{"embeddable":true,"href":"http:\/\/www.denkfried.de\/wp\/index.php?rest_route=\/wp\/v2\/users\/9"}],"replies":[{"embeddable":true,"href":"http:\/\/www.denkfried.de\/wp\/index.php?rest_route=%2Fwp%2Fv2%2Fcomments&post=26532"}],"version-history":[{"count":4,"href":"http:\/\/www.denkfried.de\/wp\/index.php?rest_route=\/wp\/v2\/pages\/26532\/revisions"}],"predecessor-version":[{"id":26538,"href":"http:\/\/www.denkfried.de\/wp\/index.php?rest_route=\/wp\/v2\/pages\/26532\/revisions\/26538"}],"up":[{"embeddable":true,"href":"http:\/\/www.denkfried.de\/wp\/index.php?rest_route=\/wp\/v2\/pages\/4574"}],"wp:attachment":[{"href":"http:\/\/www.denkfried.de\/wp\/index.php?rest_route=%2Fwp%2Fv2%2Fmedia&parent=26532"}],"curies":[{"name":"wp","href":"https:\/\/api.w.org\/{rel}","templated":true}]}}