{"id":26504,"date":"2012-10-13T12:51:21","date_gmt":"2012-10-13T10:51:21","guid":{"rendered":"http:\/\/www.denkfried.de\/wp\/?page_id=26504"},"modified":"2015-07-31T09:41:03","modified_gmt":"2015-07-31T07:41:03","slug":"wilmersdorf-denkmaler","status":"publish","type":"page","link":"http:\/\/www.denkfried.de\/wp\/?page_id=26504","title":{"rendered":"&#8211; Denkm\u00e4ler"},"content":{"rendered":"<p>&nbsp;<\/p>\n<p><strong>Berlin &#8211; Wilmersdorf\u00a0<\/strong><strong>Denkm\u00e4ler<\/strong><\/p>\n<p>Bericht und Bilder von Thomas\u00a0<a href=\"http:\/\/g-bb.jimdo.com\/\">Gefallenendenkm\u00e4ler Berlin\/Brandenburg<\/a><\/p>\n<div id='gallery-1' class='gallery galleryid-26504 gallery-columns-4 gallery-size-thumbnail'><dl class='gallery-item'>\n\t\t\t<dt class='gallery-icon landscape'>\n\t\t\t\t<a href='http:\/\/www.denkfried.de\/wp\/?attachment_id=26665'><img loading=\"lazy\" decoding=\"async\" width=\"150\" height=\"150\" src=\"http:\/\/www.denkfried.de\/wp\/wp-content\/uploads\/2012\/10\/Denkmal-Berlin-Universit\u00e4t-150x150.jpg\" class=\"attachment-thumbnail size-thumbnail\" alt=\"\" aria-describedby=\"gallery-1-26665\" \/><\/a>\n\t\t\t<\/dt>\n\t\t\t\t<dd class='wp-caption-text gallery-caption' id='gallery-1-26665'>\n\t\t\t\tUniversit\u00e4t der K\u00fcnste\n\t\t\t\t<\/dd><\/dl><dl class='gallery-item'>\n\t\t\t<dt class='gallery-icon landscape'>\n\t\t\t\t<a href='http:\/\/www.denkfried.de\/wp\/?attachment_id=26666'><img loading=\"lazy\" decoding=\"async\" width=\"150\" height=\"150\" src=\"http:\/\/www.denkfried.de\/wp\/wp-content\/uploads\/2012\/10\/Denkmal-Berlin-Universit\u00e4t-2-150x150.jpg\" class=\"attachment-thumbnail size-thumbnail\" alt=\"\" aria-describedby=\"gallery-1-26666\" \/><\/a>\n\t\t\t<\/dt>\n\t\t\t\t<dd class='wp-caption-text gallery-caption' id='gallery-1-26666'>\n\t\t\t\tUniversit\u00e4t der K\u00fcnste\n\t\t\t\t<\/dd><\/dl><dl class='gallery-item'>\n\t\t\t<dt class='gallery-icon landscape'>\n\t\t\t\t<a href='http:\/\/www.denkfried.de\/wp\/?attachment_id=26667'><img loading=\"lazy\" decoding=\"async\" width=\"150\" height=\"150\" src=\"http:\/\/www.denkfried.de\/wp\/wp-content\/uploads\/2012\/10\/Denkmal-Berlin-Universit\u00e4t-3-150x150.jpg\" class=\"attachment-thumbnail size-thumbnail\" alt=\"\" aria-describedby=\"gallery-1-26667\" \/><\/a>\n\t\t\t<\/dt>\n\t\t\t\t<dd class='wp-caption-text gallery-caption' id='gallery-1-26667'>\n\t\t\t\tUniversit\u00e4t der K\u00fcnste\n\t\t\t\t<\/dd><\/dl><dl class='gallery-item'>\n\t\t\t<dt class='gallery-icon landscape'>\n\t\t\t\t<a href='http:\/\/www.denkfried.de\/wp\/?attachment_id=26668'><img loading=\"lazy\" decoding=\"async\" width=\"150\" height=\"150\" src=\"http:\/\/www.denkfried.de\/wp\/wp-content\/uploads\/2012\/10\/Denkmal-Berlin-Universit\u00e4t-4-150x150.jpg\" class=\"attachment-thumbnail size-thumbnail\" alt=\"\" aria-describedby=\"gallery-1-26668\" \/><\/a>\n\t\t\t<\/dt>\n\t\t\t\t<dd class='wp-caption-text gallery-caption' id='gallery-1-26668'>\n\t\t\t\tUniversit\u00e4t der K\u00fcnste\n\t\t\t\t<\/dd><\/dl><br style=\"clear: both\" \/><dl class='gallery-item'>\n\t\t\t<dt class='gallery-icon landscape'>\n\t\t\t\t<a href='http:\/\/www.denkfried.de\/wp\/?attachment_id=26662'><img loading=\"lazy\" decoding=\"async\" width=\"150\" height=\"150\" src=\"http:\/\/www.denkfried.de\/wp\/wp-content\/uploads\/2012\/10\/Wilmersdorf-Denkmal-bezirksamt-3-150x150.jpg\" class=\"attachment-thumbnail size-thumbnail\" alt=\"\" aria-describedby=\"gallery-1-26662\" \/><\/a>\n\t\t\t<\/dt>\n\t\t\t\t<dd class='wp-caption-text gallery-caption' id='gallery-1-26662'>\n\t\t\t\tBezirksamt\n\t\t\t\t<\/dd><\/dl><dl class='gallery-item'>\n\t\t\t<dt class='gallery-icon landscape'>\n\t\t\t\t<a href='http:\/\/www.denkfried.de\/wp\/?attachment_id=26663'><img loading=\"lazy\" decoding=\"async\" width=\"150\" height=\"150\" src=\"http:\/\/www.denkfried.de\/wp\/wp-content\/uploads\/2012\/10\/Wilmersdorf-Denkmal-bezirksamt-4-150x150.jpg\" class=\"attachment-thumbnail size-thumbnail\" alt=\"\" aria-describedby=\"gallery-1-26663\" \/><\/a>\n\t\t\t<\/dt>\n\t\t\t\t<dd class='wp-caption-text gallery-caption' id='gallery-1-26663'>\n\t\t\t\tBezirksamt\n\t\t\t\t<\/dd><\/dl><dl class='gallery-item'>\n\t\t\t<dt class='gallery-icon portrait'>\n\t\t\t\t<a href='http:\/\/www.denkfried.de\/wp\/?attachment_id=26661'><img loading=\"lazy\" decoding=\"async\" width=\"150\" height=\"150\" src=\"http:\/\/www.denkfried.de\/wp\/wp-content\/uploads\/2012\/10\/Wilmersdorf-Denkmal-bezirksamt-2-150x150.jpg\" class=\"attachment-thumbnail size-thumbnail\" alt=\"\" aria-describedby=\"gallery-1-26661\" \/><\/a>\n\t\t\t<\/dt>\n\t\t\t\t<dd class='wp-caption-text gallery-caption' id='gallery-1-26661'>\n\t\t\t\tBezirksamt\n\t\t\t\t<\/dd><\/dl><dl class='gallery-item'>\n\t\t\t<dt class='gallery-icon portrait'>\n\t\t\t\t<a href='http:\/\/www.denkfried.de\/wp\/?attachment_id=26660'><img loading=\"lazy\" decoding=\"async\" width=\"150\" height=\"150\" src=\"http:\/\/www.denkfried.de\/wp\/wp-content\/uploads\/2012\/10\/Wilmersdorf-Denkmal-bezirksamt-150x150.jpg\" class=\"attachment-thumbnail size-thumbnail\" alt=\"\" aria-describedby=\"gallery-1-26660\" \/><\/a>\n\t\t\t<\/dt>\n\t\t\t\t<dd class='wp-caption-text gallery-caption' id='gallery-1-26660'>\n\t\t\t\tBezirksamt\n\t\t\t\t<\/dd><\/dl><br style=\"clear: both\" \/>\n\t\t<\/div>\n\n<p>Ein Denkmal befindet sich vor der Universit\u00e4t der K\u00fcnste in der Bundesallee 12. Vor dem Haupteingang, eine Gedenkstele f\u00fcr die Toten des Ersten Weltkrieges. Das Denkmal ist 4 meter hoch, es ist den Gefallenen des 22. Reservecorps gewidmet. Geschaffen wurde es 1924 vom Bildhauer Eberhard Encke. An den vier Seiten sind L\u00e4nder angegeben und Inschriften:<\/p>\n<address style=\"text-align: center;\"><em><strong>Den treuen Toten des XXII. Reserve Korps 1914-1918<\/strong><\/em><\/address>\n<address style=\"text-align: center;\"><em><strong>43. Reservedivision und 44. Reservedivision<\/strong><\/em><\/address>\n<address style=\"text-align: center;\"><em><strong>Belgien, Frankreich, Ru\u00dfland, Galizien, Serbien<\/strong><\/em><\/address>\n<address style=\"text-align: center;\"><em><strong>Saat von Gott ges\u00e4t, dem Tage der Garben zu reifen.<\/strong><\/em><\/address>\n<address style=\"text-align: center;\">\u00a0<\/address>\n<address style=\"text-align: center;\">\u00a0<\/address>\n<p>Denkmalanlage im Bezirksamt Charlottenburg-Wilmersdorf am Fehrbelliner Platz 4. Am Hauptplatz vor den Eing\u00e4ngen sind im Halbkreis 3 Gedenksteine aufgestellt.<\/p>\n<p style=\"text-align: center;\"><em><strong>Den Opfern der Weltkriege 1914-1918 1939-1945<\/strong><\/em><\/p>\n<p style=\"text-align: center;\"><em><strong>Den Opfern Nationalsozialischer Willk\u00fcr<\/strong><\/em><\/p>\n<p style=\"text-align: center;\"><em><strong>Den Opfern Kommunistischer Willk\u00fcr<\/strong><\/em><\/p>\n<p>An den W\u00e4nden sind noch die Wappen der alten Ostgebiete angebracht.<\/p>\n<p>Die 27 Wappen &#8222;ehemals ostdeutsche L\u00e4nder und St\u00e4dte&#8220; wurden von Prof. Ludwig Peter Kowalski f\u00fcr die alte Hohenzollernbr\u00fccke angefertigt. Da die Br\u00fccke der Stadtautobahn\u00a0 weichen mu\u00dfte, wurden die Wappen am 23. Juni 1957 im Rundhof des Rathauses Wilmersdorf eingeweiht, wo sie an die L\u00e4nder und St\u00e4dte erinnern sollten, die &#8222;noch unter fremder Verwaltung&#8220; standen, wie es in einem BVV-Beschlu\u00df damals hie\u00df. Einbezogen wurden sogar die Wappen der Freien Stadt Danzig und des besonderen Verwaltungsbezirks Memel, die schon 1919 nach dem Ersten Weltkrieg nicht mehr zum Deutschen Reich geh\u00f6rten.<\/p>\n<p>Die wiedergegr\u00fcndeten L\u00e4nder Sachsen-Anhalt, Brandenburg, Mecklenburg-Vorpommern, Sachsen und\u00a0 Th\u00fcringen sowie die Stadt Frankfurt an der Oder geh\u00f6ren seit dem 3. Oktober 1990 zur Bundesrepublik Deutschland.<\/p>\n<p>Die anderen fr\u00fcheren L\u00e4nder, Provinzen und St\u00e4dte liegen heute in Polen, Litauen und der Republik Ru\u00dfland. Die L\u00e4nder der Provinzen existieren nicht mehr als Gebietsk\u00f6rperschaften.<\/p>\n<p><strong>Grenzmark<\/strong> (Posen-Westpreu\u00dfen)<br \/>\n<strong>Niederschlesien<\/strong><br \/>\n<strong>Oberschlesien<\/strong><br \/>\n<strong>Ostpreu\u00dfen<\/strong><br \/>\n<strong>Pommern<\/strong><br \/>\n<strong>Breslau<\/strong> polnisch Wroclaw<br \/>\n<strong>Danzig<\/strong> polnisch Gdansk<br \/>\n<strong>Elbing<\/strong>\u00a0 polnisch Elblag<br \/>\n<strong>Gleiwitz<\/strong> polnisch Gliwice<br \/>\n<strong>K\u00f6slin<\/strong> polnisch Koszalin<br \/>\n<strong>Neisse<\/strong> polnisch Nysa<br \/>\n<strong>Kolberg<\/strong> polnisch Kolobrzeg<br \/>\n<strong>K\u00fcstrin<\/strong> polnisch Kostrzyn<br \/>\n<strong>Liegnitz<\/strong> polnisch Legnica<br \/>\n<strong>Marienberg<\/strong> polnisch Malbork<br \/>\n<strong>Oppeln<\/strong> polnisch Opole<br \/>\n<strong>Stettin<\/strong> polnisch Szczecin<br \/>\n<strong>K\u00f6nigsberg<\/strong> russisch Kaliningard<br \/>\n<strong>Tilsit<\/strong> russisch Sowjetsk<br \/>\n<strong>Memel<\/strong> litauisch Klaipeda<\/p>\n<p>Mit diesen Wappen werden keine Anspr\u00fcche verbunden. Sie erinnern an einen Teil der deutschen und europ\u00e4ischen Geschichte.<\/p>\n<p>Die Bezirksverordnetenversammlung Berlin-Wilmersdorf 1992<\/p>\n<p>&nbsp;<\/p>\n","protected":false},"excerpt":{"rendered":"<p>&nbsp; Berlin &#8211; Wilmersdorf\u00a0Denkm\u00e4ler Bericht und Bilder von Thomas\u00a0Gefallenendenkm\u00e4ler Berlin\/Brandenburg Ein Denkmal befindet sich vor der Universit\u00e4t der K\u00fcnste in der Bundesallee 12. Vor dem Haupteingang, eine Gedenkstele f\u00fcr die Toten des Ersten Weltkrieges. Das Denkmal ist 4 meter hoch, &hellip; <a href=\"http:\/\/www.denkfried.de\/wp\/?page_id=26504\">Weiterlesen <span class=\"meta-nav\">&rarr;<\/span><\/a><\/p>\n","protected":false},"author":9,"featured_media":0,"parent":15516,"menu_order":0,"comment_status":"closed","ping_status":"open","template":"","meta":{"footnotes":""},"class_list":["post-26504","page","type-page","status-publish","hentry"],"_links":{"self":[{"href":"http:\/\/www.denkfried.de\/wp\/index.php?rest_route=\/wp\/v2\/pages\/26504","targetHints":{"allow":["GET"]}}],"collection":[{"href":"http:\/\/www.denkfried.de\/wp\/index.php?rest_route=\/wp\/v2\/pages"}],"about":[{"href":"http:\/\/www.denkfried.de\/wp\/index.php?rest_route=\/wp\/v2\/types\/page"}],"author":[{"embeddable":true,"href":"http:\/\/www.denkfried.de\/wp\/index.php?rest_route=\/wp\/v2\/users\/9"}],"replies":[{"embeddable":true,"href":"http:\/\/www.denkfried.de\/wp\/index.php?rest_route=%2Fwp%2Fv2%2Fcomments&post=26504"}],"version-history":[{"count":20,"href":"http:\/\/www.denkfried.de\/wp\/index.php?rest_route=\/wp\/v2\/pages\/26504\/revisions"}],"predecessor-version":[{"id":38860,"href":"http:\/\/www.denkfried.de\/wp\/index.php?rest_route=\/wp\/v2\/pages\/26504\/revisions\/38860"}],"up":[{"embeddable":true,"href":"http:\/\/www.denkfried.de\/wp\/index.php?rest_route=\/wp\/v2\/pages\/15516"}],"wp:attachment":[{"href":"http:\/\/www.denkfried.de\/wp\/index.php?rest_route=%2Fwp%2Fv2%2Fmedia&parent=26504"}],"curies":[{"name":"wp","href":"https:\/\/api.w.org\/{rel}","templated":true}]}}