{"id":26487,"date":"2012-10-13T11:33:55","date_gmt":"2012-10-13T09:33:55","guid":{"rendered":"http:\/\/www.denkfried.de\/wp\/?page_id=26487"},"modified":"2015-07-25T10:45:51","modified_gmt":"2015-07-25T08:45:51","slug":"kaiser-wilhelm-gedachtniskirche","status":"publish","type":"page","link":"http:\/\/www.denkfried.de\/wp\/?page_id=26487","title":{"rendered":"Kaiser-Wilhelm-Ged\u00e4chtniskirche"},"content":{"rendered":"<p>&nbsp;<\/p>\n<p><span style=\"text-decoration: underline;\">10789 Berlin &#8211; <\/span><strong><span style=\"text-decoration: underline;\">Charlottenburg<\/span> <\/strong><\/p>\n<p><strong>Kaiser-Wilhelm-Ged\u00e4chtniskirche, <\/strong>Am Breitscheidplatz<\/p>\n<p>Bericht und Bilder von Thomas\u00a0<a href=\"http:\/\/g-bb.jimdo.com\/\">Gefallenendenkm\u00e4ler Berlin\/Brandenburg<\/a><\/p>\n<div id='gallery-1' class='gallery galleryid-26487 gallery-columns-4 gallery-size-thumbnail'><dl class='gallery-item'>\n\t\t\t<dt class='gallery-icon landscape'>\n\t\t\t\t<a href='http:\/\/www.denkfried.de\/wp\/?attachment_id=34982'><img loading=\"lazy\" decoding=\"async\" width=\"150\" height=\"150\" src=\"http:\/\/www.denkfried.de\/wp\/wp-content\/uploads\/2012\/10\/Kaiser-Wilhelm-Ged\u00e4chtniskirche-Berlin-150x150.jpg\" class=\"attachment-thumbnail size-thumbnail\" alt=\"\" \/><\/a>\n\t\t\t<\/dt><\/dl><dl class='gallery-item'>\n\t\t\t<dt class='gallery-icon landscape'>\n\t\t\t\t<a href='http:\/\/www.denkfried.de\/wp\/?attachment_id=26682'><img loading=\"lazy\" decoding=\"async\" width=\"150\" height=\"150\" src=\"http:\/\/www.denkfried.de\/wp\/wp-content\/uploads\/2012\/10\/DSCF2044-150x150.jpg\" class=\"attachment-thumbnail size-thumbnail\" alt=\"\" \/><\/a>\n\t\t\t<\/dt><\/dl><dl class='gallery-item'>\n\t\t\t<dt class='gallery-icon portrait'>\n\t\t\t\t<a href='http:\/\/www.denkfried.de\/wp\/?attachment_id=35936'><img loading=\"lazy\" decoding=\"async\" width=\"150\" height=\"150\" src=\"http:\/\/www.denkfried.de\/wp\/wp-content\/uploads\/2012\/10\/Kaiser-Wilhelm-Ged\u00e4chtniskirche-Nagelkreuz-150x150.jpg\" class=\"attachment-thumbnail size-thumbnail\" alt=\"\" \/><\/a>\n\t\t\t<\/dt><\/dl><dl class='gallery-item'>\n\t\t\t<dt class='gallery-icon landscape'>\n\t\t\t\t<a href='http:\/\/www.denkfried.de\/wp\/?attachment_id=35935'><img loading=\"lazy\" decoding=\"async\" width=\"150\" height=\"150\" src=\"http:\/\/www.denkfried.de\/wp\/wp-content\/uploads\/2012\/10\/Wilhelm-Ged\u00e4chtniskirche-Coventrykreuz-150x150.jpg\" class=\"attachment-thumbnail size-thumbnail\" alt=\"\" \/><\/a>\n\t\t\t<\/dt><\/dl><br style=\"clear: both\" \/><dl class='gallery-item'>\n\t\t\t<dt class='gallery-icon landscape'>\n\t\t\t\t<a href='http:\/\/www.denkfried.de\/wp\/?attachment_id=26683'><img loading=\"lazy\" decoding=\"async\" width=\"150\" height=\"150\" src=\"http:\/\/www.denkfried.de\/wp\/wp-content\/uploads\/2012\/10\/DSCF2047-150x150.jpg\" class=\"attachment-thumbnail size-thumbnail\" alt=\"\" \/><\/a>\n\t\t\t<\/dt><\/dl><dl class='gallery-item'>\n\t\t\t<dt class='gallery-icon landscape'>\n\t\t\t\t<a href='http:\/\/www.denkfried.de\/wp\/?attachment_id=26684'><img loading=\"lazy\" decoding=\"async\" width=\"150\" height=\"150\" src=\"http:\/\/www.denkfried.de\/wp\/wp-content\/uploads\/2012\/10\/DSCF2054-150x150.jpg\" class=\"attachment-thumbnail size-thumbnail\" alt=\"\" \/><\/a>\n\t\t\t<\/dt><\/dl><dl class='gallery-item'>\n\t\t\t<dt class='gallery-icon landscape'>\n\t\t\t\t<a href='http:\/\/www.denkfried.de\/wp\/?attachment_id=35934'><img loading=\"lazy\" decoding=\"async\" width=\"150\" height=\"150\" src=\"http:\/\/www.denkfried.de\/wp\/wp-content\/uploads\/2012\/10\/Kaiser-Wilhelm-Ged\u00e4chtniskirche-Mahnmal-150x150.jpg\" class=\"attachment-thumbnail size-thumbnail\" alt=\"\" \/><\/a>\n\t\t\t<\/dt><\/dl><dl class='gallery-item'>\n\t\t\t<dt class='gallery-icon portrait'>\n\t\t\t\t<a href='http:\/\/www.denkfried.de\/wp\/?attachment_id=26681'><img loading=\"lazy\" decoding=\"async\" width=\"150\" height=\"150\" src=\"http:\/\/www.denkfried.de\/wp\/wp-content\/uploads\/2012\/10\/Berlin-Madona-von-Stalingrad-150x150.jpg\" class=\"attachment-thumbnail size-thumbnail\" alt=\"\" \/><\/a>\n\t\t\t<\/dt><\/dl><br style=\"clear: both\" \/>\n\t\t<\/div>\n\n<p>Die Kirche ist im Jahr 1895 als Denkmal f\u00fcr Kaiser Wilhelm I errichtet worden. Im Zweiten Weltkrieg, im November 1943 wurde die Kirche durch Bomben stark besch\u00e4digt. Die Kirche galt sp\u00e4ter als Mahnmal, noch immer ist die &#8222;besch\u00e4digte&#8220; Kirche als Ruine zu erkennen. Die Kirche ist innen restauriert, von au\u00dfen soll die Zerst\u00f6rung als Erinnerung wach gehalten werden. Auf einem Bild ist zu erkennen, das neben der Kanzel eine Gefallenentafel angebracht war.<\/p>\n<p><strong>Gedenkhalle<\/strong> der alten Kirchenruine, eine Tafel mit der Erl\u00e4uterung am Eingang. In der Eingangshalle, an der Decke ist noch eine gro\u00dfes Mosaikbild zu sehen.\u00a0Lediglich\u00a0im November 1943 durch Risse besch\u00e4digt, ist noch die Weihung des Kaisers zu sehen. An der Nordseite sind Bilder aus dem Jahre 1943 von der zerst\u00f6rten Kirche zu sehen.<\/p>\n<p>Inschrift der Tafel:<\/p>\n<address style=\"text-align: center;\"><em><strong>Gedenkhalle<\/strong><\/em><\/address>\n<address style=\"text-align: center;\"><em><strong>Die ehemalige Eingangshalle der alten\u00a0<\/strong><\/em><\/address>\n<address style=\"text-align: center;\"><em><strong>Kaiser-Wilhelm-Ged\u00e4chtnis-Kirche wurde<\/strong><\/em><\/address>\n<address style=\"text-align: center;\"><em><strong>1987 als Gedenkhalle wiederer\u00f6ffnet.<\/strong><\/em><\/address>\n<address style=\"text-align: center;\">\u00a0<\/address>\n<address style=\"text-align: center;\"><em><strong>Sie ist ein Ort der Mahnung gegen Krieg und Zerst\u00f6rung<\/strong><\/em><\/address>\n<address style=\"text-align: center;\"><em><strong>und ein Ruf zur Vers\u00f6hnung in Jesus Christus<\/strong><\/em><\/address>\n<address style=\"text-align: center;\">\u00a0<\/address>\n<p><strong>Die Madonna von Stalingrad<\/strong><\/p>\n<p>In dem Kirchenhaus befindet sich das als &#8222;Stalingrad Madonna&#8220; bekannt gewordene Bild von Dr. Kurt Reuber. Es gibt mehrer Nachbildung und Kopien in anderen Kirchen. Die dem Original aus Berlin sehr \u00e4hneln. Das Bild entstand in den Weihnachtstagen 1942 in einem Unterstand im Kessel bei Stalingrad. Auf der R\u00fcckseite einer russischen Landkarte, mit einer Gr\u00f6\u00dfe von 105 x 80 Zentimeter. Zu erkennen ist eine sitzende Frauengestalt, die ihren Mantel um ihr Kind als Schutz h\u00e4lt.<\/p>\n<p>Folgende Worte sind um das Bild herum:<\/p>\n<p><strong>Weihnachten 1942 im Kessel &#8211; Festung Stalingrad. Licht &#8211; Leben &#8211; Liebe.<\/strong><\/p>\n<p>Das Bild welches er mit Holzkohle zeichnete, wurde im n\u00e4chsten Jahr ein weiteres mal gezeichnet. Diesmal wird das Bild Gefangenen-Madonna genannt. Er malte das Bild im Kriegsgefangenenlager bei\u00a0Jelabuga f\u00fcr eine Gefangenenzeitung. Der\u00a0evangelische\u00a0Pastor war als Oberarzt im Lazarett t\u00e4tig, sp\u00e4ter jedoch in Kriegsgefangenschaft wo er an einer Krankheit am 20 Januar 1944 gestorben ist.<\/p>\n<p>Neben dem Bild ist eine Jesusfigur am Kreuz, und folgende Inschrift:<\/p>\n<address style=\"text-align: center;\"><em><strong>Unser Glaube ist der Sieg, der die Welt \u00fcberwunden hat.<\/strong><\/em><\/address>\n<address style=\"text-align: center;\"><em><strong>\u00a0Den evangelischen M\u00e4rtyrern<\/strong><\/em><\/address>\n<address style=\"text-align: center;\"><em><strong>Der Jahre 1933 &#8211; 1945<\/strong><\/em><\/address>\n<p>&nbsp;<\/p>\n","protected":false},"excerpt":{"rendered":"<p>&nbsp; 10789 Berlin &#8211; Charlottenburg Kaiser-Wilhelm-Ged\u00e4chtniskirche, Am Breitscheidplatz Bericht und Bilder von Thomas\u00a0Gefallenendenkm\u00e4ler Berlin\/Brandenburg Die Kirche ist im Jahr 1895 als Denkmal f\u00fcr Kaiser Wilhelm I errichtet worden. Im Zweiten Weltkrieg, im November 1943 wurde die Kirche durch Bomben stark &hellip; <a href=\"http:\/\/www.denkfried.de\/wp\/?page_id=26487\">Weiterlesen <span class=\"meta-nav\">&rarr;<\/span><\/a><\/p>\n","protected":false},"author":9,"featured_media":0,"parent":16107,"menu_order":0,"comment_status":"closed","ping_status":"open","template":"","meta":{"footnotes":""},"class_list":["post-26487","page","type-page","status-publish","hentry"],"_links":{"self":[{"href":"http:\/\/www.denkfried.de\/wp\/index.php?rest_route=\/wp\/v2\/pages\/26487","targetHints":{"allow":["GET"]}}],"collection":[{"href":"http:\/\/www.denkfried.de\/wp\/index.php?rest_route=\/wp\/v2\/pages"}],"about":[{"href":"http:\/\/www.denkfried.de\/wp\/index.php?rest_route=\/wp\/v2\/types\/page"}],"author":[{"embeddable":true,"href":"http:\/\/www.denkfried.de\/wp\/index.php?rest_route=\/wp\/v2\/users\/9"}],"replies":[{"embeddable":true,"href":"http:\/\/www.denkfried.de\/wp\/index.php?rest_route=%2Fwp%2Fv2%2Fcomments&post=26487"}],"version-history":[{"count":29,"href":"http:\/\/www.denkfried.de\/wp\/index.php?rest_route=\/wp\/v2\/pages\/26487\/revisions"}],"predecessor-version":[{"id":38820,"href":"http:\/\/www.denkfried.de\/wp\/index.php?rest_route=\/wp\/v2\/pages\/26487\/revisions\/38820"}],"up":[{"embeddable":true,"href":"http:\/\/www.denkfried.de\/wp\/index.php?rest_route=\/wp\/v2\/pages\/16107"}],"wp:attachment":[{"href":"http:\/\/www.denkfried.de\/wp\/index.php?rest_route=%2Fwp%2Fv2%2Fmedia&parent=26487"}],"curies":[{"name":"wp","href":"https:\/\/api.w.org\/{rel}","templated":true}]}}