{"id":25881,"date":"2012-09-29T20:16:00","date_gmt":"2012-09-29T18:16:00","guid":{"rendered":"http:\/\/www.denkfried.de\/wp\/?page_id=25881"},"modified":"2015-11-28T19:21:13","modified_gmt":"2015-11-28T18:21:13","slug":"himmelfahrt-und-friedenskirchhof","status":"publish","type":"page","link":"http:\/\/www.denkfried.de\/wp\/?page_id=25881","title":{"rendered":"Himmelfahrt- und Friedenskirchhof"},"content":{"rendered":"<p>&nbsp;<\/p>\n<p><strong>Berlin-Nordend<\/strong> Himmelfahrt- und Friedenskirchhof,\u00a0Dietzgenstra\u00dfe 130<\/p>\n<p>Bericht und Bilder von Thomas\u00a0<a href=\"http:\/\/g-bb.jimdo.com\/\">Gefallenendenkm\u00e4ler Berlin\/Brandenburg<\/a><\/p>\n<div id='gallery-1' class='gallery galleryid-25881 gallery-columns-4 gallery-size-thumbnail'><dl class='gallery-item'>\n\t\t\t<dt class='gallery-icon landscape'>\n\t\t\t\t<a href='http:\/\/www.denkfried.de\/wp\/?attachment_id=25891'><img loading=\"lazy\" decoding=\"async\" width=\"150\" height=\"150\" src=\"http:\/\/www.denkfried.de\/wp\/wp-content\/uploads\/2012\/09\/Ehrenfriedhof-Nordend-Berlin-2-150x150.jpg\" class=\"attachment-thumbnail size-thumbnail\" alt=\"\" \/><\/a>\n\t\t\t<\/dt><\/dl><dl class='gallery-item'>\n\t\t\t<dt class='gallery-icon landscape'>\n\t\t\t\t<a href='http:\/\/www.denkfried.de\/wp\/?attachment_id=25890'><img loading=\"lazy\" decoding=\"async\" width=\"150\" height=\"150\" src=\"http:\/\/www.denkfried.de\/wp\/wp-content\/uploads\/2012\/09\/Ehrenfriedhof-Nordend-Berlin-150x150.jpg\" class=\"attachment-thumbnail size-thumbnail\" alt=\"\" \/><\/a>\n\t\t\t<\/dt><\/dl><dl class='gallery-item'>\n\t\t\t<dt class='gallery-icon landscape'>\n\t\t\t\t<a href='http:\/\/www.denkfried.de\/wp\/?attachment_id=25889'><img loading=\"lazy\" decoding=\"async\" width=\"150\" height=\"150\" src=\"http:\/\/www.denkfried.de\/wp\/wp-content\/uploads\/2012\/09\/DSCF2216-150x150.jpg\" class=\"attachment-thumbnail size-thumbnail\" alt=\"\" \/><\/a>\n\t\t\t<\/dt><\/dl><dl class='gallery-item'>\n\t\t\t<dt class='gallery-icon landscape'>\n\t\t\t\t<a href='http:\/\/www.denkfried.de\/wp\/?attachment_id=25888'><img loading=\"lazy\" decoding=\"async\" width=\"150\" height=\"150\" src=\"http:\/\/www.denkfried.de\/wp\/wp-content\/uploads\/2012\/09\/DSCF2205-150x150.jpg\" class=\"attachment-thumbnail size-thumbnail\" alt=\"\" \/><\/a>\n\t\t\t<\/dt><\/dl><br style=\"clear: both\" \/><dl class='gallery-item'>\n\t\t\t<dt class='gallery-icon landscape'>\n\t\t\t\t<a href='http:\/\/www.denkfried.de\/wp\/?attachment_id=25898'><img loading=\"lazy\" decoding=\"async\" width=\"150\" height=\"150\" src=\"http:\/\/www.denkfried.de\/wp\/wp-content\/uploads\/2012\/09\/DSCF2188-150x150.jpg\" class=\"attachment-thumbnail size-thumbnail\" alt=\"\" \/><\/a>\n\t\t\t<\/dt><\/dl><dl class='gallery-item'>\n\t\t\t<dt class='gallery-icon portrait'>\n\t\t\t\t<a href='http:\/\/www.denkfried.de\/wp\/?attachment_id=25895'><img loading=\"lazy\" decoding=\"async\" width=\"150\" height=\"150\" src=\"http:\/\/www.denkfried.de\/wp\/wp-content\/uploads\/2012\/09\/DSCF2155-150x150.jpg\" class=\"attachment-thumbnail size-thumbnail\" alt=\"\" \/><\/a>\n\t\t\t<\/dt><\/dl><dl class='gallery-item'>\n\t\t\t<dt class='gallery-icon landscape'>\n\t\t\t\t<a href='http:\/\/www.denkfried.de\/wp\/?attachment_id=25897'><img loading=\"lazy\" decoding=\"async\" width=\"150\" height=\"150\" src=\"http:\/\/www.denkfried.de\/wp\/wp-content\/uploads\/2012\/09\/DSCF2186-150x150.jpg\" class=\"attachment-thumbnail size-thumbnail\" alt=\"\" \/><\/a>\n\t\t\t<\/dt><\/dl><dl class='gallery-item'>\n\t\t\t<dt class='gallery-icon landscape'>\n\t\t\t\t<a href='http:\/\/www.denkfried.de\/wp\/?attachment_id=25896'><img loading=\"lazy\" decoding=\"async\" width=\"150\" height=\"150\" src=\"http:\/\/www.denkfried.de\/wp\/wp-content\/uploads\/2012\/09\/DSCF2182-150x150.jpg\" class=\"attachment-thumbnail size-thumbnail\" alt=\"\" \/><\/a>\n\t\t\t<\/dt><\/dl><br style=\"clear: both\" \/>\n\t\t<\/div>\n\n<p>Ehrenfriedh\u00f6fe an der Friedhofskapelle. Auf beiden seiten der Kapelle, ist je eine geschlossene Grabanlagen. Hier ruhen Tote des Ersten Weltkrieges, teilweise fehlen, bzw. sind die Steine unkenntlich oder zerbrochen. Sp\u00e4ter wurde die rechte Anlage mit Gr\u00e4bern von zwei Kriegstoten des Zweiten Weltkrieges erg\u00e4nzt.<\/p>\n<p><strong>Ehrenfriedhof Friedensgemeinde <\/strong>(rechte Seite)<\/p>\n<p>Am Eingang sind zwei Stelen, hier sind die Kriegsjahre, ein Helm und ein Eisernes Kreuz eingearbeitet. Gegen\u00fcber dem Eingang, befindet sich ein Gedenkstein. Dieser tr\u00e4gt folgende Inschrift:<\/p>\n<address style=\"text-align: center;\"><em><strong>Ihren im Weltkriege 1914-1918<\/strong><\/em><\/address>\n<address style=\"text-align: center;\"><em><strong>897 gefallenen Helden<\/strong><\/em><\/address>\n<address style=\"text-align: center;\"><em><strong>Die Friedensgemeinde<\/strong><\/em><\/address>\n<address style=\"text-align: center;\">\u00a0<\/address>\n<p>Bei einigen Gr\u00e4bern sind die Namen unkenntlich gemacht. Es konnten die Namen von 20 Kriegstoten \u00fcbernommen werden. Bei 13 waren die Gr\u00e4ber nicht lesbar bzw. Unbekannte.<\/p>\n<p><strong>Ehrenfriedhof Himmelfahrtgemeinde <\/strong>(linke Seite)<\/p>\n<p>Hier gibt es ein schlichten Eingang zur Anlage. Auch befindet sich hier ein Denkmal, hier ist folgendes zu lesen:<\/p>\n<address style=\"text-align: center;\"><em><strong>Ihren im Weltkriege 1914-1918<\/strong><\/em><\/address>\n<address style=\"text-align: center;\"><em><strong>Gefallenen Helden<\/strong><\/em><\/address>\n<address style=\"text-align: center;\"><em><strong>Die Himmelfahrtgemeinde<\/strong><\/em><\/address>\n<address style=\"text-align: center;\">\u00a0<\/address>\n<p>Bei einigen Gr\u00e4bern fehlen Grabstein, es konnten 21 Namen \u00fcbernommen werden. Es sind 16 Unbekannt geblieben bzw. waren nicht lesbar.<\/p>\n<p>Es konnte noch ein privates Grab und 3 private Gedenken dokumentiert werden. Nach Informationen der Stadtentwicklung gibt es hier noch 30 Kriegsopfer, welche in zwei Sammelgr\u00e4bern ruhen.<\/p>\n<p>Die Namen wurden in die Datenbanken eingepflegt.<\/p>\n","protected":false},"excerpt":{"rendered":"<p>&nbsp; Berlin-Nordend Himmelfahrt- und Friedenskirchhof,\u00a0Dietzgenstra\u00dfe 130 Bericht und Bilder von Thomas\u00a0Gefallenendenkm\u00e4ler Berlin\/Brandenburg Ehrenfriedh\u00f6fe an der Friedhofskapelle. Auf beiden seiten der Kapelle, ist je eine geschlossene Grabanlagen. Hier ruhen Tote des Ersten Weltkrieges, teilweise fehlen, bzw. sind die Steine unkenntlich oder &hellip; <a href=\"http:\/\/www.denkfried.de\/wp\/?page_id=25881\">Weiterlesen <span class=\"meta-nav\">&rarr;<\/span><\/a><\/p>\n","protected":false},"author":9,"featured_media":0,"parent":25859,"menu_order":0,"comment_status":"closed","ping_status":"open","template":"","meta":{"footnotes":""},"class_list":["post-25881","page","type-page","status-publish","hentry"],"_links":{"self":[{"href":"http:\/\/www.denkfried.de\/wp\/index.php?rest_route=\/wp\/v2\/pages\/25881","targetHints":{"allow":["GET"]}}],"collection":[{"href":"http:\/\/www.denkfried.de\/wp\/index.php?rest_route=\/wp\/v2\/pages"}],"about":[{"href":"http:\/\/www.denkfried.de\/wp\/index.php?rest_route=\/wp\/v2\/types\/page"}],"author":[{"embeddable":true,"href":"http:\/\/www.denkfried.de\/wp\/index.php?rest_route=\/wp\/v2\/users\/9"}],"replies":[{"embeddable":true,"href":"http:\/\/www.denkfried.de\/wp\/index.php?rest_route=%2Fwp%2Fv2%2Fcomments&post=25881"}],"version-history":[{"count":16,"href":"http:\/\/www.denkfried.de\/wp\/index.php?rest_route=\/wp\/v2\/pages\/25881\/revisions"}],"predecessor-version":[{"id":39646,"href":"http:\/\/www.denkfried.de\/wp\/index.php?rest_route=\/wp\/v2\/pages\/25881\/revisions\/39646"}],"up":[{"embeddable":true,"href":"http:\/\/www.denkfried.de\/wp\/index.php?rest_route=\/wp\/v2\/pages\/25859"}],"wp:attachment":[{"href":"http:\/\/www.denkfried.de\/wp\/index.php?rest_route=%2Fwp%2Fv2%2Fmedia&parent=25881"}],"curies":[{"name":"wp","href":"https:\/\/api.w.org\/{rel}","templated":true}]}}