{"id":25859,"date":"2012-09-29T19:50:48","date_gmt":"2012-09-29T17:50:48","guid":{"rendered":"http:\/\/www.denkfried.de\/wp\/?page_id=25859"},"modified":"2012-10-01T20:55:44","modified_gmt":"2012-10-01T18:55:44","slug":"nordend","status":"publish","type":"page","link":"http:\/\/www.denkfried.de\/wp\/?page_id=25859","title":{"rendered":"Nordend"},"content":{"rendered":"<p>&nbsp;<\/p>\n<p><strong>Berlin-Nordend<\/strong><\/p>\n<p><strong>Nordend<\/strong>\u00a0ist eine\u00a0Ortslage\u00a0in den\u00a0Berliner\u00a0Ortsteilen\u00a0Niedersch\u00f6nhausen\u00a0und\u00a0Rosenthal\u00a0des\u00a0Bezirks Pankow. Als Nordend wird der Bereich zwischen Schillerstra\u00dfe und Nordendstra\u00dfe im S\u00fcden, der Friedrich-Engels-Stra\u00dfe im Westen und dem\u00a0Nordgraben\u00a0im Norden und Osten bezeichnet. Die einzige Erhebung ist der\u00a0Rollberg\u00a0mit 56\u00a0Metern. Quelle: Wikipedia<\/p>\n<p>Die drei Friedh\u00f6fe befinden sich direkt nebeneinander, und sind nur durch Hecken voneinander getrennt.<\/p>\n<ul>\n<li><a href=\"http:\/\/www.denkfried.de\/wp\/?page_id=25866\">Friedhof der Zionskirchengemeinde<\/a><\/li>\n<li><a href=\"http:\/\/www.denkfried.de\/wp\/?page_id=25881\">Friedhof der Himmelfahrt- und Friedenskirchgemeinde<\/a><\/li>\n<li><a href=\"http:\/\/www.denkfried.de\/wp\/?page_id=25901\">Friedhof der Gethsemane Kirchengemeinde<\/a><\/li>\n<\/ul>\n<p>&nbsp;<\/p>\n","protected":false},"excerpt":{"rendered":"<p>&nbsp; Berlin-Nordend Nordend\u00a0ist eine\u00a0Ortslage\u00a0in den\u00a0Berliner\u00a0Ortsteilen\u00a0Niedersch\u00f6nhausen\u00a0und\u00a0Rosenthal\u00a0des\u00a0Bezirks Pankow. Als Nordend wird der Bereich zwischen Schillerstra\u00dfe und Nordendstra\u00dfe im S\u00fcden, der Friedrich-Engels-Stra\u00dfe im Westen und dem\u00a0Nordgraben\u00a0im Norden und Osten bezeichnet. Die einzige Erhebung ist der\u00a0Rollberg\u00a0mit 56\u00a0Metern. Quelle: Wikipedia Die drei Friedh\u00f6fe befinden sich &hellip; <a href=\"http:\/\/www.denkfried.de\/wp\/?page_id=25859\">Weiterlesen <span class=\"meta-nav\">&rarr;<\/span><\/a><\/p>\n","protected":false},"author":9,"featured_media":0,"parent":4562,"menu_order":0,"comment_status":"closed","ping_status":"open","template":"","meta":{"footnotes":""},"class_list":["post-25859","page","type-page","status-publish","hentry"],"_links":{"self":[{"href":"http:\/\/www.denkfried.de\/wp\/index.php?rest_route=\/wp\/v2\/pages\/25859","targetHints":{"allow":["GET"]}}],"collection":[{"href":"http:\/\/www.denkfried.de\/wp\/index.php?rest_route=\/wp\/v2\/pages"}],"about":[{"href":"http:\/\/www.denkfried.de\/wp\/index.php?rest_route=\/wp\/v2\/types\/page"}],"author":[{"embeddable":true,"href":"http:\/\/www.denkfried.de\/wp\/index.php?rest_route=\/wp\/v2\/users\/9"}],"replies":[{"embeddable":true,"href":"http:\/\/www.denkfried.de\/wp\/index.php?rest_route=%2Fwp%2Fv2%2Fcomments&post=25859"}],"version-history":[{"count":12,"href":"http:\/\/www.denkfried.de\/wp\/index.php?rest_route=\/wp\/v2\/pages\/25859\/revisions"}],"predecessor-version":[{"id":25954,"href":"http:\/\/www.denkfried.de\/wp\/index.php?rest_route=\/wp\/v2\/pages\/25859\/revisions\/25954"}],"up":[{"embeddable":true,"href":"http:\/\/www.denkfried.de\/wp\/index.php?rest_route=\/wp\/v2\/pages\/4562"}],"wp:attachment":[{"href":"http:\/\/www.denkfried.de\/wp\/index.php?rest_route=%2Fwp%2Fv2%2Fmedia&parent=25859"}],"curies":[{"name":"wp","href":"https:\/\/api.w.org\/{rel}","templated":true}]}}