{"id":25786,"date":"2012-09-28T20:10:01","date_gmt":"2012-09-28T18:10:01","guid":{"rendered":"http:\/\/www.denkfried.de\/wp\/?page_id=25786"},"modified":"2014-06-13T20:02:47","modified_gmt":"2014-06-13T18:02:47","slug":"1939-1945","status":"publish","type":"page","link":"http:\/\/www.denkfried.de\/wp\/?page_id=25786","title":{"rendered":"1939 &#8211; 1945"},"content":{"rendered":"<p>&nbsp;<\/p>\n<p>Gedenkb\u00fccher zum Zweiten Weltkrieg<\/p>\n<p>Hier werden Gedenkb\u00fccher aufgef\u00fchrt, in denen sich Namenslisten von Kriegsopfern befinden.<\/p>\n<p>Ohne Ort:<\/p>\n<ul>\n<li><a href=\"http:\/\/www.denkfried.de\/wp\/?page_id=26834\"><strong>Gedenktafel<\/strong> der ehemaligen Sch\u00fcler AHS<\/a><\/li>\n<li><a href=\"http:\/\/www.denkfried.de\/wp\/?page_id=25646\"><strong>Kriegsbriefe Gefallener Studenten<\/strong><\/a><\/li>\n<li><strong><a href=\"http:\/\/www.denkfried.de\/wp\/?page_id=27624\">Licht aus dem Herzen<\/a><\/strong><\/li>\n<li><a href=\"http:\/\/www.denkfried.de\/wp\/?page_id=26162\"><strong>Russische Erde<\/strong>\u00a0\u2013 Kriegsbriefe aus Ru\u00dfland<\/a><\/li>\n<li><a href=\"http:\/\/www.denkfried.de\/wp\/?page_id=26770\"><strong>und bringen ihre Gaben<\/strong><\/a><\/li>\n<li><a href=\"http:\/\/www.denkfried.de\/wp\/?page_id=26148\"><strong>Sanit\u00e4tsoffiziere in der deutschen Flotte<\/strong><\/a><\/li>\n<\/ul>\n<p>In Orte eingebundene Gedenkb\u00fccher:<\/p>\n<ul>\n<li><a href=\"http:\/\/www.denkfried.de\/wp\/?page_id=35527\"><strong>Berlin<\/strong> &#8211; Ehrentafel der Berliner Feuerwehr<\/a><\/li>\n<li><a href=\"http:\/\/www.denkfried.de\/wp\/?page_id=27484\"><strong>Heilbronn<\/strong> &#8211; Baden W\u00fcrtemberg &#8211; Ehrenbuch der Stadt<\/a><\/li>\n<li><a href=\"http:\/\/www.denkfried.de\/wp\/?page_id=29333\"><strong>Kleve<\/strong> &#8211; Nordrhein Westfalen &#8211; Gedenkschrift zur Bombennacht<\/a><\/li>\n<\/ul>\n<p>&nbsp;<\/p>\n","protected":false},"excerpt":{"rendered":"<p>&nbsp; Gedenkb\u00fccher zum Zweiten Weltkrieg Hier werden Gedenkb\u00fccher aufgef\u00fchrt, in denen sich Namenslisten von Kriegsopfern befinden. Ohne Ort: Gedenktafel der ehemaligen Sch\u00fcler AHS Kriegsbriefe Gefallener Studenten Licht aus dem Herzen Russische Erde\u00a0\u2013 Kriegsbriefe aus Ru\u00dfland und bringen ihre Gaben Sanit\u00e4tsoffiziere &hellip; <a href=\"http:\/\/www.denkfried.de\/wp\/?page_id=25786\">Weiterlesen <span class=\"meta-nav\">&rarr;<\/span><\/a><\/p>\n","protected":false},"author":9,"featured_media":0,"parent":25539,"menu_order":0,"comment_status":"closed","ping_status":"open","template":"","meta":{"footnotes":""},"class_list":["post-25786","page","type-page","status-publish","hentry"],"_links":{"self":[{"href":"http:\/\/www.denkfried.de\/wp\/index.php?rest_route=\/wp\/v2\/pages\/25786","targetHints":{"allow":["GET"]}}],"collection":[{"href":"http:\/\/www.denkfried.de\/wp\/index.php?rest_route=\/wp\/v2\/pages"}],"about":[{"href":"http:\/\/www.denkfried.de\/wp\/index.php?rest_route=\/wp\/v2\/types\/page"}],"author":[{"embeddable":true,"href":"http:\/\/www.denkfried.de\/wp\/index.php?rest_route=\/wp\/v2\/users\/9"}],"replies":[{"embeddable":true,"href":"http:\/\/www.denkfried.de\/wp\/index.php?rest_route=%2Fwp%2Fv2%2Fcomments&post=25786"}],"version-history":[{"count":18,"href":"http:\/\/www.denkfried.de\/wp\/index.php?rest_route=\/wp\/v2\/pages\/25786\/revisions"}],"predecessor-version":[{"id":35541,"href":"http:\/\/www.denkfried.de\/wp\/index.php?rest_route=\/wp\/v2\/pages\/25786\/revisions\/35541"}],"up":[{"embeddable":true,"href":"http:\/\/www.denkfried.de\/wp\/index.php?rest_route=\/wp\/v2\/pages\/25539"}],"wp:attachment":[{"href":"http:\/\/www.denkfried.de\/wp\/index.php?rest_route=%2Fwp%2Fv2%2Fmedia&parent=25786"}],"curies":[{"name":"wp","href":"https:\/\/api.w.org\/{rel}","templated":true}]}}