{"id":25617,"date":"2012-09-25T19:22:26","date_gmt":"2012-09-25T17:22:26","guid":{"rendered":"http:\/\/www.denkfried.de\/wp\/?page_id=25617"},"modified":"2015-11-17T18:31:58","modified_gmt":"2015-11-17T17:31:58","slug":"gedenktafeln","status":"publish","type":"page","link":"http:\/\/www.denkfried.de\/wp\/?page_id=25617","title":{"rendered":"Gedenktafeln"},"content":{"rendered":"<p>&nbsp;<\/p>\n<p><strong>Berlin-Blankenburg<\/strong> Gedenktafeln Kirche,\u00a0Alt-Blankenburg 17<\/p>\n<p>Bericht und Bilder von Thomas\u00a0<a href=\"http:\/\/g-bb.jimdo.com\/\">Gefallenendenkm\u00e4ler Berlin\/Brandenburg<\/a><\/p>\n<div id='gallery-1' class='gallery galleryid-25617 gallery-columns-3 gallery-size-thumbnail'><dl class='gallery-item'>\n\t\t\t<dt class='gallery-icon landscape'>\n\t\t\t\t<a href='http:\/\/www.denkfried.de\/wp\/?attachment_id=33721'><img loading=\"lazy\" decoding=\"async\" width=\"150\" height=\"150\" src=\"http:\/\/www.denkfried.de\/wp\/wp-content\/uploads\/2012\/09\/Berlin-Blankenburg-Gedenktafeln-5-150x150.jpg\" class=\"attachment-thumbnail size-thumbnail\" alt=\"\" \/><\/a>\n\t\t\t<\/dt><\/dl><dl class='gallery-item'>\n\t\t\t<dt class='gallery-icon portrait'>\n\t\t\t\t<a href='http:\/\/www.denkfried.de\/wp\/?attachment_id=33723'><img loading=\"lazy\" decoding=\"async\" width=\"150\" height=\"150\" src=\"http:\/\/www.denkfried.de\/wp\/wp-content\/uploads\/2012\/09\/Berlin-Blankenburg-Gedenktafeln-3-150x150.jpg\" class=\"attachment-thumbnail size-thumbnail\" alt=\"\" \/><\/a>\n\t\t\t<\/dt><\/dl><dl class='gallery-item'>\n\t\t\t<dt class='gallery-icon portrait'>\n\t\t\t\t<a href='http:\/\/www.denkfried.de\/wp\/?attachment_id=33720'><img loading=\"lazy\" decoding=\"async\" width=\"150\" height=\"150\" src=\"http:\/\/www.denkfried.de\/wp\/wp-content\/uploads\/2012\/09\/Berlin-Blankenburg-Gedenktafeln-4-150x150.jpg\" class=\"attachment-thumbnail size-thumbnail\" alt=\"\" \/><\/a>\n\t\t\t<\/dt><\/dl><br style=\"clear: both\" \/><dl class='gallery-item'>\n\t\t\t<dt class='gallery-icon portrait'>\n\t\t\t\t<a href='http:\/\/www.denkfried.de\/wp\/?attachment_id=33722'><img loading=\"lazy\" decoding=\"async\" width=\"150\" height=\"150\" src=\"http:\/\/www.denkfried.de\/wp\/wp-content\/uploads\/2012\/09\/Berlin-Blankenburg-Gedenkkreuz-3-150x150.jpg\" class=\"attachment-thumbnail size-thumbnail\" alt=\"\" \/><\/a>\n\t\t\t<\/dt><\/dl><dl class='gallery-item'>\n\t\t\t<dt class='gallery-icon landscape'>\n\t\t\t\t<a href='http:\/\/www.denkfried.de\/wp\/?attachment_id=33719'><img loading=\"lazy\" decoding=\"async\" width=\"150\" height=\"150\" src=\"http:\/\/www.denkfried.de\/wp\/wp-content\/uploads\/2012\/09\/Berlin-Blankenburg-150x150.jpg\" class=\"attachment-thumbnail size-thumbnail\" alt=\"\" \/><\/a>\n\t\t\t<\/dt><\/dl>\n\t\t\t<br style='clear: both' \/>\n\t\t<\/div>\n\n<p>In der Alten Dorfkirche, befinden sich zwei Gedenktafeln.<\/p>\n<p><strong>1813-15 Gedenktafel<\/strong><\/p>\n<p>Diese Tafel ist dem Gefallenen Musketier Wilhelm Nickel errichtet, er fiel am 20. November 1813. \u00dcber den Namen, <strong>Aus diesem Kirchenspiel starb f\u00fcr K\u00f6nig und Vaterland<\/strong><\/p>\n<p><strong>1914-1918 Gedenktafel<\/strong><\/p>\n<p>Ein Tafel f\u00fcr die Gefallenen des Ersten Weltkrieges befindet sich noch in der Kirche. Auf dieser Holztafel, sind 23 Namen verzeichnet. \u00dcber den Namen befindet sich folgende Inschrift:<\/p>\n<address style=\"text-align: center;\"><em><strong>Den Heldentod f\u00fcrs Vaterland starben<\/strong><\/em><\/address>\n<address style=\"text-align: center;\"><em><strong>im Weltkriege 1914-1918<\/strong><\/em><\/address>\n<address style=\"text-align: center;\"><em><strong>aus der Gemeinde Blankenburg<\/strong><\/em><\/address>\n<address style=\"text-align: center;\">\u00a0<\/address>\n<p style=\"text-align: left;\"><strong>1914-1918 Denkmal, Gedenkkreuz<br \/>\n<\/strong><\/p>\n<p>Das Denkmal war einst vor der Dorfkirche aufgestellt. In einer geschlossenen Anlage. Das Denkmal ist sp\u00e4ter entfernt worden.<\/p>\n<p>Am Eingang des Kirchhofs, wurde zum Volkstrauertag 2013 ein Gedenkkreuz aufgestellt. Nach einem zeitzeugen Vortrag und eine Auswertung, gab es auf dem Kirchhof eine Gedenkveranstaltung. Es ist geplant hier ein Denkmal aufzustellen, welches an die Opfern der Kriege erinnern soll.<\/p>\n<p>Es konnten noch 4 private Gedenken auf dem Kirchhof dokumentiert werden.<\/p>\n<p>Informationen zum Denkmal von:\u00a0<a href=\"http:\/\/www.grosser-generalstab.de\/\">http:\/\/www.grosser-generalstab.de\/<\/a><\/p>\n<p>&nbsp;<\/p>\n","protected":false},"excerpt":{"rendered":"<p>&nbsp; Berlin-Blankenburg Gedenktafeln Kirche,\u00a0Alt-Blankenburg 17 Bericht und Bilder von Thomas\u00a0Gefallenendenkm\u00e4ler Berlin\/Brandenburg In der Alten Dorfkirche, befinden sich zwei Gedenktafeln. 1813-15 Gedenktafel Diese Tafel ist dem Gefallenen Musketier Wilhelm Nickel errichtet, er fiel am 20. November 1813. \u00dcber den Namen, Aus &hellip; <a href=\"http:\/\/www.denkfried.de\/wp\/?page_id=25617\">Weiterlesen <span class=\"meta-nav\">&rarr;<\/span><\/a><\/p>\n","protected":false},"author":9,"featured_media":0,"parent":25611,"menu_order":0,"comment_status":"closed","ping_status":"open","template":"","meta":{"footnotes":""},"class_list":["post-25617","page","type-page","status-publish","hentry"],"_links":{"self":[{"href":"http:\/\/www.denkfried.de\/wp\/index.php?rest_route=\/wp\/v2\/pages\/25617","targetHints":{"allow":["GET"]}}],"collection":[{"href":"http:\/\/www.denkfried.de\/wp\/index.php?rest_route=\/wp\/v2\/pages"}],"about":[{"href":"http:\/\/www.denkfried.de\/wp\/index.php?rest_route=\/wp\/v2\/types\/page"}],"author":[{"embeddable":true,"href":"http:\/\/www.denkfried.de\/wp\/index.php?rest_route=\/wp\/v2\/users\/9"}],"replies":[{"embeddable":true,"href":"http:\/\/www.denkfried.de\/wp\/index.php?rest_route=%2Fwp%2Fv2%2Fcomments&post=25617"}],"version-history":[{"count":17,"href":"http:\/\/www.denkfried.de\/wp\/index.php?rest_route=\/wp\/v2\/pages\/25617\/revisions"}],"predecessor-version":[{"id":39462,"href":"http:\/\/www.denkfried.de\/wp\/index.php?rest_route=\/wp\/v2\/pages\/25617\/revisions\/39462"}],"up":[{"embeddable":true,"href":"http:\/\/www.denkfried.de\/wp\/index.php?rest_route=\/wp\/v2\/pages\/25611"}],"wp:attachment":[{"href":"http:\/\/www.denkfried.de\/wp\/index.php?rest_route=%2Fwp%2Fv2%2Fmedia&parent=25617"}],"curies":[{"name":"wp","href":"https:\/\/api.w.org\/{rel}","templated":true}]}}