{"id":25545,"date":"2012-09-25T15:43:43","date_gmt":"2012-09-25T13:43:43","guid":{"rendered":"http:\/\/www.denkfried.de\/wp\/?page_id=25545"},"modified":"2012-09-30T08:36:09","modified_gmt":"2012-09-30T06:36:09","slug":"kriegsbriefe-gefallener-studenten-1914-1918","status":"publish","type":"page","link":"http:\/\/www.denkfried.de\/wp\/?page_id=25545","title":{"rendered":"Kriegsbriefe gefallener Studenten"},"content":{"rendered":"<p>&nbsp;<\/p>\n<p><strong>Kriegsbriefe gefallener Studenten<\/strong>\u00a01914-1918<\/p>\n<p>Beitrag von Thomas <a href=\"http:\/\/potsdamer-ehrenmale.de.tl\/Hauptseite.htm\">Potsdamer-Ehrenmale.de<\/a><\/p>\n<p>Die erste Auflage erschien 1928. Herausgegeben vom Prof. Dr. Philipp Witkop,\u00a0\u00a0Druck M\u00fcnchen.<\/p>\n<div id='gallery-1' class='gallery galleryid-25545 gallery-columns-3 gallery-size-thumbnail'><dl class='gallery-item'>\n\t\t\t<dt class='gallery-icon portrait'>\n\t\t\t\t<a href='http:\/\/www.denkfried.de\/wp\/?attachment_id=25551'><img loading=\"lazy\" decoding=\"async\" width=\"150\" height=\"150\" src=\"http:\/\/www.denkfried.de\/wp\/wp-content\/uploads\/2012\/09\/Kriegsbriefe-Gef.-Studenten-1914-1918-150x150.jpg\" class=\"attachment-thumbnail size-thumbnail\" alt=\"\" aria-describedby=\"gallery-1-25551\" \/><\/a>\n\t\t\t<\/dt>\n\t\t\t\t<dd class='wp-caption-text gallery-caption' id='gallery-1-25551'>\n\t\t\t\t1914-1918\n\t\t\t\t<\/dd><\/dl><dl class='gallery-item'>\n\t\t\t<dt class='gallery-icon portrait'>\n\t\t\t\t<a href='http:\/\/www.denkfried.de\/wp\/?attachment_id=25550'><img loading=\"lazy\" decoding=\"async\" width=\"150\" height=\"150\" src=\"http:\/\/www.denkfried.de\/wp\/wp-content\/uploads\/2012\/09\/Kriegsbriefe-Gef.-Studenten-1914-1918-3-150x150.jpg\" class=\"attachment-thumbnail size-thumbnail\" alt=\"\" aria-describedby=\"gallery-1-25550\" \/><\/a>\n\t\t\t<\/dt>\n\t\t\t\t<dd class='wp-caption-text gallery-caption' id='gallery-1-25550'>\n\t\t\t\t1914-1918\n\t\t\t\t<\/dd><\/dl><dl class='gallery-item'>\n\t\t\t<dt class='gallery-icon landscape'>\n\t\t\t\t<a href='http:\/\/www.denkfried.de\/wp\/?attachment_id=25549'><img loading=\"lazy\" decoding=\"async\" width=\"150\" height=\"150\" src=\"http:\/\/www.denkfried.de\/wp\/wp-content\/uploads\/2012\/09\/Kriegsbriefe-Gef.-Studenten-1914-1918-2-150x150.jpg\" class=\"attachment-thumbnail size-thumbnail\" alt=\"\" aria-describedby=\"gallery-1-25549\" \/><\/a>\n\t\t\t<\/dt>\n\t\t\t\t<dd class='wp-caption-text gallery-caption' id='gallery-1-25549'>\n\t\t\t\t1914-1918\n\t\t\t\t<\/dd><\/dl><br style=\"clear: both\" \/>\n\t\t<\/div>\n\n<p><span style=\"text-decoration: underline;\"><strong>Vorwort<\/strong><\/span><\/p>\n<p>In den Tagen, da Deutschland verj\u00fcngt und verantwortungsvoll sich auf seine nationale W\u00fcrde und Erneuerung besinnt, wird eine Volksausgabe der Kriegsbriefe gefallener Studenten zur vaterl\u00e4ndischen Forderung. Haben diese doch den Gedanken der nationalen uns sittlichen Erneuerung in Schlacht und Grauen und Todesbereitschaft zuerst erlebt und verk\u00fcndet: <em>&#8222;Wie ich es zum Troste sein lasse, in der uns aufgezwungenen Notwendigkeit des grauenhaften Krieges die Zukunft eines neuen, reinen Lebensideal zu erkennen, neu gebildet und begr\u00fcndet durch den Gedanken der Gleichachtung und Kameradschaft, des Gottvertrauens und der Zuversicht, durch reinen sittlichen Ernst, durch Vertiefung und Wiedergeburt des Geistes&#8220;<\/em> (Fritz Wagner).<\/p>\n<p><em>&#8222;Ich will k\u00e4mpfen und vielleicht auch sterben f\u00fcr den Glauben an ein sch\u00f6nes, gro\u00dfes, erhabenes Deutschland, in dem Schlechtheit und Eigennutz verbannt, wo treue und Ehre wieder in ihre alten Rechte eingesetzt sind&#8220;<\/em> (Emil Alefeld).<\/p>\n<p><em>&#8222;Es wird eine gro\u00dfe Aufgabe sein f\u00fcr unser gesamtes Volk, nach demAusgange des Krieges praktisch zu verwerten, was wir innerlich durchlebt haben&#8220;<\/em> (Fritz Franke)<\/p>\n<p>Diese Briefe sind ein Verm\u00e4chtnis an uns, da ideale Vaterland zu verwirklichen, das ihre Schreiber sehnend geschaut, daf\u00fcr sie ihr Leben gelassen haben. Die Fr\u00fchgefallenen sind Blutzeugen nicht eines verlorenen, sondern eines neuen Deutschland, dessen Sch\u00f6pfer und B\u00fcrger wir werden wollen. Deutschland! Vaterland! Nie sind diese Worte, diese Werte gl\u00fchender, erhabener, in religi\u00f6ser Weihe erlebt worden. \u00dcber 20 000 Briefe gefallener Studenten wurden 1917\/18 durch Vermittlung der deutschen Unterrichtsministerien und Universit\u00e4ten von Eltern und Freunden zur Auswahl gesandt. Fast die H\u00e4lfte aller Briefschreiber bringt &#8211; beim Abmarsch ins Felde oder am Vorabend einer Schlacht &#8211; in ersch\u00fctternden Abschiedsbriefen an die Eltern ihr Leben dem Vaterland als Opfer dar, sieht ihren Tod voraus und nimmt ihn frei in ihren Willen auf.<\/p>\n<p>Die Namen werden in die\u00a0<a href=\"http:\/\/s1wk.gedenk-tafel.de\/comb\/login.php\">Datenbank<\/a>\u00a0eingepflegt.<\/p>\n","protected":false},"excerpt":{"rendered":"<p>&nbsp; Kriegsbriefe gefallener Studenten\u00a01914-1918 Beitrag von Thomas Potsdamer-Ehrenmale.de Die erste Auflage erschien 1928. Herausgegeben vom Prof. Dr. Philipp Witkop,\u00a0\u00a0Druck M\u00fcnchen. Vorwort In den Tagen, da Deutschland verj\u00fcngt und verantwortungsvoll sich auf seine nationale W\u00fcrde und Erneuerung besinnt, wird eine Volksausgabe &hellip; <a href=\"http:\/\/www.denkfried.de\/wp\/?page_id=25545\">Weiterlesen <span class=\"meta-nav\">&rarr;<\/span><\/a><\/p>\n","protected":false},"author":9,"featured_media":0,"parent":25780,"menu_order":0,"comment_status":"closed","ping_status":"open","template":"","meta":{"footnotes":""},"class_list":["post-25545","page","type-page","status-publish","hentry"],"_links":{"self":[{"href":"http:\/\/www.denkfried.de\/wp\/index.php?rest_route=\/wp\/v2\/pages\/25545","targetHints":{"allow":["GET"]}}],"collection":[{"href":"http:\/\/www.denkfried.de\/wp\/index.php?rest_route=\/wp\/v2\/pages"}],"about":[{"href":"http:\/\/www.denkfried.de\/wp\/index.php?rest_route=\/wp\/v2\/types\/page"}],"author":[{"embeddable":true,"href":"http:\/\/www.denkfried.de\/wp\/index.php?rest_route=\/wp\/v2\/users\/9"}],"replies":[{"embeddable":true,"href":"http:\/\/www.denkfried.de\/wp\/index.php?rest_route=%2Fwp%2Fv2%2Fcomments&post=25545"}],"version-history":[{"count":18,"href":"http:\/\/www.denkfried.de\/wp\/index.php?rest_route=\/wp\/v2\/pages\/25545\/revisions"}],"predecessor-version":[{"id":25920,"href":"http:\/\/www.denkfried.de\/wp\/index.php?rest_route=\/wp\/v2\/pages\/25545\/revisions\/25920"}],"up":[{"embeddable":true,"href":"http:\/\/www.denkfried.de\/wp\/index.php?rest_route=\/wp\/v2\/pages\/25780"}],"wp:attachment":[{"href":"http:\/\/www.denkfried.de\/wp\/index.php?rest_route=%2Fwp%2Fv2%2Fmedia&parent=25545"}],"curies":[{"name":"wp","href":"https:\/\/api.w.org\/{rel}","templated":true}]}}