{"id":2527,"date":"2011-04-11T23:03:27","date_gmt":"2011-04-11T21:03:27","guid":{"rendered":"http:\/\/www.denkfried.de\/wp\/?page_id=2527"},"modified":"2015-08-12T21:57:06","modified_gmt":"2015-08-12T19:57:06","slug":"oberosterreich","status":"publish","type":"page","link":"http:\/\/www.denkfried.de\/wp\/?page_id=2527","title":{"rendered":"OBER\u00d6STERREICH"},"content":{"rendered":"<p>&nbsp;<\/p>\n<p>Landeshauptstadt:\u00a0 \u00a0<strong>Linz<\/strong><\/p>\n<ul>\n<li>15 polit.Bezirke<\/li>\n<li>3 Freist\u00e4dte<\/li>\n<li>445 Gemeinden<\/li>\n<\/ul>\n<p>&nbsp;<\/p>\n<p>In Ober\u00f6sterreich befinden sich 82 Kriegsgr\u00e4beranlagen mit insgesamt 66.312 Toten, davon vor dem 1.Weltkrieg 255, vom 1.Weltkrieg 31.418 und vom 2.Weltkrieg 34.639.<\/p>\n<p>&nbsp;<\/p>\n<p>Linz<br \/>\nWels<br \/>\nSteyr<br \/>\n<a href=\"http:\/\/www.denkfried.de\/wp\/?page_id=19577\"> Braunau am Inn <\/a><br \/>\nEferding<br \/>\nFreistadt<br \/>\nGmunden<br \/>\nGrieskirchen<br \/>\nKirchdorf an der Krems<br \/>\nLinz-Land<br \/>\n<a href=\"http:\/\/www.denkfried.de\/wp\/?page_id=22448\"> Ried im Innkreis<\/a><br \/>\nRohrbach<br \/>\nSch\u00e4rding<br \/>\nSteyr-Land<br \/>\nUrfahr-Umgebung<br \/>\nV\u00f6cklabruck<br \/>\nWels-Land<\/p>\n","protected":false},"excerpt":{"rendered":"<p>&nbsp; Landeshauptstadt:\u00a0 \u00a0Linz 15 polit.Bezirke 3 Freist\u00e4dte 445 Gemeinden &nbsp; In Ober\u00f6sterreich befinden sich 82 Kriegsgr\u00e4beranlagen mit insgesamt 66.312 Toten, davon vor dem 1.Weltkrieg 255, vom 1.Weltkrieg 31.418 und vom 2.Weltkrieg 34.639. &nbsp; Linz Wels Steyr Braunau am Inn Eferding &hellip; <a href=\"http:\/\/www.denkfried.de\/wp\/?page_id=2527\">Weiterlesen <span class=\"meta-nav\">&rarr;<\/span><\/a><\/p>\n","protected":false},"author":2,"featured_media":0,"parent":328,"menu_order":0,"comment_status":"closed","ping_status":"open","template":"","meta":{"footnotes":""},"class_list":["post-2527","page","type-page","status-publish","hentry"],"_links":{"self":[{"href":"http:\/\/www.denkfried.de\/wp\/index.php?rest_route=\/wp\/v2\/pages\/2527","targetHints":{"allow":["GET"]}}],"collection":[{"href":"http:\/\/www.denkfried.de\/wp\/index.php?rest_route=\/wp\/v2\/pages"}],"about":[{"href":"http:\/\/www.denkfried.de\/wp\/index.php?rest_route=\/wp\/v2\/types\/page"}],"author":[{"embeddable":true,"href":"http:\/\/www.denkfried.de\/wp\/index.php?rest_route=\/wp\/v2\/users\/2"}],"replies":[{"embeddable":true,"href":"http:\/\/www.denkfried.de\/wp\/index.php?rest_route=%2Fwp%2Fv2%2Fcomments&post=2527"}],"version-history":[{"count":7,"href":"http:\/\/www.denkfried.de\/wp\/index.php?rest_route=\/wp\/v2\/pages\/2527\/revisions"}],"predecessor-version":[{"id":38898,"href":"http:\/\/www.denkfried.de\/wp\/index.php?rest_route=\/wp\/v2\/pages\/2527\/revisions\/38898"}],"up":[{"embeddable":true,"href":"http:\/\/www.denkfried.de\/wp\/index.php?rest_route=\/wp\/v2\/pages\/328"}],"wp:attachment":[{"href":"http:\/\/www.denkfried.de\/wp\/index.php?rest_route=%2Fwp%2Fv2%2Fmedia&parent=2527"}],"curies":[{"name":"wp","href":"https:\/\/api.w.org\/{rel}","templated":true}]}}