{"id":25001,"date":"2012-09-11T17:50:44","date_gmt":"2012-09-11T15:50:44","guid":{"rendered":"http:\/\/www.denkfried.de\/wp\/?page_id=25001"},"modified":"2015-12-28T22:15:38","modified_gmt":"2015-12-28T21:15:38","slug":"falkenhagen-dm","status":"publish","type":"page","link":"http:\/\/www.denkfried.de\/wp\/?page_id=25001","title":{"rendered":"Falkenhagen DM"},"content":{"rendered":"<p>&nbsp;<\/p>\n<p>Falkensee &#8211; <strong>OT Falkenhagen<\/strong> Kirchhof, Denkmal, Tafel<\/p>\n<p>Bericht und Bilder von Thomas\u00a0<a href=\"http:\/\/g-bb.jimdo.com\/\">Gefallenendenkm\u00e4ler Berlin\/Brandenburg<\/a><\/p>\n<div id='gallery-1' class='gallery galleryid-25001 gallery-columns-3 gallery-size-thumbnail'><dl class='gallery-item'>\n\t\t\t<dt class='gallery-icon portrait'>\n\t\t\t\t<a href='http:\/\/www.denkfried.de\/wp\/?attachment_id=25437'><img loading=\"lazy\" decoding=\"async\" width=\"150\" height=\"150\" src=\"http:\/\/www.denkfried.de\/wp\/wp-content\/uploads\/2012\/09\/Falkenhagen-1813-150x150.jpg\" class=\"attachment-thumbnail size-thumbnail\" alt=\"\" \/><\/a>\n\t\t\t<\/dt><\/dl><dl class='gallery-item'>\n\t\t\t<dt class='gallery-icon landscape'>\n\t\t\t\t<a href='http:\/\/www.denkfried.de\/wp\/?attachment_id=25007'><img loading=\"lazy\" decoding=\"async\" width=\"150\" height=\"150\" src=\"http:\/\/www.denkfried.de\/wp\/wp-content\/uploads\/2012\/09\/Denkmal-Falkenhagen-150x150.jpg\" class=\"attachment-thumbnail size-thumbnail\" alt=\"\" \/><\/a>\n\t\t\t<\/dt><\/dl><dl class='gallery-item'>\n\t\t\t<dt class='gallery-icon portrait'>\n\t\t\t\t<a href='http:\/\/www.denkfried.de\/wp\/?attachment_id=25008'><img loading=\"lazy\" decoding=\"async\" width=\"150\" height=\"150\" src=\"http:\/\/www.denkfried.de\/wp\/wp-content\/uploads\/2012\/09\/Denkmal-Falkenhagen-2-150x150.jpg\" class=\"attachment-thumbnail size-thumbnail\" alt=\"\" \/><\/a>\n\t\t\t<\/dt><\/dl><br style=\"clear: both\" \/><dl class='gallery-item'>\n\t\t\t<dt class='gallery-icon landscape'>\n\t\t\t\t<a href='http:\/\/www.denkfried.de\/wp\/?attachment_id=25438'><img loading=\"lazy\" decoding=\"async\" width=\"150\" height=\"150\" src=\"http:\/\/www.denkfried.de\/wp\/wp-content\/uploads\/2012\/09\/Falkenhagen-Gefallenentafel-150x150.jpg\" class=\"attachment-thumbnail size-thumbnail\" alt=\"\" \/><\/a>\n\t\t\t<\/dt><\/dl><dl class='gallery-item'>\n\t\t\t<dt class='gallery-icon portrait'>\n\t\t\t\t<a href='http:\/\/www.denkfried.de\/wp\/?attachment_id=25439'><img loading=\"lazy\" decoding=\"async\" width=\"150\" height=\"150\" src=\"http:\/\/www.denkfried.de\/wp\/wp-content\/uploads\/2012\/09\/Falkenhagen-Gefallenentafel-2-150x150.jpg\" class=\"attachment-thumbnail size-thumbnail\" alt=\"\" \/><\/a>\n\t\t\t<\/dt><\/dl><dl class='gallery-item'>\n\t\t\t<dt class='gallery-icon landscape'>\n\t\t\t\t<a href='http:\/\/www.denkfried.de\/wp\/?attachment_id=25013'><img loading=\"lazy\" decoding=\"async\" width=\"150\" height=\"150\" src=\"http:\/\/www.denkfried.de\/wp\/wp-content\/uploads\/2012\/09\/DSCF2037-150x150.jpg\" class=\"attachment-thumbnail size-thumbnail\" alt=\"\" \/><\/a>\n\t\t\t<\/dt><\/dl><br style=\"clear: both\" \/><dl class='gallery-item'>\n\t\t\t<dt class='gallery-icon landscape'>\n\t\t\t\t<a href='http:\/\/www.denkfried.de\/wp\/?attachment_id=25009'><img loading=\"lazy\" decoding=\"async\" width=\"150\" height=\"150\" src=\"http:\/\/www.denkfried.de\/wp\/wp-content\/uploads\/2012\/09\/DSCF2031-150x150.jpg\" class=\"attachment-thumbnail size-thumbnail\" alt=\"\" \/><\/a>\n\t\t\t<\/dt><\/dl><dl class='gallery-item'>\n\t\t\t<dt class='gallery-icon landscape'>\n\t\t\t\t<a href='http:\/\/www.denkfried.de\/wp\/?attachment_id=25012'><img loading=\"lazy\" decoding=\"async\" width=\"150\" height=\"150\" src=\"http:\/\/www.denkfried.de\/wp\/wp-content\/uploads\/2012\/09\/DSCF2036-150x150.jpg\" class=\"attachment-thumbnail size-thumbnail\" alt=\"\" \/><\/a>\n\t\t\t<\/dt><\/dl><dl class='gallery-item'>\n\t\t\t<dt class='gallery-icon landscape'>\n\t\t\t\t<a href='http:\/\/www.denkfried.de\/wp\/?attachment_id=25011'><img loading=\"lazy\" decoding=\"async\" width=\"150\" height=\"150\" src=\"http:\/\/www.denkfried.de\/wp\/wp-content\/uploads\/2012\/09\/DSCF2034-150x150.jpg\" class=\"attachment-thumbnail size-thumbnail\" alt=\"\" \/><\/a>\n\t\t\t<\/dt><\/dl><br style=\"clear: both\" \/>\n\t\t<\/div>\n\n<p><span style=\"text-decoration: underline;\"><strong>Denkmal 1813 ?<\/strong><\/span><\/p>\n<p>In der Falkenhagener Stra\u00dfe, vor eine Eiche steht das Denkmal.Die Inschrift ist schwer zu erkennen.<\/p>\n<p><span style=\"text-decoration: underline;\"><strong>Denkmal 1914-1918<\/strong><\/span><\/p>\n<p>Am Anger vor dem Kirchhof befindet sich das Denkmal. Errichtet wurde es aus schlesischem Granit und fr\u00e4nkischem Muschelkalk. Das Denkmal tr\u00e4gt ein Eisernes Kreuz, im Denkmal eine Stele. Hier befindet sich ein Helm auf einem\u00a0Lorbeerkranz. An der Stele ist folgende Inschrift:<\/p>\n<p style=\"text-align: center;\"><em><strong>Zur Erinnerung an die im Weltkriege<\/strong><\/em><br \/>\n<em><strong>1914-1918<\/strong><\/em><br \/>\n<em><strong>gefallenen Helden von Falkenhagen<\/strong><\/em><\/p>\n<p style=\"text-align: left;\"><span style=\"text-decoration: underline;\"><strong>Gedenktafel<\/strong><\/span><\/p>\n<p style=\"text-align: left;\">Wahrscheinlich wurde die Tafel in Verbindung mit dem Denkmal errichtet. Die erste reihe der Namen fehlt. Die Tafel befindet sich zur Zeit neben der Orgel an der Wand. Schwer zu erkennen, sie ist mit St\u00fchlen zugestellt. Die Tafel tr\u00e4gt die Namen der 73 Gefallenen Gemeindeglieder des Ersten Weltkrieges. Mit den Namen befindet sich folgende Inschrift auf der Holztafel:<\/p>\n<address style=\"text-align: center;\"><em><strong>Im Weltkriege starben den Heldentod aus unserer Kirchengemeinde<\/strong><\/em><\/address>\n<address style=\"text-align: center;\">\u00a0<\/address>\n<address style=\"text-align: center;\"><em><strong>Niemand hat gr\u00f6\u00dfere Liebe denn die,<\/strong><\/em><\/address>\n<address style=\"text-align: center;\"><em><strong>da\u00df er sein Leben l\u00e4\u00dft f\u00fcr seine Freunde.<\/strong><\/em><\/address>\n<address style=\"text-align: center;\">\u00a0<\/address>\n<p style=\"text-align: left;\"><span style=\"text-decoration: underline;\"><strong>Gedenkkreuz<\/strong><\/span><\/p>\n<p style=\"text-align: left;\">Auf dem Kirchhof gibt es ein Gedenkkreuz, es erinnert an die Kriegstoten der Gemeinde. Das Gu\u00dfeiserne Kreuz steht links neben der Dorfkirche, und tr\u00e4gt folgende Inschrift:<\/p>\n<p style=\"text-align: center;\"><em><strong>Unsern Toten in fremder Erde<\/strong><\/em><\/p>\n<p>Es konnten noch weitere Privates Gedenken dokumentiert werden.<\/p>\n","protected":false},"excerpt":{"rendered":"<p>&nbsp; Falkensee &#8211; OT Falkenhagen Kirchhof, Denkmal, Tafel Bericht und Bilder von Thomas\u00a0Gefallenendenkm\u00e4ler Berlin\/Brandenburg Denkmal 1813 ? In der Falkenhagener Stra\u00dfe, vor eine Eiche steht das Denkmal.Die Inschrift ist schwer zu erkennen. Denkmal 1914-1918 Am Anger vor dem Kirchhof befindet &hellip; <a href=\"http:\/\/www.denkfried.de\/wp\/?page_id=25001\">Weiterlesen <span class=\"meta-nav\">&rarr;<\/span><\/a><\/p>\n","protected":false},"author":9,"featured_media":0,"parent":5314,"menu_order":0,"comment_status":"closed","ping_status":"open","template":"","meta":{"footnotes":""},"class_list":["post-25001","page","type-page","status-publish","hentry"],"_links":{"self":[{"href":"http:\/\/www.denkfried.de\/wp\/index.php?rest_route=\/wp\/v2\/pages\/25001","targetHints":{"allow":["GET"]}}],"collection":[{"href":"http:\/\/www.denkfried.de\/wp\/index.php?rest_route=\/wp\/v2\/pages"}],"about":[{"href":"http:\/\/www.denkfried.de\/wp\/index.php?rest_route=\/wp\/v2\/types\/page"}],"author":[{"embeddable":true,"href":"http:\/\/www.denkfried.de\/wp\/index.php?rest_route=\/wp\/v2\/users\/9"}],"replies":[{"embeddable":true,"href":"http:\/\/www.denkfried.de\/wp\/index.php?rest_route=%2Fwp%2Fv2%2Fcomments&post=25001"}],"version-history":[{"count":21,"href":"http:\/\/www.denkfried.de\/wp\/index.php?rest_route=\/wp\/v2\/pages\/25001\/revisions"}],"predecessor-version":[{"id":40129,"href":"http:\/\/www.denkfried.de\/wp\/index.php?rest_route=\/wp\/v2\/pages\/25001\/revisions\/40129"}],"up":[{"embeddable":true,"href":"http:\/\/www.denkfried.de\/wp\/index.php?rest_route=\/wp\/v2\/pages\/5314"}],"wp:attachment":[{"href":"http:\/\/www.denkfried.de\/wp\/index.php?rest_route=%2Fwp%2Fv2%2Fmedia&parent=25001"}],"curies":[{"name":"wp","href":"https:\/\/api.w.org\/{rel}","templated":true}]}}