{"id":24981,"date":"2012-09-11T17:15:10","date_gmt":"2012-09-11T15:15:10","guid":{"rendered":"http:\/\/www.denkfried.de\/wp\/?page_id=24981"},"modified":"2015-12-28T22:19:07","modified_gmt":"2015-12-28T21:19:07","slug":"seegefeld","status":"publish","type":"page","link":"http:\/\/www.denkfried.de\/wp\/?page_id=24981","title":{"rendered":"Seegefeld"},"content":{"rendered":"<p>&nbsp;<\/p>\n<p>Falkensee &#8211; <strong>OT Seegefeld<\/strong><\/p>\n<p>Bericht und Bilder von Thomas\u00a0<a href=\"http:\/\/g-bb.jimdo.com\/\">Gefallenendenkm\u00e4ler Berlin\/Brandenburg<\/a><\/p>\n<div id='gallery-1' class='gallery galleryid-24981 gallery-columns-4 gallery-size-thumbnail'><dl class='gallery-item'>\n\t\t\t<dt class='gallery-icon landscape'>\n\t\t\t\t<a href='http:\/\/www.denkfried.de\/wp\/?attachment_id=24988'><img loading=\"lazy\" decoding=\"async\" width=\"150\" height=\"150\" src=\"http:\/\/www.denkfried.de\/wp\/wp-content\/uploads\/2012\/09\/Denkmal-Seegefeld-2-150x150.jpg\" class=\"attachment-thumbnail size-thumbnail\" alt=\"\" \/><\/a>\n\t\t\t<\/dt><\/dl><dl class='gallery-item'>\n\t\t\t<dt class='gallery-icon landscape'>\n\t\t\t\t<a href='http:\/\/www.denkfried.de\/wp\/?attachment_id=24987'><img loading=\"lazy\" decoding=\"async\" width=\"150\" height=\"150\" src=\"http:\/\/www.denkfried.de\/wp\/wp-content\/uploads\/2012\/09\/Denkmal-Seegefeld-150x150.jpg\" class=\"attachment-thumbnail size-thumbnail\" alt=\"\" \/><\/a>\n\t\t\t<\/dt><\/dl><dl class='gallery-item'>\n\t\t\t<dt class='gallery-icon portrait'>\n\t\t\t\t<a href='http:\/\/www.denkfried.de\/wp\/?attachment_id=24990'><img loading=\"lazy\" decoding=\"async\" width=\"150\" height=\"150\" src=\"http:\/\/www.denkfried.de\/wp\/wp-content\/uploads\/2012\/09\/Gedenkkreuz-Seegefeld-150x150.jpg\" class=\"attachment-thumbnail size-thumbnail\" alt=\"\" \/><\/a>\n\t\t\t<\/dt><\/dl><dl class='gallery-item'>\n\t\t\t<dt class='gallery-icon landscape'>\n\t\t\t\t<a href='http:\/\/www.denkfried.de\/wp\/?attachment_id=24991'><img loading=\"lazy\" decoding=\"async\" width=\"150\" height=\"150\" src=\"http:\/\/www.denkfried.de\/wp\/wp-content\/uploads\/2012\/09\/Gedenkkreuz-Seegefeld-2-150x150.jpg\" class=\"attachment-thumbnail size-thumbnail\" alt=\"\" \/><\/a>\n\t\t\t<\/dt><\/dl><br style=\"clear: both\" \/><dl class='gallery-item'>\n\t\t\t<dt class='gallery-icon portrait'>\n\t\t\t\t<a href='http:\/\/www.denkfried.de\/wp\/?attachment_id=24992'><img loading=\"lazy\" decoding=\"async\" width=\"150\" height=\"150\" src=\"http:\/\/www.denkfried.de\/wp\/wp-content\/uploads\/2012\/09\/Gedenktafel-Seegefeld-2-150x150.jpg\" class=\"attachment-thumbnail size-thumbnail\" alt=\"\" \/><\/a>\n\t\t\t<\/dt><\/dl><dl class='gallery-item'>\n\t\t\t<dt class='gallery-icon landscape'>\n\t\t\t\t<a href='http:\/\/www.denkfried.de\/wp\/?attachment_id=24993'><img loading=\"lazy\" decoding=\"async\" width=\"150\" height=\"150\" src=\"http:\/\/www.denkfried.de\/wp\/wp-content\/uploads\/2012\/09\/Kriegsgr\u00e4berst\u00e4tte-Seegefeld-150x150.jpg\" class=\"attachment-thumbnail size-thumbnail\" alt=\"\" \/><\/a>\n\t\t\t<\/dt><\/dl><dl class='gallery-item'>\n\t\t\t<dt class='gallery-icon portrait'>\n\t\t\t\t<a href='http:\/\/www.denkfried.de\/wp\/?attachment_id=24994'><img loading=\"lazy\" decoding=\"async\" width=\"150\" height=\"150\" src=\"http:\/\/www.denkfried.de\/wp\/wp-content\/uploads\/2012\/09\/Kriegsgr\u00e4berst\u00e4tte-Seegefeld-2-150x150.jpg\" class=\"attachment-thumbnail size-thumbnail\" alt=\"\" \/><\/a>\n\t\t\t<\/dt><\/dl><dl class='gallery-item'>\n\t\t\t<dt class='gallery-icon portrait'>\n\t\t\t\t<a href='http:\/\/www.denkfried.de\/wp\/?attachment_id=24989'><img loading=\"lazy\" decoding=\"async\" width=\"150\" height=\"150\" src=\"http:\/\/www.denkfried.de\/wp\/wp-content\/uploads\/2012\/09\/DSCF2098-150x150.jpg\" class=\"attachment-thumbnail size-thumbnail\" alt=\"\" \/><\/a>\n\t\t\t<\/dt><\/dl><br style=\"clear: both\" \/>\n\t\t<\/div>\n\n<p>Ein Denkmal aus roten Sandstein steht vor der Dorfkirche. Vor dem Denkmal ist ein gepflasterter Weg. Zu erkennen ist ein Sterbender Krieger oben am Denkmal, dar\u00fcber die Worte: F\u00fcrs Vaterland. seitlich sind Eisernen Kreuze eingearbeitet. Am Denkmal befinden sich die Namen der Gefallenen aus der Gemeinde. Dar\u00fcber ist folgende Inschrift angebracht:<\/p>\n<address style=\"text-align: center;\"><em><strong>Ihren Toten des Weltkrieges\u00a01914 &#8211; 1918<\/strong><\/em><\/address>\n<address style=\"text-align: center;\"><em><strong>Gemeinde- und Gutsbezirk Seegefeld<\/strong><\/em><\/address>\n<address style=\"text-align: center;\">\u00a0<\/address>\n<p>Ein Gedenkkreuz steht an der Nebenseite der Kirche. Es steht f\u00fcr die Kriegsopfer des Zweiten Weltkrieges. Am Sockel sind folgende Worte angebracht:<\/p>\n<p style=\"text-align: center;\"><em><strong>Unsern Toten in fremder Erde<\/strong><\/em><\/p>\n<p>Eine Tafel f\u00fcr die Gefallenen des Krieges 1813-15 befindet sich auf dem Dachboden im Nebengeb\u00e4ude. Die schlichte Holztafel tr\u00e4gt folgende Inschrift:<\/p>\n<address style=\"text-align: center;\"><em><strong>In den Feldz\u00fcgen der Jahre 1813-14 und 1815<\/strong><\/em><\/address>\n<address style=\"text-align: center;\"><em><strong>starben aus dieser Gemeinde f\u00fcr K\u00f6nig und Vaterland<\/strong><\/em><\/address>\n<address style=\"text-align: center;\">\u00a0<\/address>\n<address>Peter Friedr. Grote &#8211; Leib Regiment<\/address>\n<address>Michaels Mehls &#8211; Leib Regiment<\/address>\n<address>Joachim Friedr. Mehls &#8211; Leib Regiment<\/address>\n<address>Ernst J. Fried. Mehls &#8211; 12. Brandenburgisches Regiment<\/address>\n<address>Joach. Fried. Mehls &#8211; 2. Brandenburgisches Regiment<\/address>\n<address>Johan Fried. Jacob &#8211; Kurm\u00e4rkische Landwehr<\/address>\n<address>\u00a0<\/address>\n<p><strong>Kriegsgr\u00e4ber<\/strong><\/p>\n<p>Eine gepflegte Grabanlage auf dem Friedhof in der Seegefelder Stra\u00dfe. In der geschlossenen Anlage sind drei Granitkreuze mit den Namen der Toten. Insgesamt ruhen hier 5 Soldaten und eine DRK-Krankenschwester.<\/p>\n<p>Die Namen werden in die Datenbanken eingepflegt.<\/p>\n<p>&nbsp;<\/p>\n","protected":false},"excerpt":{"rendered":"<p>&nbsp; Falkensee &#8211; OT Seegefeld Bericht und Bilder von Thomas\u00a0Gefallenendenkm\u00e4ler Berlin\/Brandenburg Ein Denkmal aus roten Sandstein steht vor der Dorfkirche. Vor dem Denkmal ist ein gepflasterter Weg. Zu erkennen ist ein Sterbender Krieger oben am Denkmal, dar\u00fcber die Worte: F\u00fcrs &hellip; <a href=\"http:\/\/www.denkfried.de\/wp\/?page_id=24981\">Weiterlesen <span class=\"meta-nav\">&rarr;<\/span><\/a><\/p>\n","protected":false},"author":9,"featured_media":0,"parent":5314,"menu_order":0,"comment_status":"closed","ping_status":"open","template":"","meta":{"footnotes":""},"class_list":["post-24981","page","type-page","status-publish","hentry"],"_links":{"self":[{"href":"http:\/\/www.denkfried.de\/wp\/index.php?rest_route=\/wp\/v2\/pages\/24981","targetHints":{"allow":["GET"]}}],"collection":[{"href":"http:\/\/www.denkfried.de\/wp\/index.php?rest_route=\/wp\/v2\/pages"}],"about":[{"href":"http:\/\/www.denkfried.de\/wp\/index.php?rest_route=\/wp\/v2\/types\/page"}],"author":[{"embeddable":true,"href":"http:\/\/www.denkfried.de\/wp\/index.php?rest_route=\/wp\/v2\/users\/9"}],"replies":[{"embeddable":true,"href":"http:\/\/www.denkfried.de\/wp\/index.php?rest_route=%2Fwp%2Fv2%2Fcomments&post=24981"}],"version-history":[{"count":19,"href":"http:\/\/www.denkfried.de\/wp\/index.php?rest_route=\/wp\/v2\/pages\/24981\/revisions"}],"predecessor-version":[{"id":40134,"href":"http:\/\/www.denkfried.de\/wp\/index.php?rest_route=\/wp\/v2\/pages\/24981\/revisions\/40134"}],"up":[{"embeddable":true,"href":"http:\/\/www.denkfried.de\/wp\/index.php?rest_route=\/wp\/v2\/pages\/5314"}],"wp:attachment":[{"href":"http:\/\/www.denkfried.de\/wp\/index.php?rest_route=%2Fwp%2Fv2%2Fmedia&parent=24981"}],"curies":[{"name":"wp","href":"https:\/\/api.w.org\/{rel}","templated":true}]}}