{"id":24886,"date":"2012-09-07T11:04:45","date_gmt":"2012-09-07T09:04:45","guid":{"rendered":"http:\/\/www.denkfried.de\/wp\/?page_id=24886"},"modified":"2015-12-28T22:12:55","modified_gmt":"2015-12-28T21:12:55","slug":"doberitzer-heide","status":"publish","type":"page","link":"http:\/\/www.denkfried.de\/wp\/?page_id=24886","title":{"rendered":"D\u00f6beritzer Heide"},"content":{"rendered":"<p>Dallgow-D\u00f6beritz\u00a0<strong>D\u00f6beritzer Heide, <\/strong>ehemaliger Truppen\u00fcbungsplatz<\/p>\n<address>Bericht und Bilder von Thomas\u00a0<a href=\"http:\/\/g-bb.jimdo.com\/\">Gefallenendenkm\u00e4ler Berlin\/Brandenburg<\/a><\/address>\n<address>3 Archiv Bilder (Postkarten) hat Tino Bittner zu Verf\u00fcgung gestellt.<\/address>\n<address>\u00a0<\/address>\n<p>Truppen\u00fcbungsplatz, die erste milit\u00e4rische Nutzung war im Jahr 1713. Wegen dem trockenen Gras, von den Soldaten in den Sommermonate auch W\u00fcste genannt. Der ehemalige \u00dcbungsplatz, ist jetzt zu einem gro\u00dfen Naturschutz Gebiet errichtet.<\/p>\n<div id='gallery-1' class='gallery galleryid-24886 gallery-columns-4 gallery-size-thumbnail'><dl class='gallery-item'>\n\t\t\t<dt class='gallery-icon landscape'>\n\t\t\t\t<a href='http:\/\/www.denkfried.de\/wp\/?attachment_id=25467'><img loading=\"lazy\" decoding=\"async\" width=\"150\" height=\"150\" src=\"http:\/\/www.denkfried.de\/wp\/wp-content\/uploads\/2012\/09\/Denkmal-3.Garde-Regiment-zu-Fu\u00df-150x150.jpg\" class=\"attachment-thumbnail size-thumbnail\" alt=\"\" aria-describedby=\"gallery-1-25467\" \/><\/a>\n\t\t\t<\/dt>\n\t\t\t\t<dd class='wp-caption-text gallery-caption' id='gallery-1-25467'>\n\t\t\t\t3.Garde-Regiment zu Fu\u00df\n\t\t\t\t<\/dd><\/dl><dl class='gallery-item'>\n\t\t\t<dt class='gallery-icon landscape'>\n\t\t\t\t<a href='http:\/\/www.denkfried.de\/wp\/?attachment_id=25464'><img loading=\"lazy\" decoding=\"async\" width=\"150\" height=\"150\" src=\"http:\/\/www.denkfried.de\/wp\/wp-content\/uploads\/2012\/09\/DSCF2021-150x150.jpg\" class=\"attachment-thumbnail size-thumbnail\" alt=\"\" aria-describedby=\"gallery-1-25464\" \/><\/a>\n\t\t\t<\/dt>\n\t\t\t\t<dd class='wp-caption-text gallery-caption' id='gallery-1-25464'>\n\t\t\t\t3.Garde-Regiment zu Fu\u00df\n\t\t\t\t<\/dd><\/dl><dl class='gallery-item'>\n\t\t\t<dt class='gallery-icon landscape'>\n\t\t\t\t<a href='http:\/\/www.denkfried.de\/wp\/?attachment_id=25465'><img loading=\"lazy\" decoding=\"async\" width=\"150\" height=\"150\" src=\"http:\/\/www.denkfried.de\/wp\/wp-content\/uploads\/2012\/09\/L\u00f6wendenkmal-D\u00f6beritz-150x150.jpg\" class=\"attachment-thumbnail size-thumbnail\" alt=\"\" aria-describedby=\"gallery-1-25465\" \/><\/a>\n\t\t\t<\/dt>\n\t\t\t\t<dd class='wp-caption-text gallery-caption' id='gallery-1-25465'>\n\t\t\t\t3.Garde-Regiment zu Fu\u00df\n\t\t\t\t<\/dd><\/dl><dl class='gallery-item'>\n\t\t\t<dt class='gallery-icon landscape'>\n\t\t\t\t<a href='http:\/\/www.denkfried.de\/wp\/?attachment_id=25962'><img loading=\"lazy\" decoding=\"async\" width=\"150\" height=\"150\" src=\"http:\/\/www.denkfried.de\/wp\/wp-content\/uploads\/2012\/09\/D\u00f6beritzer-Heide-Ehrenhalle-150x150.jpg\" class=\"attachment-thumbnail size-thumbnail\" alt=\"\" aria-describedby=\"gallery-1-25962\" \/><\/a>\n\t\t\t<\/dt>\n\t\t\t\t<dd class='wp-caption-text gallery-caption' id='gallery-1-25962'>\n\t\t\t\tEhrenhalle\n\t\t\t\t<\/dd><\/dl><br style=\"clear: both\" \/><dl class='gallery-item'>\n\t\t\t<dt class='gallery-icon landscape'>\n\t\t\t\t<a href='http:\/\/www.denkfried.de\/wp\/?attachment_id=25963'><img loading=\"lazy\" decoding=\"async\" width=\"150\" height=\"150\" src=\"http:\/\/www.denkfried.de\/wp\/wp-content\/uploads\/2012\/09\/D\u00f6beritzer-Heide-Garde-Corps-Ehrenmal-150x150.jpg\" class=\"attachment-thumbnail size-thumbnail\" alt=\"\" aria-describedby=\"gallery-1-25963\" \/><\/a>\n\t\t\t<\/dt>\n\t\t\t\t<dd class='wp-caption-text gallery-caption' id='gallery-1-25963'>\n\t\t\t\tGardekorps\n\t\t\t\t<\/dd><\/dl><dl class='gallery-item'>\n\t\t\t<dt class='gallery-icon landscape'>\n\t\t\t\t<a href='http:\/\/www.denkfried.de\/wp\/?attachment_id=25964'><img loading=\"lazy\" decoding=\"async\" width=\"150\" height=\"150\" src=\"http:\/\/www.denkfried.de\/wp\/wp-content\/uploads\/2012\/09\/D\u00f6beritzer-heide-Kolonialdenkmal-150x150.jpg\" class=\"attachment-thumbnail size-thumbnail\" alt=\"\" aria-describedby=\"gallery-1-25964\" \/><\/a>\n\t\t\t<\/dt>\n\t\t\t\t<dd class='wp-caption-text gallery-caption' id='gallery-1-25964'>\n\t\t\t\tKolonialdenkmal\n\t\t\t\t<\/dd><\/dl><dl class='gallery-item'>\n\t\t\t<dt class='gallery-icon landscape'>\n\t\t\t\t<a href='http:\/\/www.denkfried.de\/wp\/?attachment_id=25470'><img loading=\"lazy\" decoding=\"async\" width=\"150\" height=\"150\" src=\"http:\/\/www.denkfried.de\/wp\/wp-content\/uploads\/2012\/09\/Obelisk-D\u00f6beritzer-Heide-Denkmal-150x150.jpg\" class=\"attachment-thumbnail size-thumbnail\" alt=\"\" aria-describedby=\"gallery-1-25470\" \/><\/a>\n\t\t\t<\/dt>\n\t\t\t\t<dd class='wp-caption-text gallery-caption' id='gallery-1-25470'>\n\t\t\t\tObelisk 1753\n\t\t\t\t<\/dd><\/dl><dl class='gallery-item'>\n\t\t\t<dt class='gallery-icon portrait'>\n\t\t\t\t<a href='http:\/\/www.denkfried.de\/wp\/?attachment_id=25938'><img loading=\"lazy\" decoding=\"async\" width=\"150\" height=\"150\" src=\"http:\/\/www.denkfried.de\/wp\/wp-content\/uploads\/2012\/09\/Denkmal-D\u00f6beritzer-heide-150x150.jpg\" class=\"attachment-thumbnail size-thumbnail\" alt=\"\" aria-describedby=\"gallery-1-25938\" \/><\/a>\n\t\t\t<\/dt>\n\t\t\t\t<dd class='wp-caption-text gallery-caption' id='gallery-1-25938'>\n\t\t\t\tObelisk 1753\n\t\t\t\t<\/dd><\/dl><br style=\"clear: both\" \/>\n\t\t<\/div>\n\n<p>Im alten Dorf D\u00f6beritz, inmitten des \u00dcbungsplatztes, stand die Garnisonkirche. Hier befanden sich, wie aufgef\u00fchrt auch Denkm\u00e4ler. Der alte Ortskern ist zerst\u00f6rt.<\/p>\n<p><strong>L\u00f6wendenkmal<\/strong>\u00a03.Garde-Regiment zu Fu\u00df\u00a0(Reste noch vorhanden)<\/p>\n<p>Das Denkmal befand sich in der n\u00e4he der Badenstalt. \u00a0Eingeweiht f\u00fcr die Gefallenen des Ersten Weltkriges, eingeweiht wurde es am 6. Mai 1923. Heute ist noch der Sockel und teile des L\u00f6wen zu erkennen. Folgende Inschriften trug einst das Denkmal:<\/p>\n<address style=\"text-align: center;\"><em><strong>Den 1914-1918 gefallenen Kameraden des dritten Garderegiments zu Fu\u00df<\/strong><\/em><\/address>\n<address style=\"text-align: center;\"><em><strong>F\u00fcr das Vaterland starben 150 Offiziere, 432 Unteroffiziere und 3920 Grenadiere und F\u00fcsiliere<\/strong><\/em><\/address>\n<address style=\"text-align: center;\">\u00a0<\/address>\n<p style=\"text-align: left;\"><strong>Ehrenhalle <\/strong>(mit der Kirche zerst\u00f6rt)<\/p>\n<p style=\"text-align: left;\">In der ehemaligen Kirche, gab es eine Ehrenhalle. Von au\u00dfen waren 8 Tafeln angebracht, mit den Namen der Regimenter. Hier wurde den Toten der Befreiungskriege 1813-15, des Deutsch-D\u00e4nischen Krieg 1866, des Deutsch-Franz\u00f6sischen Krieges 1870-71 und des Weltkrieges 1914-18 gedacht.<\/p>\n<p><span style=\"text-decoration: underline;\"><strong>Gardekorps Denkmal<\/strong><\/span> (Teilweise geborgen)<\/p>\n<p>Einst an der Garnisonkirche gelegen, ein Hauptstein, und 79 Steine mit den Orten der Schlachten des Gardekorps und den Kriegsjahren. Ungef\u00e4hr 1990 konnte der Hauptstein und 13 Gedenksteine geborgen werden. Bereits im 1. Weltkrieg vom damaligen Kommandanten Generalmajor von Loebel errichtet. Inschrift des Hauptsteines:<\/p>\n<p style=\"text-align: center;\"><em><strong>Das Gardekorps im Weltkriege<\/strong><\/em><\/p>\n<p><span style=\"text-decoration: underline;\"><strong>Kolonialdenkmal<\/strong><\/span> (Zerst\u00f6rt)<\/p>\n<p>Aufgestellt vor der ehemaligen Garnisonkirche. Ein Adler auf einem Globus. Am Sockel folgende Inschrift:<\/p>\n<p style=\"text-align: center;\"><em><strong>Deutsches Land in Fremder Hand<\/strong><\/em><\/p>\n<p><span style=\"text-decoration: underline;\"><strong>Gedenkstein<\/strong><\/span>\u00a0(Noch vorhanden)<\/p>\n<p>In der n\u00e4he des\u00a0Schwanengrabens, befindet sich reste eines Denkmals. Eingeweiht wurde es 1928 zu Ehren des Oberst Sch\u00fctz. Eine Inschrift auf einem Felsen, dieser ist jedoch vom Sockel\u00a0Gesto\u00dfen\u00a0worden. Folgende Inschrift ist noch zu erkennen:<\/p>\n<p style=\"text-align: center;\"><strong><em>Der 12. Kompagnie Ersten Garde-Regiments z.F<\/em><\/strong><\/p>\n<address style=\"text-align: center;\">\u00a0<\/address>\n<p><span style=\"text-decoration: underline;\"><strong>Obelisk<\/strong><\/span> (Vorhanden, jedoch besch\u00e4digt)<\/p>\n<p>Ein Denkmal wurde\u00a0zur Erinnerung an Friedrich dem Gro\u00dfen und an das Herbstman\u00f6ver aus dem Jahr 1753 errichtet. Eingeweiht wurde das Denkmal 1903, zum 150 Jahrestag des Man\u00f6vers. Das Denkmal ist durch Vandalismus stark besch\u00e4digt. Am Sockel befanden sich ein 4 Gedenktafeln mit folgender Inschrift:<\/p>\n<address>Friedrich II. K\u00f6nig von Preu\u00dfen lag mit 44.000 Mann im Lager zu D\u00f6beritz 2.-14. September 1753 &#8211;\u00a0Wilhelm II. Deutscher Kaiser, K\u00f6nig von Preu\u00dfen lag mit dem Gardekorps\u00a0\u00a0im Lager zu D\u00f6beritz\u00a028. \u2013 29. Mai 1903<\/address>\n<address>Wilhelm II. dem Andenken Seines Gro\u00dfen Ahnherrn Seiner ruhmvollen Armee und heldenm\u00fctigen Tapferkeit &#8211;\u00a0Friedrich II. des Gro\u00dfen K\u00f6nigs Majest\u00e4t f\u00fchrte von diesen Feldern vor 150 Jahren Sein Heer zu Kampf und Sieg &#8211;\u00a0Ihre Thaten bleiben unser Eigenthum ein Beispiel der Nacheiferung f\u00fcr alle \u00a0Zeiten<\/address>\n<address>\u00a0<\/address>\n<address>\u00a0<\/address>\n<p>Quellenangabe:\u00a0<a href=\"http:\/\/dallgow.bplaced.net\/index.php?site=home\">http:\/\/dallgow.bplaced.net<\/a>\u00a0und D\u00f6beritzer-Heide.de<\/p>\n","protected":false},"excerpt":{"rendered":"<p>Dallgow-D\u00f6beritz\u00a0D\u00f6beritzer Heide, ehemaliger Truppen\u00fcbungsplatz Bericht und Bilder von Thomas\u00a0Gefallenendenkm\u00e4ler Berlin\/Brandenburg 3 Archiv Bilder (Postkarten) hat Tino Bittner zu Verf\u00fcgung gestellt. \u00a0 Truppen\u00fcbungsplatz, die erste milit\u00e4rische Nutzung war im Jahr 1713. Wegen dem trockenen Gras, von den Soldaten in den Sommermonate &hellip; <a href=\"http:\/\/www.denkfried.de\/wp\/?page_id=24886\">Weiterlesen <span class=\"meta-nav\">&rarr;<\/span><\/a><\/p>\n","protected":false},"author":9,"featured_media":0,"parent":5311,"menu_order":0,"comment_status":"closed","ping_status":"open","template":"","meta":{"footnotes":""},"class_list":["post-24886","page","type-page","status-publish","hentry"],"_links":{"self":[{"href":"http:\/\/www.denkfried.de\/wp\/index.php?rest_route=\/wp\/v2\/pages\/24886","targetHints":{"allow":["GET"]}}],"collection":[{"href":"http:\/\/www.denkfried.de\/wp\/index.php?rest_route=\/wp\/v2\/pages"}],"about":[{"href":"http:\/\/www.denkfried.de\/wp\/index.php?rest_route=\/wp\/v2\/types\/page"}],"author":[{"embeddable":true,"href":"http:\/\/www.denkfried.de\/wp\/index.php?rest_route=\/wp\/v2\/users\/9"}],"replies":[{"embeddable":true,"href":"http:\/\/www.denkfried.de\/wp\/index.php?rest_route=%2Fwp%2Fv2%2Fcomments&post=24886"}],"version-history":[{"count":73,"href":"http:\/\/www.denkfried.de\/wp\/index.php?rest_route=\/wp\/v2\/pages\/24886\/revisions"}],"predecessor-version":[{"id":40123,"href":"http:\/\/www.denkfried.de\/wp\/index.php?rest_route=\/wp\/v2\/pages\/24886\/revisions\/40123"}],"up":[{"embeddable":true,"href":"http:\/\/www.denkfried.de\/wp\/index.php?rest_route=\/wp\/v2\/pages\/5311"}],"wp:attachment":[{"href":"http:\/\/www.denkfried.de\/wp\/index.php?rest_route=%2Fwp%2Fv2%2Fmedia&parent=24886"}],"curies":[{"name":"wp","href":"https:\/\/api.w.org\/{rel}","templated":true}]}}