{"id":24787,"date":"2012-09-07T09:07:37","date_gmt":"2012-09-07T07:07:37","guid":{"rendered":"http:\/\/www.denkfried.de\/wp\/?page_id=24787"},"modified":"2015-12-27T19:52:07","modified_gmt":"2015-12-27T18:52:07","slug":"kloster-lehnin","status":"publish","type":"page","link":"http:\/\/www.denkfried.de\/wp\/?page_id=24787","title":{"rendered":"Kloster Lehnin"},"content":{"rendered":"<p>&nbsp;<\/p>\n<p><strong>14797\u00a0Kloster Lehnin<\/strong> Gemeinde im Landkreis Potsdam Mittelmark<\/p>\n<p>Die Gemeinde besteht aus folgenden 14 Ortsteilen:<\/p>\n<ul>\n<li>Damsdorf<\/li>\n<li>Emstal<\/li>\n<li>G\u00f6hlsdorf<\/li>\n<li><a href=\"http:\/\/www.denkfried.de\/wp\/?page_id=24794\">Grebs<\/a><\/li>\n<li>Krahne<\/li>\n<li>Lehnin<\/li>\n<li>Michelsdorf<\/li>\n<li>Nahmitz<\/li>\n<li><a href=\"http:\/\/www.denkfried.de\/wp\/?page_id=15486\">Netzen<\/a><\/li>\n<li>Pr\u00fctzke<\/li>\n<li>R\u00e4del<\/li>\n<li>Reckhahn<\/li>\n<li>Rietz<\/li>\n<li>Trechwitz<\/li>\n<\/ul>\n","protected":false},"excerpt":{"rendered":"<p>&nbsp; 14797\u00a0Kloster Lehnin Gemeinde im Landkreis Potsdam Mittelmark Die Gemeinde besteht aus folgenden 14 Ortsteilen: Damsdorf Emstal G\u00f6hlsdorf Grebs Krahne Lehnin Michelsdorf Nahmitz Netzen Pr\u00fctzke R\u00e4del Reckhahn Rietz Trechwitz<\/p>\n","protected":false},"author":9,"featured_media":0,"parent":4945,"menu_order":0,"comment_status":"closed","ping_status":"open","template":"","meta":{"footnotes":""},"class_list":["post-24787","page","type-page","status-publish","hentry"],"_links":{"self":[{"href":"http:\/\/www.denkfried.de\/wp\/index.php?rest_route=\/wp\/v2\/pages\/24787","targetHints":{"allow":["GET"]}}],"collection":[{"href":"http:\/\/www.denkfried.de\/wp\/index.php?rest_route=\/wp\/v2\/pages"}],"about":[{"href":"http:\/\/www.denkfried.de\/wp\/index.php?rest_route=\/wp\/v2\/types\/page"}],"author":[{"embeddable":true,"href":"http:\/\/www.denkfried.de\/wp\/index.php?rest_route=\/wp\/v2\/users\/9"}],"replies":[{"embeddable":true,"href":"http:\/\/www.denkfried.de\/wp\/index.php?rest_route=%2Fwp%2Fv2%2Fcomments&post=24787"}],"version-history":[{"count":8,"href":"http:\/\/www.denkfried.de\/wp\/index.php?rest_route=\/wp\/v2\/pages\/24787\/revisions"}],"predecessor-version":[{"id":39922,"href":"http:\/\/www.denkfried.de\/wp\/index.php?rest_route=\/wp\/v2\/pages\/24787\/revisions\/39922"}],"up":[{"embeddable":true,"href":"http:\/\/www.denkfried.de\/wp\/index.php?rest_route=\/wp\/v2\/pages\/4945"}],"wp:attachment":[{"href":"http:\/\/www.denkfried.de\/wp\/index.php?rest_route=%2Fwp%2Fv2%2Fmedia&parent=24787"}],"curies":[{"name":"wp","href":"https:\/\/api.w.org\/{rel}","templated":true}]}}