{"id":24515,"date":"2012-08-24T17:04:38","date_gmt":"2012-08-24T15:04:38","guid":{"rendered":"http:\/\/www.denkfried.de\/wp\/?page_id=24515"},"modified":"2016-11-22T14:20:48","modified_gmt":"2016-11-22T13:20:48","slug":"konigs-wusterhausen","status":"publish","type":"page","link":"http:\/\/www.denkfried.de\/wp\/?page_id=24515","title":{"rendered":"&#8211; Friedhof"},"content":{"rendered":"<p>&nbsp;<\/p>\n<p><strong>K\u00f6nigs Wusterhausen<\/strong> Friedhof<\/p>\n<p>Bericht und Bilder von Thomas\u00a0<a href=\"http:\/\/g-bb.jimdo.com\/\">Gefallenendenkm\u00e4ler Berlin\/Brandenburg<\/a><\/p>\n<div id='gallery-1' class='gallery galleryid-24515 gallery-columns-4 gallery-size-thumbnail'><dl class='gallery-item'>\n\t\t\t<dt class='gallery-icon landscape'>\n\t\t\t\t<a href='http:\/\/www.denkfried.de\/wp\/?attachment_id=24525'><img loading=\"lazy\" decoding=\"async\" width=\"150\" height=\"150\" src=\"http:\/\/www.denkfried.de\/wp\/wp-content\/uploads\/2012\/08\/DSCF2047-150x150.jpg\" class=\"attachment-thumbnail size-thumbnail\" alt=\"\" \/><\/a>\n\t\t\t<\/dt><\/dl><dl class='gallery-item'>\n\t\t\t<dt class='gallery-icon landscape'>\n\t\t\t\t<a href='http:\/\/www.denkfried.de\/wp\/?attachment_id=24519'><img loading=\"lazy\" decoding=\"async\" width=\"150\" height=\"150\" src=\"http:\/\/www.denkfried.de\/wp\/wp-content\/uploads\/2012\/08\/DSCF2036-150x150.jpg\" class=\"attachment-thumbnail size-thumbnail\" alt=\"\" \/><\/a>\n\t\t\t<\/dt><\/dl><dl class='gallery-item'>\n\t\t\t<dt class='gallery-icon landscape'>\n\t\t\t\t<a href='http:\/\/www.denkfried.de\/wp\/?attachment_id=24520'><img loading=\"lazy\" decoding=\"async\" width=\"150\" height=\"150\" src=\"http:\/\/www.denkfried.de\/wp\/wp-content\/uploads\/2012\/08\/DSCF20371-150x150.jpg\" class=\"attachment-thumbnail size-thumbnail\" alt=\"\" \/><\/a>\n\t\t\t<\/dt><\/dl><dl class='gallery-item'>\n\t\t\t<dt class='gallery-icon landscape'>\n\t\t\t\t<a href='http:\/\/www.denkfried.de\/wp\/?attachment_id=24521'><img loading=\"lazy\" decoding=\"async\" width=\"150\" height=\"150\" src=\"http:\/\/www.denkfried.de\/wp\/wp-content\/uploads\/2012\/08\/DSCF2038-150x150.jpg\" class=\"attachment-thumbnail size-thumbnail\" alt=\"\" \/><\/a>\n\t\t\t<\/dt><\/dl><br style=\"clear: both\" \/><dl class='gallery-item'>\n\t\t\t<dt class='gallery-icon portrait'>\n\t\t\t\t<a href='http:\/\/www.denkfried.de\/wp\/?attachment_id=24522'><img loading=\"lazy\" decoding=\"async\" width=\"150\" height=\"150\" src=\"http:\/\/www.denkfried.de\/wp\/wp-content\/uploads\/2012\/08\/DSCF2039-150x150.jpg\" class=\"attachment-thumbnail size-thumbnail\" alt=\"\" \/><\/a>\n\t\t\t<\/dt><\/dl><dl class='gallery-item'>\n\t\t\t<dt class='gallery-icon landscape'>\n\t\t\t\t<a href='http:\/\/www.denkfried.de\/wp\/?attachment_id=24523'><img loading=\"lazy\" decoding=\"async\" width=\"150\" height=\"150\" src=\"http:\/\/www.denkfried.de\/wp\/wp-content\/uploads\/2012\/08\/DSCF2043-150x150.jpg\" class=\"attachment-thumbnail size-thumbnail\" alt=\"\" \/><\/a>\n\t\t\t<\/dt><\/dl><dl class='gallery-item'>\n\t\t\t<dt class='gallery-icon portrait'>\n\t\t\t\t<a href='http:\/\/www.denkfried.de\/wp\/?attachment_id=24524'><img loading=\"lazy\" decoding=\"async\" width=\"150\" height=\"150\" src=\"http:\/\/www.denkfried.de\/wp\/wp-content\/uploads\/2012\/08\/DSCF2044-150x150.jpg\" class=\"attachment-thumbnail size-thumbnail\" alt=\"\" \/><\/a>\n\t\t\t<\/dt><\/dl><dl class='gallery-item'>\n\t\t\t<dt class='gallery-icon landscape'>\n\t\t\t\t<a href='http:\/\/www.denkfried.de\/wp\/?attachment_id=24526'><img loading=\"lazy\" decoding=\"async\" width=\"150\" height=\"150\" src=\"http:\/\/www.denkfried.de\/wp\/wp-content\/uploads\/2012\/08\/DSCF2048-150x150.jpg\" class=\"attachment-thumbnail size-thumbnail\" alt=\"\" \/><\/a>\n\t\t\t<\/dt><\/dl><br style=\"clear: both\" \/>\n\t\t<\/div>\n\n<p>Auf dem Friedhof gibt es eine Anlage mit Gr\u00e4bern und Gedenken. Ein gepflastertes Rondell, au\u00dfen mit Blumenk\u00fcbel. Ein Gedenkstein befindet sich an der einen Seite, vielleicht war es mal ein Denkmal. An allen Seiten befinden sich hier Namen. Etwas daneben befinden sich drei Namenstafeln, davor eine Inschrift:<\/p>\n<address style=\"text-align: center;\"><strong>Zum Gedenken an 285 Gefallene<\/strong><\/address>\n<address style=\"text-align: center;\"><strong>des II. Weltkrieges<\/strong><\/address>\n<address style=\"text-align: center;\">\u00a0<\/address>\n<p>Hinter den Namenstafeln ist eine weitere Gedenkstele, mit folgender Inschrift:<\/p>\n<address style=\"text-align: center;\"><em><strong>Den gefallenen des Weltkrieges\u00a0zum Ged\u00e4chtnis<\/strong><\/em><\/address>\n<address style=\"text-align: center;\"><em><strong>den Lebenden zur Mahnung<\/strong><\/em><\/address>\n<address style=\"text-align: center;\">\u00a0<\/address>\n<p>Ein weitere Gedenkstein befindet sich hier, mit folgender Inschrift:<\/p>\n<p style=\"text-align: center;\"><em><strong>Unseren Toten 1939 &#8211; 1945<\/strong><\/em><\/p>\n<p>Zwischen den Gedenksteinen, liegt eine Gedenktafel f\u00fcr Gefallenen des Ersten Weltkrieges. Oben sind die Kriegsjahre <strong>1914-1918<\/strong> mittig ist Eichenlaub abgebildet. Folgende Inschrift ist hier zu lesen:<\/p>\n<address style=\"text-align: center;\"><em><strong>Niemand hat gr\u00f6\u00dfere Liebe denn die, dass er<\/strong><\/em><\/address>\n<address style=\"text-align: center;\"><em><strong>sein Leben l\u00e4sst f\u00fcr seine Freunde Ev. Joh. Kap. 15<\/strong><\/em><\/address>\n<address style=\"text-align: center;\"><em><strong>Unsern lieben gefallenen Helden<\/strong><\/em><\/address>\n<address style=\"text-align: center;\">\u00a0<\/address>\n<p>Dann sind die Namen von 11 gefallenen Verzeichnet<\/p>\n<address style=\"text-align: center;\"><em><strong>Ehre Ihrem Andenken<\/strong><\/em><br \/>\n<em><strong>Vereinigung ehemaliger Friedr.-Wilh.-Sch\u00fcler<\/strong><\/em><\/address>\n<address style=\"text-align: center;\"><em><strong>K\u00f6nigs-Wusterhausen 6.M\u00e4rz 1921<\/strong><\/em><\/address>\n<address style=\"text-align: center;\">\u00a0<\/address>\n<p>\u00a0Die Namen werden in die Datenbanken eingepflegt.<\/p>\n<p>&nbsp;<\/p>\n","protected":false},"excerpt":{"rendered":"<p>&nbsp; K\u00f6nigs Wusterhausen Friedhof Bericht und Bilder von Thomas\u00a0Gefallenendenkm\u00e4ler Berlin\/Brandenburg Auf dem Friedhof gibt es eine Anlage mit Gr\u00e4bern und Gedenken. Ein gepflastertes Rondell, au\u00dfen mit Blumenk\u00fcbel. Ein Gedenkstein befindet sich an der einen Seite, vielleicht war es mal ein &hellip; <a href=\"http:\/\/www.denkfried.de\/wp\/?page_id=24515\">Weiterlesen <span class=\"meta-nav\">&rarr;<\/span><\/a><\/p>\n","protected":false},"author":9,"featured_media":0,"parent":5482,"menu_order":0,"comment_status":"closed","ping_status":"open","template":"","meta":{"footnotes":""},"class_list":["post-24515","page","type-page","status-publish","hentry"],"_links":{"self":[{"href":"http:\/\/www.denkfried.de\/wp\/index.php?rest_route=\/wp\/v2\/pages\/24515","targetHints":{"allow":["GET"]}}],"collection":[{"href":"http:\/\/www.denkfried.de\/wp\/index.php?rest_route=\/wp\/v2\/pages"}],"about":[{"href":"http:\/\/www.denkfried.de\/wp\/index.php?rest_route=\/wp\/v2\/types\/page"}],"author":[{"embeddable":true,"href":"http:\/\/www.denkfried.de\/wp\/index.php?rest_route=\/wp\/v2\/users\/9"}],"replies":[{"embeddable":true,"href":"http:\/\/www.denkfried.de\/wp\/index.php?rest_route=%2Fwp%2Fv2%2Fcomments&post=24515"}],"version-history":[{"count":22,"href":"http:\/\/www.denkfried.de\/wp\/index.php?rest_route=\/wp\/v2\/pages\/24515\/revisions"}],"predecessor-version":[{"id":40964,"href":"http:\/\/www.denkfried.de\/wp\/index.php?rest_route=\/wp\/v2\/pages\/24515\/revisions\/40964"}],"up":[{"embeddable":true,"href":"http:\/\/www.denkfried.de\/wp\/index.php?rest_route=\/wp\/v2\/pages\/5482"}],"wp:attachment":[{"href":"http:\/\/www.denkfried.de\/wp\/index.php?rest_route=%2Fwp%2Fv2%2Fmedia&parent=24515"}],"curies":[{"name":"wp","href":"https:\/\/api.w.org\/{rel}","templated":true}]}}