{"id":24431,"date":"2012-08-21T16:28:31","date_gmt":"2012-08-21T14:28:31","guid":{"rendered":"http:\/\/www.denkfried.de\/wp\/?page_id=24431"},"modified":"2012-09-15T19:51:34","modified_gmt":"2012-09-15T17:51:34","slug":"wunsdorf-garnisonsmuseum","status":"publish","type":"page","link":"http:\/\/www.denkfried.de\/wp\/?page_id=24431","title":{"rendered":"Garnisonsmuseum"},"content":{"rendered":"<p>&nbsp;<\/p>\n<p>Zossen &#8211; <strong>OT W\u00fcnsdorf-Waldstadt<\/strong>\u00a0Garnisonsmuseum<\/p>\n<p>Bericht und Bilder von Thomas <a href=\"http:\/\/potsdamer-ehrenmale.de.tl\/Hauptseite.htm\">Potsdamer-Ehrenmale.de<\/a><\/p>\n<div id='gallery-1' class='gallery galleryid-24431 gallery-columns-4 gallery-size-thumbnail'><dl class='gallery-item'>\n\t\t\t<dt class='gallery-icon landscape'>\n\t\t\t\t<a href='http:\/\/www.denkfried.de\/wp\/?attachment_id=24438'><img loading=\"lazy\" decoding=\"async\" width=\"150\" height=\"150\" src=\"http:\/\/www.denkfried.de\/wp\/wp-content\/uploads\/2012\/08\/DSCF2004-150x150.jpg\" class=\"attachment-thumbnail size-thumbnail\" alt=\"\" \/><\/a>\n\t\t\t<\/dt><\/dl><dl class='gallery-item'>\n\t\t\t<dt class='gallery-icon landscape'>\n\t\t\t\t<a href='http:\/\/www.denkfried.de\/wp\/?attachment_id=24442'><img loading=\"lazy\" decoding=\"async\" width=\"150\" height=\"150\" src=\"http:\/\/www.denkfried.de\/wp\/wp-content\/uploads\/2012\/08\/DSCF2008-150x150.jpg\" class=\"attachment-thumbnail size-thumbnail\" alt=\"\" \/><\/a>\n\t\t\t<\/dt><\/dl><dl class='gallery-item'>\n\t\t\t<dt class='gallery-icon landscape'>\n\t\t\t\t<a href='http:\/\/www.denkfried.de\/wp\/?attachment_id=24441'><img loading=\"lazy\" decoding=\"async\" width=\"150\" height=\"150\" src=\"http:\/\/www.denkfried.de\/wp\/wp-content\/uploads\/2012\/08\/DSCF2007-150x150.jpg\" class=\"attachment-thumbnail size-thumbnail\" alt=\"\" \/><\/a>\n\t\t\t<\/dt><\/dl><dl class='gallery-item'>\n\t\t\t<dt class='gallery-icon portrait'>\n\t\t\t\t<a href='http:\/\/www.denkfried.de\/wp\/?attachment_id=24440'><img loading=\"lazy\" decoding=\"async\" width=\"150\" height=\"150\" src=\"http:\/\/www.denkfried.de\/wp\/wp-content\/uploads\/2012\/08\/DSCF2006-150x150.jpg\" class=\"attachment-thumbnail size-thumbnail\" alt=\"\" \/><\/a>\n\t\t\t<\/dt><\/dl><br style=\"clear: both\" \/><dl class='gallery-item'>\n\t\t\t<dt class='gallery-icon portrait'>\n\t\t\t\t<a href='http:\/\/www.denkfried.de\/wp\/?attachment_id=24439'><img loading=\"lazy\" decoding=\"async\" width=\"150\" height=\"150\" src=\"http:\/\/www.denkfried.de\/wp\/wp-content\/uploads\/2012\/08\/DSCF20051-150x150.jpg\" class=\"attachment-thumbnail size-thumbnail\" alt=\"\" \/><\/a>\n\t\t\t<\/dt><\/dl><dl class='gallery-item'>\n\t\t\t<dt class='gallery-icon portrait'>\n\t\t\t\t<a href='http:\/\/www.denkfried.de\/wp\/?attachment_id=24609'><img loading=\"lazy\" decoding=\"async\" width=\"150\" height=\"150\" src=\"http:\/\/www.denkfried.de\/wp\/wp-content\/uploads\/2012\/08\/Res-Inf-Regt-204-150x150.jpg\" class=\"attachment-thumbnail size-thumbnail\" alt=\"\" \/><\/a>\n\t\t\t<\/dt><\/dl><dl class='gallery-item'>\n\t\t\t<dt class='gallery-icon landscape'>\n\t\t\t\t<a href='http:\/\/www.denkfried.de\/wp\/?attachment_id=24436'><img loading=\"lazy\" decoding=\"async\" width=\"150\" height=\"150\" src=\"http:\/\/www.denkfried.de\/wp\/wp-content\/uploads\/2012\/08\/DSCF2002-150x150.jpg\" class=\"attachment-thumbnail size-thumbnail\" alt=\"\" \/><\/a>\n\t\t\t<\/dt><\/dl><dl class='gallery-item'>\n\t\t\t<dt class='gallery-icon portrait'>\n\t\t\t\t<a href='http:\/\/www.denkfried.de\/wp\/?attachment_id=24437'><img loading=\"lazy\" decoding=\"async\" width=\"150\" height=\"150\" src=\"http:\/\/www.denkfried.de\/wp\/wp-content\/uploads\/2012\/08\/DSCF2003-150x150.jpg\" class=\"attachment-thumbnail size-thumbnail\" alt=\"\" \/><\/a>\n\t\t\t<\/dt><\/dl><br style=\"clear: both\" \/>\n\t\t<\/div>\n\n<p>Vor dem Eingang des Museums befinden sich links drei Gedenksteine. Rechts vom Eingang ist ein mit wei\u00dfem Kies gef\u00fclltes Eisernes Kreuz. Neben dem Geb\u00e4ude ist der Gedenkstein vom Friedhof Zehrensdorf gelagert.<\/p>\n<p><strong><span style=\"text-decoration: underline;\">Steinplatte 1914-1918<\/span><\/strong> Die jetztige Bodenplatte, war einst die Gedenktafel im Denkmal auf dem Truppen\u00fcbungsplatz. Errichtet wurde es schon am 15. Oktober 1915 vom Ersatzbataillon. Das Denkmal wurde nach Ende des Zweiten Weltkrieges abgerissen.<\/p>\n<address style=\"text-align: center;\"><strong>Unseren gefallenen Kameraden zum Andenken<\/strong><\/address>\n<address style=\"text-align: center;\"><strong>Reserve-Infanterie-Regiment 204<\/strong><\/address>\n<address style=\"text-align: center;\"><strong>1914 &#8211; 1918<\/strong><\/address>\n<p><strong><span style=\"text-decoration: underline;\">Gedenkstein 1939-1945<\/span><\/strong><\/p>\n<address style=\"text-align: center;\"><strong>Panzer-Regiment 5<\/strong><\/address>\n<address style=\"text-align: center;\"><strong>W\u00fcnsdorf 1939-1945<\/strong><\/address>\n<p><strong><span style=\"text-decoration: underline;\">Gedenkstein Kriegsopfer<\/span><\/strong><\/p>\n<address style=\"text-align: center;\">\u00a0<strong>Den Toten zum Gedenken<\/strong><\/address>\n<address style=\"text-align: center;\"><strong>Den Lebenden zur Mahnung 2001<\/strong><\/address>\n<address style=\"text-align: center;\">\u00a0<\/address>\n<address style=\"text-align: center;\">\u00a0<\/address>\n<p style=\"text-align: left;\"><span style=\"text-decoration: underline;\"><strong>&#8222;Warstone&#8220; Gedenkstein<\/strong><\/span><\/p>\n<p style=\"text-align: left;\"><span style=\"text-align: center;\">Der Gedenkstein, gestiftet 1918 von der britischen K\u00f6nigin, stand auf dem englischen Teil des Ehrenfriedhofs Zehrensdorf. Mit seiner viersprachigen Inschrift erinnert er an die Hindus, Siks und Mohammedaner, die im 1. Weltkrieg im britschen Heer gedient und in deutscher Gefangenschaft gestorben waren. Sie waren in dieser Zeit im W\u00fcnsdorfer &#8222;Halbmondlager&#8220; untergebracht, das nach Kriegsende aufgel\u00f6st wurde.<\/span><\/p>\n<p>In den Jahren nach 1945 waren sowohl der Ehrenfriedhof als auch der Zehrensdorfer Dorffriedhof fast v\u00f6llig zerst\u00f6rt worden und von Wald \u00fcberwachsen.<\/p>\n<p>Im Zuge der Erneuerungsarbeiten, die 2003 begannen, hatte die britische Kriegsgr\u00e4berf\u00fcrsorge den Ehrenfriedhof rekonstruiert, dabei aber Grab- und Gedenksteine neu anfertigen lassen.<\/p>\n<p>Aus diesem Grunde hat die britische Kriegsgr\u00e4berfursorge den alten Gedenkstein dem &#8222;F\u00f6rderverein Garnisonsmuseum W\u00fcnsdorf e.V.&#8220; \u00fcbergeben. So hat der &#8222;Warstone&#8220; 2004 seinen Ehrenplatz neben dem Garnisonsmuseum W\u00fcnsdorf gefunden.<\/p>\n<p>Wir<span style=\"color: #0000ff;\">\u00a0<\/span>w\u00fcnschen uns, dass unsere Besucher diesen Stein als Mann- und Gedenkstein verstehen und ihn in Ehren halten.<\/p>\n<p>Informationen zum Museum: <a href=\"http:\/\/www.garnisonsmuseum-wuensdorf.eu\/index.html\">F\u00f6rderverein\u00a0Garnisonsmuseum-W\u00fcnsdorf e.V.<\/a><\/p>\n","protected":false},"excerpt":{"rendered":"<p>&nbsp; Zossen &#8211; OT W\u00fcnsdorf-Waldstadt\u00a0Garnisonsmuseum Bericht und Bilder von Thomas Potsdamer-Ehrenmale.de Vor dem Eingang des Museums befinden sich links drei Gedenksteine. Rechts vom Eingang ist ein mit wei\u00dfem Kies gef\u00fclltes Eisernes Kreuz. Neben dem Geb\u00e4ude ist der Gedenkstein vom Friedhof &hellip; <a href=\"http:\/\/www.denkfried.de\/wp\/?page_id=24431\">Weiterlesen <span class=\"meta-nav\">&rarr;<\/span><\/a><\/p>\n","protected":false},"author":9,"featured_media":0,"parent":24446,"menu_order":0,"comment_status":"closed","ping_status":"open","template":"","meta":{"footnotes":""},"class_list":["post-24431","page","type-page","status-publish","hentry"],"_links":{"self":[{"href":"http:\/\/www.denkfried.de\/wp\/index.php?rest_route=\/wp\/v2\/pages\/24431","targetHints":{"allow":["GET"]}}],"collection":[{"href":"http:\/\/www.denkfried.de\/wp\/index.php?rest_route=\/wp\/v2\/pages"}],"about":[{"href":"http:\/\/www.denkfried.de\/wp\/index.php?rest_route=\/wp\/v2\/types\/page"}],"author":[{"embeddable":true,"href":"http:\/\/www.denkfried.de\/wp\/index.php?rest_route=\/wp\/v2\/users\/9"}],"replies":[{"embeddable":true,"href":"http:\/\/www.denkfried.de\/wp\/index.php?rest_route=%2Fwp%2Fv2%2Fcomments&post=24431"}],"version-history":[{"count":14,"href":"http:\/\/www.denkfried.de\/wp\/index.php?rest_route=\/wp\/v2\/pages\/24431\/revisions"}],"predecessor-version":[{"id":25172,"href":"http:\/\/www.denkfried.de\/wp\/index.php?rest_route=\/wp\/v2\/pages\/24431\/revisions\/25172"}],"up":[{"embeddable":true,"href":"http:\/\/www.denkfried.de\/wp\/index.php?rest_route=\/wp\/v2\/pages\/24446"}],"wp:attachment":[{"href":"http:\/\/www.denkfried.de\/wp\/index.php?rest_route=%2Fwp%2Fv2%2Fmedia&parent=24431"}],"curies":[{"name":"wp","href":"https:\/\/api.w.org\/{rel}","templated":true}]}}