{"id":2443,"date":"2011-04-11T21:33:22","date_gmt":"2011-04-11T19:33:22","guid":{"rendered":"http:\/\/www.denkfried.de\/wp\/?page_id=2443"},"modified":"2011-07-16T23:22:04","modified_gmt":"2011-07-16T21:22:04","slug":"st-pierevillers","status":"publish","type":"page","link":"http:\/\/www.denkfried.de\/wp\/?page_id=2443","title":{"rendered":"ST.Pierevillers\/Meuse"},"content":{"rendered":"<p>&nbsp;<\/p>\n<p><span style=\"text-decoration: underline;\"><strong>St.Pierevillers\/ Meuse<\/strong><\/span><\/p>\n<p>D\u00e9p. Meuse<strong><br \/>\n<\/strong><\/p>\n<p><span style=\"text-decoration: underline;\">Reisebericht von Hubert M. aus 2009<\/span><\/p>\n<p>12:00 Uhr wir sind auf dem Ortsfriedhof in St.Pierevillers angekommen. Auf dem Friedhof finden wir zwei symetrische Gr\u00e4ber. Auf dem linken steht auf franz\u00f6sisch : Hier ruhen 7 Franzosen und 25 Deutsche (unbekannt). Nebendran das gleiche Grab da steht au\u00dfen auf dem Rand, auf franz\u00f6sisch: Hier ruhen gestorben f\u00fcr Frankreich. Und darunter:\u00a0 \u00a023.08.1914.<br \/>\nDer Rest ist leider nicht mehr zu entziffern.<\/p>\n<p><a href=\"http:\/\/www.denkfried.de\/wp\/?attachment_id=2444\" rel=\"attachment wp-att-2444\"><img loading=\"lazy\" decoding=\"async\" class=\"alignleft size-medium wp-image-2444\" title=\"St.Pierevillers Kameradengrab 001\" src=\"http:\/\/www.denkfried.de\/wp\/wp-content\/uploads\/2011\/04\/St.Pierevillers-Kameradengrab-001-300x200.jpg\" alt=\"\" width=\"300\" height=\"200\" srcset=\"http:\/\/www.denkfried.de\/wp\/wp-content\/uploads\/2011\/04\/St.Pierevillers-Kameradengrab-001-300x200.jpg 300w, http:\/\/www.denkfried.de\/wp\/wp-content\/uploads\/2011\/04\/St.Pierevillers-Kameradengrab-001.jpg 720w\" sizes=\"auto, (max-width: 300px) 100vw, 300px\" \/><\/a><\/p>\n<p>&nbsp;<\/p>\n","protected":false},"excerpt":{"rendered":"<p>&nbsp; St.Pierevillers\/ Meuse D\u00e9p. Meuse Reisebericht von Hubert M. aus 2009 12:00 Uhr wir sind auf dem Ortsfriedhof in St.Pierevillers angekommen. Auf dem Friedhof finden wir zwei symetrische Gr\u00e4ber. Auf dem linken steht auf franz\u00f6sisch : Hier ruhen 7 Franzosen &hellip; <a href=\"http:\/\/www.denkfried.de\/wp\/?page_id=2443\">Weiterlesen <span class=\"meta-nav\">&rarr;<\/span><\/a><\/p>\n","protected":false},"author":2,"featured_media":0,"parent":8262,"menu_order":0,"comment_status":"closed","ping_status":"open","template":"","meta":{"footnotes":""},"class_list":["post-2443","page","type-page","status-publish","hentry"],"_links":{"self":[{"href":"http:\/\/www.denkfried.de\/wp\/index.php?rest_route=\/wp\/v2\/pages\/2443","targetHints":{"allow":["GET"]}}],"collection":[{"href":"http:\/\/www.denkfried.de\/wp\/index.php?rest_route=\/wp\/v2\/pages"}],"about":[{"href":"http:\/\/www.denkfried.de\/wp\/index.php?rest_route=\/wp\/v2\/types\/page"}],"author":[{"embeddable":true,"href":"http:\/\/www.denkfried.de\/wp\/index.php?rest_route=\/wp\/v2\/users\/2"}],"replies":[{"embeddable":true,"href":"http:\/\/www.denkfried.de\/wp\/index.php?rest_route=%2Fwp%2Fv2%2Fcomments&post=2443"}],"version-history":[{"count":14,"href":"http:\/\/www.denkfried.de\/wp\/index.php?rest_route=\/wp\/v2\/pages\/2443\/revisions"}],"predecessor-version":[{"id":9994,"href":"http:\/\/www.denkfried.de\/wp\/index.php?rest_route=\/wp\/v2\/pages\/2443\/revisions\/9994"}],"up":[{"embeddable":true,"href":"http:\/\/www.denkfried.de\/wp\/index.php?rest_route=\/wp\/v2\/pages\/8262"}],"wp:attachment":[{"href":"http:\/\/www.denkfried.de\/wp\/index.php?rest_route=%2Fwp%2Fv2%2Fmedia&parent=2443"}],"curies":[{"name":"wp","href":"https:\/\/api.w.org\/{rel}","templated":true}]}}