{"id":24389,"date":"2012-08-20T13:02:39","date_gmt":"2012-08-20T11:02:39","guid":{"rendered":"http:\/\/www.denkfried.de\/wp\/?page_id=24389"},"modified":"2015-12-30T21:49:38","modified_gmt":"2015-12-30T20:49:38","slug":"fresdorf","status":"publish","type":"page","link":"http:\/\/www.denkfried.de\/wp\/?page_id=24389","title":{"rendered":"L\u00f6wenbruch"},"content":{"rendered":"<p>&nbsp;<\/p>\n<p>Ludwigsfelde &#8211; <strong>OT L\u00f6wenbruch<\/strong><\/p>\n<p>Bericht und Bilder von Thomas\u00a0 <a href=\"http:\/\/g-bb.jimdo.com\/\">Gefallenendenkm\u00e4ler Berlin\/Brandenburg<\/a><\/p>\n<div id='gallery-1' class='gallery galleryid-24389 gallery-columns-3 gallery-size-thumbnail'><dl class='gallery-item'>\n\t\t\t<dt class='gallery-icon portrait'>\n\t\t\t\t<a href='http:\/\/www.denkfried.de\/wp\/?attachment_id=24677'><img loading=\"lazy\" decoding=\"async\" width=\"150\" height=\"150\" src=\"http:\/\/www.denkfried.de\/wp\/wp-content\/uploads\/2012\/08\/Denkmal-L\u00f6wenbruch-150x150.jpg\" class=\"attachment-thumbnail size-thumbnail\" alt=\"\" \/><\/a>\n\t\t\t<\/dt><\/dl><dl class='gallery-item'>\n\t\t\t<dt class='gallery-icon portrait'>\n\t\t\t\t<a href='http:\/\/www.denkfried.de\/wp\/?attachment_id=24680'><img loading=\"lazy\" decoding=\"async\" width=\"150\" height=\"150\" src=\"http:\/\/www.denkfried.de\/wp\/wp-content\/uploads\/2012\/08\/DSCF20741-150x150.jpg\" class=\"attachment-thumbnail size-thumbnail\" alt=\"\" \/><\/a>\n\t\t\t<\/dt><\/dl><dl class='gallery-item'>\n\t\t\t<dt class='gallery-icon portrait'>\n\t\t\t\t<a href='http:\/\/www.denkfried.de\/wp\/?attachment_id=24679'><img loading=\"lazy\" decoding=\"async\" width=\"150\" height=\"150\" src=\"http:\/\/www.denkfried.de\/wp\/wp-content\/uploads\/2012\/08\/DSCF2067-150x150.jpg\" class=\"attachment-thumbnail size-thumbnail\" alt=\"\" \/><\/a>\n\t\t\t<\/dt><\/dl><br style=\"clear: both\" \/><dl class='gallery-item'>\n\t\t\t<dt class='gallery-icon landscape'>\n\t\t\t\t<a href='http:\/\/www.denkfried.de\/wp\/?attachment_id=24682'><img loading=\"lazy\" decoding=\"async\" width=\"150\" height=\"150\" src=\"http:\/\/www.denkfried.de\/wp\/wp-content\/uploads\/2012\/08\/L\u00f6wenbruch-1813-150x150.jpg\" class=\"attachment-thumbnail size-thumbnail\" alt=\"\" \/><\/a>\n\t\t\t<\/dt><\/dl><dl class='gallery-item'>\n\t\t\t<dt class='gallery-icon portrait'>\n\t\t\t\t<a href='http:\/\/www.denkfried.de\/wp\/?attachment_id=24681'><img loading=\"lazy\" decoding=\"async\" width=\"150\" height=\"150\" src=\"http:\/\/www.denkfried.de\/wp\/wp-content\/uploads\/2012\/08\/L\u00f6wenbruch-1813-2-150x150.jpg\" class=\"attachment-thumbnail size-thumbnail\" alt=\"\" \/><\/a>\n\t\t\t<\/dt><\/dl><dl class='gallery-item'>\n\t\t\t<dt class='gallery-icon landscape'>\n\t\t\t\t<a href='http:\/\/www.denkfried.de\/wp\/?attachment_id=24678'><img loading=\"lazy\" decoding=\"async\" width=\"150\" height=\"150\" src=\"http:\/\/www.denkfried.de\/wp\/wp-content\/uploads\/2012\/08\/DSCF2062-150x150.jpg\" class=\"attachment-thumbnail size-thumbnail\" alt=\"\" \/><\/a>\n\t\t\t<\/dt><\/dl><br style=\"clear: both\" \/>\n\t\t<\/div>\n\n<p><strong>1813<\/strong><\/p>\n<p>Eine kleine Gedenkanlage in Alt-L\u00f6wenbruch, hier ein Gedenkstein zur 100 Jahrfeier am 10. M\u00e4rz. Am 22. August 1813 fanden hier K\u00e4mpfe zwischen Napoleons Truppen und der preu\u00dfischen Landwehr statt. Nach langen Gefechten, eroberten Napoleons Truppen Trebbin. Die preu\u00dfische Landwehr zog sich nach L\u00f6wendorf zur\u00fcck. Dann kam es zu K\u00e4mpfe in den Kerzendorfer Schanzen.<\/p>\n<p><strong>Denkmal<\/strong>\u00a0f\u00fcr die Gefallenen des ersten Weltkrieges, es steht in der Ortsmitte, vor der Dorfkirche. Das Denkmal besteht aus Sandstein, an beiden Seiten sind Namen verzeichnet. Oben am Denkmal ist ein Eisernes Kreuz eingearbeitet. An den seiten sind Schwerter abgebildet. Auf den Stufen vor den Namen, sind Helme aus Sandstein, diese scheinen auf Kissen zu liegen.<\/p>\n<p align=\"center\"><em><strong>Zu Ehren\u00a0den im Weltkrieg 1914-1918<\/strong><\/em><br \/>\n<em><strong>gefallenen Helden<\/strong><\/em><br \/>\n<em><strong>errichtet von den dankbaren<\/strong><\/em><br \/>\n<em><strong>Einwohnern aus L\u00f6wenbruch<\/strong><\/em><\/p>\n<p align=\"center\"><em><strong>Sie starben den Heldentod\u00a0f\u00fcrs Vaterland.<\/strong><\/em><\/p>\n<p align=\"center\"><em><strong>Sie gaben ihr Leben\u00a0ihr Alles, f\u00fcr uns.<\/strong><\/em><\/p>\n<p>Die Namen werden in die Datenbanken eingepflegt.<\/p>\n","protected":false},"excerpt":{"rendered":"<p>&nbsp; Ludwigsfelde &#8211; OT L\u00f6wenbruch Bericht und Bilder von Thomas\u00a0 Gefallenendenkm\u00e4ler Berlin\/Brandenburg 1813 Eine kleine Gedenkanlage in Alt-L\u00f6wenbruch, hier ein Gedenkstein zur 100 Jahrfeier am 10. M\u00e4rz. Am 22. August 1813 fanden hier K\u00e4mpfe zwischen Napoleons Truppen und der preu\u00dfischen &hellip; <a href=\"http:\/\/www.denkfried.de\/wp\/?page_id=24389\">Weiterlesen <span class=\"meta-nav\">&rarr;<\/span><\/a><\/p>\n","protected":false},"author":9,"featured_media":0,"parent":24308,"menu_order":0,"comment_status":"closed","ping_status":"open","template":"","meta":{"footnotes":""},"class_list":["post-24389","page","type-page","status-publish","hentry"],"_links":{"self":[{"href":"http:\/\/www.denkfried.de\/wp\/index.php?rest_route=\/wp\/v2\/pages\/24389","targetHints":{"allow":["GET"]}}],"collection":[{"href":"http:\/\/www.denkfried.de\/wp\/index.php?rest_route=\/wp\/v2\/pages"}],"about":[{"href":"http:\/\/www.denkfried.de\/wp\/index.php?rest_route=\/wp\/v2\/types\/page"}],"author":[{"embeddable":true,"href":"http:\/\/www.denkfried.de\/wp\/index.php?rest_route=\/wp\/v2\/users\/9"}],"replies":[{"embeddable":true,"href":"http:\/\/www.denkfried.de\/wp\/index.php?rest_route=%2Fwp%2Fv2%2Fcomments&post=24389"}],"version-history":[{"count":16,"href":"http:\/\/www.denkfried.de\/wp\/index.php?rest_route=\/wp\/v2\/pages\/24389\/revisions"}],"predecessor-version":[{"id":40322,"href":"http:\/\/www.denkfried.de\/wp\/index.php?rest_route=\/wp\/v2\/pages\/24389\/revisions\/40322"}],"up":[{"embeddable":true,"href":"http:\/\/www.denkfried.de\/wp\/index.php?rest_route=\/wp\/v2\/pages\/24308"}],"wp:attachment":[{"href":"http:\/\/www.denkfried.de\/wp\/index.php?rest_route=%2Fwp%2Fv2%2Fmedia&parent=24389"}],"curies":[{"name":"wp","href":"https:\/\/api.w.org\/{rel}","templated":true}]}}