{"id":24335,"date":"2012-08-20T09:34:47","date_gmt":"2012-08-20T07:34:47","guid":{"rendered":"http:\/\/www.denkfried.de\/wp\/?page_id=24335"},"modified":"2015-12-30T21:47:52","modified_gmt":"2015-12-30T20:47:52","slug":"kerzendorf","status":"publish","type":"page","link":"http:\/\/www.denkfried.de\/wp\/?page_id=24335","title":{"rendered":"Kerzendorf"},"content":{"rendered":"<p>&nbsp;<\/p>\n<p>Ludwigsfelde &#8211; <strong>OT Kerzendorf<\/strong><\/p>\n<p>Bericht und Bilder von Thomas\u00a0 <a href=\"http:\/\/g-bb.jimdo.com\/\">Gefallenendenkm\u00e4ler Berlin\/Brandenburg<\/a><\/p>\n<div id='gallery-1' class='gallery galleryid-24335 gallery-columns-4 gallery-size-thumbnail'><dl class='gallery-item'>\n\t\t\t<dt class='gallery-icon landscape'>\n\t\t\t\t<a href='http:\/\/www.denkfried.de\/wp\/?attachment_id=24689'><img loading=\"lazy\" decoding=\"async\" width=\"150\" height=\"150\" src=\"http:\/\/www.denkfried.de\/wp\/wp-content\/uploads\/2012\/08\/1813-15-21-150x150.jpg\" class=\"attachment-thumbnail size-thumbnail\" alt=\"\" \/><\/a>\n\t\t\t<\/dt><\/dl><dl class='gallery-item'>\n\t\t\t<dt class='gallery-icon portrait'>\n\t\t\t\t<a href='http:\/\/www.denkfried.de\/wp\/?attachment_id=29831'><img loading=\"lazy\" decoding=\"async\" width=\"150\" height=\"150\" src=\"http:\/\/www.denkfried.de\/wp\/wp-content\/uploads\/2012\/08\/Kerzendorf-Keuz-W.Busch_-150x150.jpg\" class=\"attachment-thumbnail size-thumbnail\" alt=\"\" \/><\/a>\n\t\t\t<\/dt><\/dl><dl class='gallery-item'>\n\t\t\t<dt class='gallery-icon landscape'>\n\t\t\t\t<a href='http:\/\/www.denkfried.de\/wp\/?attachment_id=24691'><img loading=\"lazy\" decoding=\"async\" width=\"150\" height=\"150\" src=\"http:\/\/www.denkfried.de\/wp\/wp-content\/uploads\/2012\/08\/1813-15-5-150x150.jpg\" class=\"attachment-thumbnail size-thumbnail\" alt=\"\" \/><\/a>\n\t\t\t<\/dt><\/dl><dl class='gallery-item'>\n\t\t\t<dt class='gallery-icon landscape'>\n\t\t\t\t<a href='http:\/\/www.denkfried.de\/wp\/?attachment_id=24690'><img loading=\"lazy\" decoding=\"async\" width=\"150\" height=\"150\" src=\"http:\/\/www.denkfried.de\/wp\/wp-content\/uploads\/2012\/08\/1813-15-41-150x150.jpg\" class=\"attachment-thumbnail size-thumbnail\" alt=\"\" \/><\/a>\n\t\t\t<\/dt><\/dl><br style=\"clear: both\" \/><dl class='gallery-item'>\n\t\t\t<dt class='gallery-icon landscape'>\n\t\t\t\t<a href='http:\/\/www.denkfried.de\/wp\/?attachment_id=29832'><img loading=\"lazy\" decoding=\"async\" width=\"150\" height=\"150\" src=\"http:\/\/www.denkfried.de\/wp\/wp-content\/uploads\/2012\/08\/Kerzendorf-Grabst\u00e4tte-150x150.jpg\" class=\"attachment-thumbnail size-thumbnail\" alt=\"\" \/><\/a>\n\t\t\t<\/dt><\/dl><dl class='gallery-item'>\n\t\t\t<dt class='gallery-icon landscape'>\n\t\t\t\t<a href='http:\/\/www.denkfried.de\/wp\/?attachment_id=24697'><img loading=\"lazy\" decoding=\"async\" width=\"150\" height=\"150\" src=\"http:\/\/www.denkfried.de\/wp\/wp-content\/uploads\/2012\/08\/DSCF2053-150x150.jpg\" class=\"attachment-thumbnail size-thumbnail\" alt=\"\" \/><\/a>\n\t\t\t<\/dt><\/dl><dl class='gallery-item'>\n\t\t\t<dt class='gallery-icon landscape'>\n\t\t\t\t<a href='http:\/\/www.denkfried.de\/wp\/?attachment_id=24696'><img loading=\"lazy\" decoding=\"async\" width=\"150\" height=\"150\" src=\"http:\/\/www.denkfried.de\/wp\/wp-content\/uploads\/2012\/08\/DSCF20512-150x150.jpg\" class=\"attachment-thumbnail size-thumbnail\" alt=\"\" \/><\/a>\n\t\t\t<\/dt><\/dl><dl class='gallery-item'>\n\t\t\t<dt class='gallery-icon portrait'>\n\t\t\t\t<a href='http:\/\/www.denkfried.de\/wp\/?attachment_id=29829'><img loading=\"lazy\" decoding=\"async\" width=\"150\" height=\"150\" src=\"http:\/\/www.denkfried.de\/wp\/wp-content\/uploads\/2012\/08\/Denkmal-Wedell-150x150.jpg\" class=\"attachment-thumbnail size-thumbnail\" alt=\"\" \/><\/a>\n\t\t\t<\/dt><\/dl><br style=\"clear: both\" \/><dl class='gallery-item'>\n\t\t\t<dt class='gallery-icon landscape'>\n\t\t\t\t<a href='http:\/\/www.denkfried.de\/wp\/?attachment_id=24694'><img loading=\"lazy\" decoding=\"async\" width=\"150\" height=\"150\" src=\"http:\/\/www.denkfried.de\/wp\/wp-content\/uploads\/2012\/08\/DSCF2045-150x150.jpg\" class=\"attachment-thumbnail size-thumbnail\" alt=\"\" \/><\/a>\n\t\t\t<\/dt><\/dl><dl class='gallery-item'>\n\t\t\t<dt class='gallery-icon portrait'>\n\t\t\t\t<a href='http:\/\/www.denkfried.de\/wp\/?attachment_id=29830'><img loading=\"lazy\" decoding=\"async\" width=\"150\" height=\"150\" src=\"http:\/\/www.denkfried.de\/wp\/wp-content\/uploads\/2012\/08\/Kerzendorf-ehemaliges-Denkmal-150x150.jpg\" class=\"attachment-thumbnail size-thumbnail\" alt=\"\" srcset=\"http:\/\/www.denkfried.de\/wp\/wp-content\/uploads\/2012\/08\/Kerzendorf-ehemaliges-Denkmal-150x150.jpg 150w, http:\/\/www.denkfried.de\/wp\/wp-content\/uploads\/2012\/08\/Kerzendorf-ehemaliges-Denkmal-300x300.jpg 300w, http:\/\/www.denkfried.de\/wp\/wp-content\/uploads\/2012\/08\/Kerzendorf-ehemaliges-Denkmal.jpg 638w\" sizes=\"auto, (max-width: 150px) 100vw, 150px\" \/><\/a>\n\t\t\t<\/dt><\/dl><dl class='gallery-item'>\n\t\t\t<dt class='gallery-icon landscape'>\n\t\t\t\t<a href='http:\/\/www.denkfried.de\/wp\/?attachment_id=32164'><img loading=\"lazy\" decoding=\"async\" width=\"150\" height=\"150\" src=\"http:\/\/www.denkfried.de\/wp\/wp-content\/uploads\/2012\/08\/Kerzendorf-2013-150x150.jpg\" class=\"attachment-thumbnail size-thumbnail\" alt=\"\" \/><\/a>\n\t\t\t<\/dt><\/dl><dl class='gallery-item'>\n\t\t\t<dt class='gallery-icon portrait'>\n\t\t\t\t<a href='http:\/\/www.denkfried.de\/wp\/?attachment_id=24695'><img loading=\"lazy\" decoding=\"async\" width=\"150\" height=\"150\" src=\"http:\/\/www.denkfried.de\/wp\/wp-content\/uploads\/2012\/08\/DSCF20492-150x150.jpg\" class=\"attachment-thumbnail size-thumbnail\" alt=\"\" \/><\/a>\n\t\t\t<\/dt><\/dl><br style=\"clear: both\" \/>\n\t\t<\/div>\n\n<p><strong>Grabanlage 1813 auf dem Schanzenberg<\/strong><\/p>\n<p>Ein Gedenkstein am Stra\u00dfenrand als &#8222;Wegweiser&#8220;. Ein Weg von hier f\u00fchrt in den Wald, erst folgen Reste einer Gedenks\u00e4ule und folgt eine weitere Grabst\u00e4tte. Auf der anderen Stra\u00dfenseite etwa 30 Meter im Wald, befindet sich ein weiterer Gedenkstein.<\/p>\n<p>Am 22. August 1813 fanden bei Kerzendorf und Wietstock Gefechte im Zuge der\u00a0Schlacht bei Gro\u00dfbeeren\u00a0statt, in deren Verlauf Wiestock in Brand geschossen wurde. Die fast \u00fcberwachsenen\u00a0Wietstocker Schanzen\u00a0und Gedenksteine in einem Wald westlich des Nuthegrabens an der Stra\u00dfe nach Ludwigsfelde erinnern an diese K\u00e4mpfe der\u00a0preu\u00dfischen Landwehr\u00a0gegen die Truppen\u00a0Napoleons.<\/p>\n<p>Am Fahrradweg wurde 200 Jahre nach der Schlacht ein Gedenkstein neu aufgestellt. Ein Findling tr\u00e4gt hier die Inschrift:<\/p>\n<address style=\"text-align: center;\"><strong>Erinnerung an das opferreiche Gefecht bei<\/strong><\/address>\n<address style=\"text-align: center;\"><strong>Wietstock vor 200 Jahren am 22. August 1813<\/strong><\/address>\n<address style=\"text-align: center;\"><strong>im napoleonischen Befreiungskrieg.<\/strong><\/address>\n<address style=\"text-align: center;\">\u00a0<\/address>\n<address style=\"text-align: center;\">22. August 2013<\/address>\n<address style=\"text-align: center;\">Geschichtsverein und Stadt Ludwigsfelde<\/address>\n<address style=\"text-align: center;\">\u00a0<\/address>\n<p><span style=\"text-decoration: underline;\"><strong>Denkmal<\/strong><\/span> an der Stra\u00dfe, der Gedenkstein wurde wurde zur Zeit der DDR errichtet.<\/p>\n<p style=\"text-align: center;\"><em><strong>1813<\/strong><\/em><br \/>\n<em><strong>Gewidmet dem Andenken der am Vorabend der Schlacht von Grossbeeren im Kampf gegen die franz\u00f6sische Armee des Marschalls Oudinot gefallenen Soldaten u. Offiziere<\/strong><\/em><\/p>\n<p><span style=\"text-decoration: underline;\"><strong>Gedenks\u00e4ule<\/strong><\/span> am Weg zur Ehrengrabst\u00e4tte ist heut noch der Sockel zu erkennen. Einst war noch ein Steinkreuz aufgesetzt.<span style=\"text-decoration: underline;\"><strong><br \/>\n<\/strong><\/span><\/p>\n<p><strong>Hier ruht die Asche\u00a0W. Busch, Adjutant der Uckerm\u00e4rkschen Landwehr Cavallerie starb den Tod f\u00fcrs Vaterland d. 22. Aug. 1813<\/strong><\/p>\n<p><span style=\"text-decoration: underline;\"><strong>Ehrengrabst\u00e4tte<\/strong><\/span><\/p>\n<p>Zu erkennen ist noch der Sockel, und ein Stein mit Inschrift. Hier sind die Namen zweier Freunde verzeichnet, Otto von Dargirz und Carl Graf Dohna. Sie wurden am Tag nach der Schlacht von einer Patrouille des Regiments entdeckt und begraben. Sp\u00e4ter wurde ein Garb errichtet, veranla\u00dft wurde der Bau, vom preu\u00dfischen K\u00f6nig Friedrich Wilhelm IV.<\/p>\n<address style=\"text-align: center;\"><strong><em>Hier ruhen die gefallenen Offiziere des 2.\u00a0westpreussischen\u00a0Dragoner-Regiments<\/em><\/strong><\/address>\n<address style=\"text-align: center;\"><strong>Gefallen am 22. August 1813<\/strong><\/address>\n<address style=\"text-align: center;\">\u00a0<\/address>\n<p><span style=\"text-decoration: underline;\"><strong>Gedenkstein<\/strong><\/span> auf der anderen Stra\u00dfenseite, ca 40 meter im Wald. Errichtet zur Zeit der DDR, der Stein ersetzt eine Gedenks\u00e4ule 1860.<\/p>\n<p><em><strong>1813\u00a0Im Kampf gegen die franz\u00f6sische Okkupationsarmee bestand hier das II. Kurm\u00e4rkische Landwehr- kavallerieregiment bei der Verteidigung Berlins seine Feuertaufe. Hier fiel der Kommandeur dieses Regiments Major von Wedel<\/strong><\/em><\/p>\n<p><strong>Gedenktafel 1813<\/strong> f\u00fcr die Gefallenen des Gefechts bei Wiestock<\/p>\n<p>Das Denkmal ist nicht mehr vorhanden, ein baumstamm \u00e4hnliches denkmal, mit Gedenktafel. Gestiftet wurde das Denkmal vom ehemaligen Besitzes des Gutes L\u00f6wenbruch. Auf der Tafel in Schildform stand folgendes:<\/p>\n<address style=\"text-align: center;\"><em><strong>\u00a0Zur Ehre Gottes, des Allerh\u00f6chsten, und zum Ruhme preu\u00dfischer Waffen<\/strong><\/em><\/address>\n<address style=\"text-align: center;\"><em><strong>fanden diese Kriger im Gefecht bei Wiestock, den 22. August 1813,<\/strong><\/em><\/address>\n<address style=\"text-align: center;\"><em><strong>den Heldentod. Wanderer stehe stille, ehre ihr Andenken und ehre dich selbst<\/strong><\/em><\/address>\n<address style=\"text-align: center;\">\u00a0<\/address>\n<p><strong>1914-1918<\/strong><\/p>\n<p>Auf dem Friedhof konnte ein Grab eines Gefallenen des Ersten Weltkriegs dokumentiert werden.<\/p>\n<p>&nbsp;<\/p>\n","protected":false},"excerpt":{"rendered":"<p>&nbsp; Ludwigsfelde &#8211; OT Kerzendorf Bericht und Bilder von Thomas\u00a0 Gefallenendenkm\u00e4ler Berlin\/Brandenburg Grabanlage 1813 auf dem Schanzenberg Ein Gedenkstein am Stra\u00dfenrand als &#8222;Wegweiser&#8220;. Ein Weg von hier f\u00fchrt in den Wald, erst folgen Reste einer Gedenks\u00e4ule und folgt eine weitere &hellip; <a href=\"http:\/\/www.denkfried.de\/wp\/?page_id=24335\">Weiterlesen <span class=\"meta-nav\">&rarr;<\/span><\/a><\/p>\n","protected":false},"author":9,"featured_media":0,"parent":24308,"menu_order":0,"comment_status":"closed","ping_status":"open","template":"","meta":{"footnotes":""},"class_list":["post-24335","page","type-page","status-publish","hentry"],"_links":{"self":[{"href":"http:\/\/www.denkfried.de\/wp\/index.php?rest_route=\/wp\/v2\/pages\/24335","targetHints":{"allow":["GET"]}}],"collection":[{"href":"http:\/\/www.denkfried.de\/wp\/index.php?rest_route=\/wp\/v2\/pages"}],"about":[{"href":"http:\/\/www.denkfried.de\/wp\/index.php?rest_route=\/wp\/v2\/types\/page"}],"author":[{"embeddable":true,"href":"http:\/\/www.denkfried.de\/wp\/index.php?rest_route=\/wp\/v2\/users\/9"}],"replies":[{"embeddable":true,"href":"http:\/\/www.denkfried.de\/wp\/index.php?rest_route=%2Fwp%2Fv2%2Fcomments&post=24335"}],"version-history":[{"count":31,"href":"http:\/\/www.denkfried.de\/wp\/index.php?rest_route=\/wp\/v2\/pages\/24335\/revisions"}],"predecessor-version":[{"id":40320,"href":"http:\/\/www.denkfried.de\/wp\/index.php?rest_route=\/wp\/v2\/pages\/24335\/revisions\/40320"}],"up":[{"embeddable":true,"href":"http:\/\/www.denkfried.de\/wp\/index.php?rest_route=\/wp\/v2\/pages\/24308"}],"wp:attachment":[{"href":"http:\/\/www.denkfried.de\/wp\/index.php?rest_route=%2Fwp%2Fv2%2Fmedia&parent=24335"}],"curies":[{"name":"wp","href":"https:\/\/api.w.org\/{rel}","templated":true}]}}