{"id":24297,"date":"2012-08-19T10:29:17","date_gmt":"2012-08-19T08:29:17","guid":{"rendered":"http:\/\/www.denkfried.de\/wp\/?page_id=24297"},"modified":"2015-12-28T23:13:57","modified_gmt":"2015-12-28T22:13:57","slug":"neu-langewisch","status":"publish","type":"page","link":"http:\/\/www.denkfried.de\/wp\/?page_id=24297","title":{"rendered":"Neu Langewisch"},"content":{"rendered":"<p>&nbsp;<\/p>\n<p>Michendorf &#8211; <strong>OT Neu Langerwisch<\/strong><\/p>\n<p>Bericht und Bilder von Thomas\u00a0<a href=\"http:\/\/g-bb.jimdo.com\/\">Gefallenendenkm\u00e4ler Berlin\/Brandenburg<\/a><\/p>\n<div id='gallery-1' class='gallery galleryid-24297 gallery-columns-4 gallery-size-thumbnail'><dl class='gallery-item'>\n\t\t\t<dt class='gallery-icon landscape'>\n\t\t\t\t<a href='http:\/\/www.denkfried.de\/wp\/?attachment_id=24300'><img loading=\"lazy\" decoding=\"async\" width=\"150\" height=\"150\" src=\"http:\/\/www.denkfried.de\/wp\/wp-content\/uploads\/2012\/08\/DSCF2174-150x150.jpg\" class=\"attachment-thumbnail size-thumbnail\" alt=\"\" \/><\/a>\n\t\t\t<\/dt><\/dl><dl class='gallery-item'>\n\t\t\t<dt class='gallery-icon landscape'>\n\t\t\t\t<a href='http:\/\/www.denkfried.de\/wp\/?attachment_id=24299'><img loading=\"lazy\" decoding=\"async\" width=\"150\" height=\"150\" src=\"http:\/\/www.denkfried.de\/wp\/wp-content\/uploads\/2012\/08\/DSCF2173-150x150.jpg\" class=\"attachment-thumbnail size-thumbnail\" alt=\"\" \/><\/a>\n\t\t\t<\/dt><\/dl><dl class='gallery-item'>\n\t\t\t<dt class='gallery-icon portrait'>\n\t\t\t\t<a href='http:\/\/www.denkfried.de\/wp\/?attachment_id=24301'><img loading=\"lazy\" decoding=\"async\" width=\"150\" height=\"150\" src=\"http:\/\/www.denkfried.de\/wp\/wp-content\/uploads\/2012\/08\/DSCF2175-150x150.jpg\" class=\"attachment-thumbnail size-thumbnail\" alt=\"\" \/><\/a>\n\t\t\t<\/dt><\/dl><dl class='gallery-item'>\n\t\t\t<dt class='gallery-icon landscape'>\n\t\t\t\t<a href='http:\/\/www.denkfried.de\/wp\/?attachment_id=24302'><img loading=\"lazy\" decoding=\"async\" width=\"150\" height=\"150\" src=\"http:\/\/www.denkfried.de\/wp\/wp-content\/uploads\/2012\/08\/DSCF2176-150x150.jpg\" class=\"attachment-thumbnail size-thumbnail\" alt=\"\" \/><\/a>\n\t\t\t<\/dt><\/dl><br style=\"clear: both\" \/>\n\t\t<\/div>\n\n<p>Ein Gedenkstein befindet sich an der Peter-Huchel-Chaussee \/ Ecke Neu-Langerwisch. Ein Felsen welcher mit 11 Gefallene des Ersten Weltkrieges versehen ist. Ober ist ein Eisernes Kreuz und die Kriegsjahre und folgende Inschrift ist zu sehen:<\/p>\n<address style=\"text-align: center;\"><em><strong>\u00a0Stein der Heimat<\/strong><\/em><\/address>\n<address style=\"text-align: center;\"><em><strong>K\u00fcnde die Namen derer<\/strong><\/em><\/address>\n<address style=\"text-align: center;\"><em><strong>die f\u00fcr die Heimat starben<\/strong><\/em><\/address>\n<address style=\"text-align: center;\">\u00a0<\/address>\n<address style=\"text-align: center;\"><em><strong>Euer Andenken ehrt die Gemeinde Naulangerwisch<\/strong><\/em><\/address>\n<address style=\"text-align: center;\">\u00a0<\/address>\n<p>Gegen\u00fcber, auf der anderen Stra\u00dfenseite befindet sich der Kirchhof. Hier konnten drei Gedenken f\u00fcr Kriegstote des Zweiten Weltkrieges dokumentiert werden.<\/p>\n<p>&nbsp;<\/p>\n","protected":false},"excerpt":{"rendered":"<p>&nbsp; Michendorf &#8211; OT Neu Langerwisch Bericht und Bilder von Thomas\u00a0Gefallenendenkm\u00e4ler Berlin\/Brandenburg Ein Gedenkstein befindet sich an der Peter-Huchel-Chaussee \/ Ecke Neu-Langerwisch. Ein Felsen welcher mit 11 Gefallene des Ersten Weltkrieges versehen ist. Ober ist ein Eisernes Kreuz und die &hellip; <a href=\"http:\/\/www.denkfried.de\/wp\/?page_id=24297\">Weiterlesen <span class=\"meta-nav\">&rarr;<\/span><\/a><\/p>\n","protected":false},"author":9,"featured_media":0,"parent":18099,"menu_order":0,"comment_status":"closed","ping_status":"open","template":"","meta":{"footnotes":""},"class_list":["post-24297","page","type-page","status-publish","hentry"],"_links":{"self":[{"href":"http:\/\/www.denkfried.de\/wp\/index.php?rest_route=\/wp\/v2\/pages\/24297","targetHints":{"allow":["GET"]}}],"collection":[{"href":"http:\/\/www.denkfried.de\/wp\/index.php?rest_route=\/wp\/v2\/pages"}],"about":[{"href":"http:\/\/www.denkfried.de\/wp\/index.php?rest_route=\/wp\/v2\/types\/page"}],"author":[{"embeddable":true,"href":"http:\/\/www.denkfried.de\/wp\/index.php?rest_route=\/wp\/v2\/users\/9"}],"replies":[{"embeddable":true,"href":"http:\/\/www.denkfried.de\/wp\/index.php?rest_route=%2Fwp%2Fv2%2Fcomments&post=24297"}],"version-history":[{"count":9,"href":"http:\/\/www.denkfried.de\/wp\/index.php?rest_route=\/wp\/v2\/pages\/24297\/revisions"}],"predecessor-version":[{"id":40186,"href":"http:\/\/www.denkfried.de\/wp\/index.php?rest_route=\/wp\/v2\/pages\/24297\/revisions\/40186"}],"up":[{"embeddable":true,"href":"http:\/\/www.denkfried.de\/wp\/index.php?rest_route=\/wp\/v2\/pages\/18099"}],"wp:attachment":[{"href":"http:\/\/www.denkfried.de\/wp\/index.php?rest_route=%2Fwp%2Fv2%2Fmedia&parent=24297"}],"curies":[{"name":"wp","href":"https:\/\/api.w.org\/{rel}","templated":true}]}}