{"id":242,"date":"2011-04-02T14:57:00","date_gmt":"2011-04-02T12:57:00","guid":{"rendered":"http:\/\/www.bilderstapel.de\/test\/wp\/?page_id=242"},"modified":"2011-04-04T15:17:54","modified_gmt":"2011-04-04T13:17:54","slug":"georgien","status":"publish","type":"page","link":"http:\/\/www.denkfried.de\/wp\/?page_id=242","title":{"rendered":"Georgien"},"content":{"rendered":"<p>Vorderasien<\/p>\n<p>Hauptstadt:\u00a0 \u00a0<span style=\"text-decoration: underline;\"><span style=\"color: #ff0000;\"><strong>Tiflis<\/strong><\/span><\/span><\/p>\n<p>Kriegsgr\u00e4berabkommen: 05.02.1995<\/p>\n<p>Die  Anzahl der Toten erheben nicht den Anspruch auf Richtigkeit und  Vollst\u00e4ndigkeit. Durch zwischenzeitliche Bergungen k\u00f6nnen sich die  Zahlen st\u00e4ndig \u00e4ndern.<\/p>\n<p>Bolisi<br \/>\nBulatschauri<br \/>\nDsegwi<br \/>\nGorj<br \/>\nKasbegi<br \/>\nKrestowyi Perewal<br \/>\nKsani<br \/>\nKwabischewi I<br \/>\nKwabischewi II<br \/>\nRuchi<br \/>\nRustawi<br \/>\nSaburtala<br \/>\nSagaredsho<br \/>\nSairme<br \/>\nSurami<br \/>\nTbilisi<br \/>\nTelawi<br \/>\nTkibuli<br \/>\nTschitachewi I<br \/>\nTschitachewi II<br \/>\nTschitauri<br \/>\nWeli<br \/>\nZalka I<br \/>\nZalka II<\/p>\n","protected":false},"excerpt":{"rendered":"<p>Vorderasien Hauptstadt:\u00a0 \u00a0Tiflis Kriegsgr\u00e4berabkommen: 05.02.1995 Die Anzahl der Toten erheben nicht den Anspruch auf Richtigkeit und Vollst\u00e4ndigkeit. Durch zwischenzeitliche Bergungen k\u00f6nnen sich die Zahlen st\u00e4ndig \u00e4ndern. Bolisi Bulatschauri Dsegwi Gorj Kasbegi Krestowyi Perewal Ksani Kwabischewi I Kwabischewi II Ruchi Rustawi &hellip; <a href=\"http:\/\/www.denkfried.de\/wp\/?page_id=242\">Weiterlesen <span class=\"meta-nav\">&rarr;<\/span><\/a><\/p>\n","protected":false},"author":2,"featured_media":0,"parent":177,"menu_order":3,"comment_status":"open","ping_status":"open","template":"","meta":{"footnotes":""},"class_list":["post-242","page","type-page","status-publish","hentry"],"_links":{"self":[{"href":"http:\/\/www.denkfried.de\/wp\/index.php?rest_route=\/wp\/v2\/pages\/242","targetHints":{"allow":["GET"]}}],"collection":[{"href":"http:\/\/www.denkfried.de\/wp\/index.php?rest_route=\/wp\/v2\/pages"}],"about":[{"href":"http:\/\/www.denkfried.de\/wp\/index.php?rest_route=\/wp\/v2\/types\/page"}],"author":[{"embeddable":true,"href":"http:\/\/www.denkfried.de\/wp\/index.php?rest_route=\/wp\/v2\/users\/2"}],"replies":[{"embeddable":true,"href":"http:\/\/www.denkfried.de\/wp\/index.php?rest_route=%2Fwp%2Fv2%2Fcomments&post=242"}],"version-history":[{"count":3,"href":"http:\/\/www.denkfried.de\/wp\/index.php?rest_route=\/wp\/v2\/pages\/242\/revisions"}],"predecessor-version":[{"id":687,"href":"http:\/\/www.denkfried.de\/wp\/index.php?rest_route=\/wp\/v2\/pages\/242\/revisions\/687"}],"up":[{"embeddable":true,"href":"http:\/\/www.denkfried.de\/wp\/index.php?rest_route=\/wp\/v2\/pages\/177"}],"wp:attachment":[{"href":"http:\/\/www.denkfried.de\/wp\/index.php?rest_route=%2Fwp%2Fv2%2Fmedia&parent=242"}],"curies":[{"name":"wp","href":"https:\/\/api.w.org\/{rel}","templated":true}]}}