{"id":24164,"date":"2012-08-17T23:41:02","date_gmt":"2012-08-17T21:41:02","guid":{"rendered":"http:\/\/www.denkfried.de\/wp\/?page_id=24164"},"modified":"2013-09-02T19:19:31","modified_gmt":"2013-09-02T17:19:31","slug":"blankenfelde-mahlow","status":"publish","type":"page","link":"http:\/\/www.denkfried.de\/wp\/?page_id=24164","title":{"rendered":"Blankenfelde-Mahlow"},"content":{"rendered":"<p>&nbsp;<\/p>\n<p><span style=\"text-decoration: underline;\"><strong>15827 Blankenfelde-Mahlow<\/strong><\/span><\/p>\n<p>Eine amtsfreie\u00a0Gemeinde\u00a0im n\u00f6rdlichen Teil des\u00a0Landkreises Teltow-Fl\u00e4ming\u00a0in\u00a0Brandenburg. Sie entstand am 26.\u00a0Oktober 2003 durch den Zusammenschluss der f\u00fcnf vorher selbst\u00e4ndigen Gemeinden.<\/p>\n<blockquote>\n<blockquote>\n<ul>\n<li><a href=\"http:\/\/www.denkfried.de\/wp\/?page_id=14322\">OT &#8211; Blankenfelde<\/a><\/li>\n<li><a href=\"http:\/\/www.denkfried.de\/wp\/?page_id=14439\">OT &#8211; Dahlewitz<\/a><\/li>\n<li>OT &#8211; Glasow<\/li>\n<li>OT &#8211; Gro\u00df Kienitz<\/li>\n<li><a href=\"http:\/\/www.denkfried.de\/wp\/?page_id=32229\">OT &#8211; J\u00fchnsdorf<\/a><\/li>\n<li><a href=\"http:\/\/www.denkfried.de\/wp\/?page_id=14431\">OT &#8211; Mahlow<\/a><\/li>\n<\/ul>\n<\/blockquote>\n<\/blockquote>\n<p>&nbsp;<\/p>\n<p>&nbsp;<\/p>\n","protected":false},"excerpt":{"rendered":"<p>&nbsp; 15827 Blankenfelde-Mahlow Eine amtsfreie\u00a0Gemeinde\u00a0im n\u00f6rdlichen Teil des\u00a0Landkreises Teltow-Fl\u00e4ming\u00a0in\u00a0Brandenburg. Sie entstand am 26.\u00a0Oktober 2003 durch den Zusammenschluss der f\u00fcnf vorher selbst\u00e4ndigen Gemeinden. OT &#8211; Blankenfelde OT &#8211; Dahlewitz OT &#8211; Glasow OT &#8211; Gro\u00df Kienitz OT &#8211; J\u00fchnsdorf OT &#8211; &hellip; <a href=\"http:\/\/www.denkfried.de\/wp\/?page_id=24164\">Weiterlesen <span class=\"meta-nav\">&rarr;<\/span><\/a><\/p>\n","protected":false},"author":9,"featured_media":0,"parent":4746,"menu_order":0,"comment_status":"closed","ping_status":"open","template":"","meta":{"footnotes":""},"class_list":["post-24164","page","type-page","status-publish","hentry"],"_links":{"self":[{"href":"http:\/\/www.denkfried.de\/wp\/index.php?rest_route=\/wp\/v2\/pages\/24164","targetHints":{"allow":["GET"]}}],"collection":[{"href":"http:\/\/www.denkfried.de\/wp\/index.php?rest_route=\/wp\/v2\/pages"}],"about":[{"href":"http:\/\/www.denkfried.de\/wp\/index.php?rest_route=\/wp\/v2\/types\/page"}],"author":[{"embeddable":true,"href":"http:\/\/www.denkfried.de\/wp\/index.php?rest_route=\/wp\/v2\/users\/9"}],"replies":[{"embeddable":true,"href":"http:\/\/www.denkfried.de\/wp\/index.php?rest_route=%2Fwp%2Fv2%2Fcomments&post=24164"}],"version-history":[{"count":9,"href":"http:\/\/www.denkfried.de\/wp\/index.php?rest_route=\/wp\/v2\/pages\/24164\/revisions"}],"predecessor-version":[{"id":32243,"href":"http:\/\/www.denkfried.de\/wp\/index.php?rest_route=\/wp\/v2\/pages\/24164\/revisions\/32243"}],"up":[{"embeddable":true,"href":"http:\/\/www.denkfried.de\/wp\/index.php?rest_route=\/wp\/v2\/pages\/4746"}],"wp:attachment":[{"href":"http:\/\/www.denkfried.de\/wp\/index.php?rest_route=%2Fwp%2Fv2%2Fmedia&parent=24164"}],"curies":[{"name":"wp","href":"https:\/\/api.w.org\/{rel}","templated":true}]}}