{"id":2414,"date":"2011-04-11T21:00:30","date_gmt":"2011-04-11T19:00:30","guid":{"rendered":"http:\/\/www.denkfried.de\/wp\/?page_id=2414"},"modified":"2011-07-16T23:54:42","modified_gmt":"2011-07-16T21:54:42","slug":"wimiwille-terlincthun-brit-fh","status":"publish","type":"page","link":"http:\/\/www.denkfried.de\/wp\/?page_id=2414","title":{"rendered":"Wimille-Terlincthun (brit.FH)"},"content":{"rendered":"<p>&nbsp;<\/p>\n<p><span style=\"text-decoration: underline; color: #000000;\"><strong>62126 Wimille -Terlincthun<\/strong><\/span><\/p>\n<p><span style=\"color: #ff0000;\"><span style=\"color: #000000;\">D\u00e9p. Pas de Calais<\/span><\/span><span style=\"text-decoration: underline; color: #ff0000;\"><strong><br \/>\n<\/strong><\/span><\/p>\n<p><span style=\"text-decoration: underline; color: #000000;\">Aus dem Reisebericht von Hubert M. :<\/span><\/p>\n<p>Es ist jetzt 10:50 Uhr am 23.07.2007 und wir haben endlich nach langem suchen den britischen Soldatenfriedhof Wimiwille -Terlincthun gefunden. Trotz das das Gr\u00e4berfeld sehr gro\u00df ist, haben viele nicht gewusst wo der Friedhof zu finden ist. Der Friedhof liegt am n\u00f6rdlichen Stadrand von Boulogne. Von Calais aus nach Boulogne an der A 16, an der 3. Abfahrt auf die D 96 E bis Wimereux S\u00fcd, auf dieser Strasse bleiben und ca.nach 1 km kommt der Friedhof auf der linken Strassenseite. Die erste Stationierung von Commonwelth Truppen fand in der Nahe von Terlincthun im August 1914 statt. W\u00e4hrend des gesamten Krieges waren in Boulogne und Wimereux zahlreiche medizinische Einrichtungen und Krankenh\u00e4user eingerichtet. Der Friedhof in Terlicthun wurde 1918 angelegt als in \u00f6ffentlichen Friedh\u00f6fen in Boulogne und Wimereux keine Einbettungen mehr vorgenommen werden konnten. W\u00e4hrend des Zweiten Weltkriegs gab es in dieser Region 1940 schwere K\u00e4mpfe, der Friedhof erlitt erhebliche Sch\u00e4den aus dem Beschuss.<br \/>\nEs sind auf dem gemeinsamen Gr\u00e4berfeld 3859 Briten,356 Kanadier, 114 Australier, 32 NZ., 42 S\u00fcdafrikaner, 4 Inder, 198 Deutsche beigesetzt.<br \/>\n1 exekutierter &#8222;Shot of Dawn&#8220; Second Lieutnand JH Patterson, 3. Bn.Essex Regiment, ausgef\u00fchrt wegen Mord am 24.9.1918 ist auch hier bestattet.<br \/>\nUnd als wir den Friedhof besuchen sind gerade f\u00fcnf G\u00e4rtner mit Rasenm\u00e4hen besch\u00e4ftigt, wir sehen auch wie die Rasenkante akkurat gem\u00e4ht wird. Hierzu gibt es einen extra Rasenm\u00e4her dessen Messer vorne senkrecht angebracht ist,und so die Rasenkante zurechtschneidet.<\/p>\n<p><span style=\"text-decoration: underline; color: #ff0000;\"><strong><div id='gallery-1' class='gallery galleryid-2414 gallery-columns-4 gallery-size-thumbnail'><dl class='gallery-item'>\n\t\t\t<dt class='gallery-icon landscape'>\n\t\t\t\t<a href='http:\/\/www.denkfried.de\/wp\/?attachment_id=2415'><img loading=\"lazy\" decoding=\"async\" width=\"150\" height=\"150\" src=\"http:\/\/www.denkfried.de\/wp\/wp-content\/uploads\/2011\/04\/Brit.Wimille-Gr\u00e4berfeld-002-150x150.jpg\" class=\"attachment-thumbnail size-thumbnail\" alt=\"\" \/><\/a>\n\t\t\t<\/dt><\/dl><dl class='gallery-item'>\n\t\t\t<dt class='gallery-icon landscape'>\n\t\t\t\t<a href='http:\/\/www.denkfried.de\/wp\/?attachment_id=2417'><img loading=\"lazy\" decoding=\"async\" width=\"150\" height=\"150\" src=\"http:\/\/www.denkfried.de\/wp\/wp-content\/uploads\/2011\/04\/Brit.Wimille-Eingang-001-150x150.jpg\" class=\"attachment-thumbnail size-thumbnail\" alt=\"\" \/><\/a>\n\t\t\t<\/dt><\/dl><dl class='gallery-item'>\n\t\t\t<dt class='gallery-icon landscape'>\n\t\t\t\t<a href='http:\/\/www.denkfried.de\/wp\/?attachment_id=2416'><img loading=\"lazy\" decoding=\"async\" width=\"150\" height=\"150\" src=\"http:\/\/www.denkfried.de\/wp\/wp-content\/uploads\/2011\/04\/Brit.Wimille-deutsche-Gr\u00e4ber-003-150x150.jpg\" class=\"attachment-thumbnail size-thumbnail\" alt=\"\" \/><\/a>\n\t\t\t<\/dt><\/dl>\n\t\t\t<br style='clear: both' \/>\n\t\t<\/div>\n<br \/>\n<\/strong><\/span><\/p>\n","protected":false},"excerpt":{"rendered":"<p>&nbsp; 62126 Wimille -Terlincthun D\u00e9p. Pas de Calais Aus dem Reisebericht von Hubert M. : Es ist jetzt 10:50 Uhr am 23.07.2007 und wir haben endlich nach langem suchen den britischen Soldatenfriedhof Wimiwille -Terlincthun gefunden. Trotz das das Gr\u00e4berfeld sehr &hellip; <a href=\"http:\/\/www.denkfried.de\/wp\/?page_id=2414\">Weiterlesen <span class=\"meta-nav\">&rarr;<\/span><\/a><\/p>\n","protected":false},"author":2,"featured_media":0,"parent":8277,"menu_order":0,"comment_status":"closed","ping_status":"open","template":"","meta":{"footnotes":""},"class_list":["post-2414","page","type-page","status-publish","hentry"],"_links":{"self":[{"href":"http:\/\/www.denkfried.de\/wp\/index.php?rest_route=\/wp\/v2\/pages\/2414","targetHints":{"allow":["GET"]}}],"collection":[{"href":"http:\/\/www.denkfried.de\/wp\/index.php?rest_route=\/wp\/v2\/pages"}],"about":[{"href":"http:\/\/www.denkfried.de\/wp\/index.php?rest_route=\/wp\/v2\/types\/page"}],"author":[{"embeddable":true,"href":"http:\/\/www.denkfried.de\/wp\/index.php?rest_route=\/wp\/v2\/users\/2"}],"replies":[{"embeddable":true,"href":"http:\/\/www.denkfried.de\/wp\/index.php?rest_route=%2Fwp%2Fv2%2Fcomments&post=2414"}],"version-history":[{"count":7,"href":"http:\/\/www.denkfried.de\/wp\/index.php?rest_route=\/wp\/v2\/pages\/2414\/revisions"}],"predecessor-version":[{"id":2420,"href":"http:\/\/www.denkfried.de\/wp\/index.php?rest_route=\/wp\/v2\/pages\/2414\/revisions\/2420"}],"up":[{"embeddable":true,"href":"http:\/\/www.denkfried.de\/wp\/index.php?rest_route=\/wp\/v2\/pages\/8277"}],"wp:attachment":[{"href":"http:\/\/www.denkfried.de\/wp\/index.php?rest_route=%2Fwp%2Fv2%2Fmedia&parent=2414"}],"curies":[{"name":"wp","href":"https:\/\/api.w.org\/{rel}","templated":true}]}}