{"id":24135,"date":"2012-08-17T22:59:06","date_gmt":"2012-08-17T20:59:06","guid":{"rendered":"http:\/\/www.denkfried.de\/wp\/?page_id=24135"},"modified":"2014-08-17T18:55:57","modified_gmt":"2014-08-17T16:55:57","slug":"nuthe-urstromtal","status":"publish","type":"page","link":"http:\/\/www.denkfried.de\/wp\/?page_id=24135","title":{"rendered":"Nuthe-Urstromtal"},"content":{"rendered":"<p>&nbsp;<\/p>\n<p><span style=\"text-decoration: underline;\"><strong>14947\u00a0Nuthe-Urstromtal<\/strong><\/span><\/p>\n<p>Eine Gemeinde mit 23 D\u00f6rfern (Ortsteilen) im\u00a0Landkreis Teltow-Fl\u00e4ming\u00a0in\u00a0Brandenburg.<\/p>\n<blockquote>\n<ul>\n<li>Ahrensdorf<\/li>\n<li>Berkenbr\u00fcck<\/li>\n<li>Dobbrikow<\/li>\n<li><a href=\"http:\/\/www.denkfried.de\/wp\/?page_id=32293\">D\u00fcmde<\/a><\/li>\n<li>Felgentreu<\/li>\n<li><a href=\"http:\/\/www.denkfried.de\/wp\/?page_id=14313\">Frankenf\u00f6rde<\/a><\/li>\n<li><a href=\"http:\/\/www.denkfried.de\/wp\/?page_id=32279\">Gottow<\/a><\/li>\n<li>Gottsdorf<\/li>\n<li>Hennickendorf<\/li>\n<li><a href=\"http:\/\/www.denkfried.de\/wp\/?page_id=32248\">J\u00e4nickendorf<\/a><\/li>\n<li><a href=\"http:\/\/www.denkfried.de\/wp\/?page_id=14460\">Kemnitz<\/a><\/li>\n<li>Lieb\u00e4tz<\/li>\n<li>Lynow<\/li>\n<li>M\u00e4rtensm\u00fchle<\/li>\n<li>Nettgendorf<\/li>\n<li><a href=\"http:\/\/www.denkfried.de\/wp\/?page_id=36073\">Ruhlsdorf<\/a><\/li>\n<li>Scharfenbr\u00fcck<\/li>\n<li><a href=\"http:\/\/www.denkfried.de\/wp\/?page_id=32395\">Sch\u00f6nefeld<\/a><\/li>\n<li>Sch\u00f6neweide<\/li>\n<li><a href=\"http:\/\/www.denkfried.de\/wp\/?page_id=32405\">St\u00fclpe<\/a><\/li>\n<li><a href=\"http:\/\/www.denkfried.de\/wp\/?page_id=32414\">Woltersdorf<\/a><\/li>\n<li>Z\u00fclichendorf<\/li>\n<\/ul>\n<\/blockquote>\n<p>&nbsp;<\/p>\n","protected":false},"excerpt":{"rendered":"<p>&nbsp; 14947\u00a0Nuthe-Urstromtal Eine Gemeinde mit 23 D\u00f6rfern (Ortsteilen) im\u00a0Landkreis Teltow-Fl\u00e4ming\u00a0in\u00a0Brandenburg. Ahrensdorf Berkenbr\u00fcck Dobbrikow D\u00fcmde Felgentreu Frankenf\u00f6rde Gottow Gottsdorf Hennickendorf J\u00e4nickendorf Kemnitz Lieb\u00e4tz Lynow M\u00e4rtensm\u00fchle Nettgendorf Ruhlsdorf Scharfenbr\u00fcck Sch\u00f6nefeld Sch\u00f6neweide St\u00fclpe Woltersdorf Z\u00fclichendorf &nbsp;<\/p>\n","protected":false},"author":9,"featured_media":0,"parent":4746,"menu_order":0,"comment_status":"closed","ping_status":"open","template":"","meta":{"footnotes":""},"class_list":["post-24135","page","type-page","status-publish","hentry"],"_links":{"self":[{"href":"http:\/\/www.denkfried.de\/wp\/index.php?rest_route=\/wp\/v2\/pages\/24135","targetHints":{"allow":["GET"]}}],"collection":[{"href":"http:\/\/www.denkfried.de\/wp\/index.php?rest_route=\/wp\/v2\/pages"}],"about":[{"href":"http:\/\/www.denkfried.de\/wp\/index.php?rest_route=\/wp\/v2\/types\/page"}],"author":[{"embeddable":true,"href":"http:\/\/www.denkfried.de\/wp\/index.php?rest_route=\/wp\/v2\/users\/9"}],"replies":[{"embeddable":true,"href":"http:\/\/www.denkfried.de\/wp\/index.php?rest_route=%2Fwp%2Fv2%2Fcomments&post=24135"}],"version-history":[{"count":15,"href":"http:\/\/www.denkfried.de\/wp\/index.php?rest_route=\/wp\/v2\/pages\/24135\/revisions"}],"predecessor-version":[{"id":36085,"href":"http:\/\/www.denkfried.de\/wp\/index.php?rest_route=\/wp\/v2\/pages\/24135\/revisions\/36085"}],"up":[{"embeddable":true,"href":"http:\/\/www.denkfried.de\/wp\/index.php?rest_route=\/wp\/v2\/pages\/4746"}],"wp:attachment":[{"href":"http:\/\/www.denkfried.de\/wp\/index.php?rest_route=%2Fwp%2Fv2%2Fmedia&parent=24135"}],"curies":[{"name":"wp","href":"https:\/\/api.w.org\/{rel}","templated":true}]}}