{"id":24127,"date":"2012-08-17T22:46:21","date_gmt":"2012-08-17T20:46:21","guid":{"rendered":"http:\/\/www.denkfried.de\/wp\/?page_id=24127"},"modified":"2013-09-09T22:35:50","modified_gmt":"2013-09-09T20:35:50","slug":"niedergorsdorf","status":"publish","type":"page","link":"http:\/\/www.denkfried.de\/wp\/?page_id=24127","title":{"rendered":"Niederg\u00f6rsdorf"},"content":{"rendered":"<p>&nbsp;<\/p>\n<p><span style=\"text-decoration: underline;\"><strong>14913 Niederg\u00f6rsdorf<\/strong><\/span><\/p>\n<p>Eine Gemeinde im S\u00fcden des\u00a0Landkreises Teltow-Fl\u00e4ming.<\/p>\n<p>Die Gemeinde besteht aus folgenden <span style=\"text-decoration: underline;\">Ortsteilen:<\/span><\/p>\n<blockquote>\n<blockquote>\n<ul>\n<li><a href=\"http:\/\/www.denkfried.de\/wp\/?page_id=14448\">Altes Lager &#8211; Kriegsgr\u00e4berst\u00e4tte<\/a><\/li>\n<li><a href=\"http:\/\/www.denkfried.de\/wp\/?page_id=18432\">Altes Lager &#8211; Denkm\u00e4ler<\/a><\/li>\n<li><a href=\"http:\/\/www.denkfried.de\/wp\/?page_id=29471\">Bl\u00f6nsdorf<\/a><\/li>\n<li><a href=\"http:\/\/www.denkfried.de\/wp\/?page_id=29512\">Bochow<\/a><\/li>\n<li><a href=\"http:\/\/www.denkfried.de\/wp\/?page_id=31745\">Dalichow<\/a><\/li>\n<li><a href=\"http:\/\/www.denkfried.de\/wp\/?page_id=29593\">Danna<\/a><\/li>\n<li><a href=\"http:\/\/www.denkfried.de\/wp\/?page_id=29544\">Dennewitz<\/a><\/li>\n<li><a href=\"http:\/\/www.denkfried.de\/wp\/?page_id=29600\">Eckmannsdorf<\/a><\/li>\n<li><a href=\"http:\/\/www.denkfried.de\/wp\/?page_id=29484\">G\u00f6lsdorf<\/a><\/li>\n<li><a href=\"http:\/\/www.denkfried.de\/wp\/?page_id=29605\">Kaltenborn<\/a><\/li>\n<li>Kurzlipsdorf<\/li>\n<li><a href=\"http:\/\/www.denkfried.de\/wp\/?page_id=29506\">Langenlipsdorf<\/a><\/li>\n<li>Lindow<\/li>\n<li>Malterhausen<\/li>\n<li>Mellnsdorf<\/li>\n<li><a href=\"http:\/\/www.denkfried.de\/wp\/?page_id=29535\">Niederg\u00f6rsdorf<\/a><\/li>\n<li><a href=\"http:\/\/www.denkfried.de\/wp\/?page_id=29493\">Oehna<\/a><\/li>\n<li><a href=\"http:\/\/www.denkfried.de\/wp\/?page_id=29520\">Rohrbeck<\/a><\/li>\n<li>Sch\u00f6nefeld<\/li>\n<li><a href=\"http:\/\/www.denkfried.de\/wp\/?page_id=29477\">Seehausen<\/a><\/li>\n<li>Wergzahna<\/li>\n<li><a href=\"http:\/\/www.denkfried.de\/wp\/?page_id=29529\">W\u00f6lmsdorf<\/a><\/li>\n<li><a href=\"http:\/\/www.denkfried.de\/wp\/?page_id=29500\">Zellendorf<\/a><\/li>\n<\/ul>\n<\/blockquote>\n<\/blockquote>\n<p>&nbsp;<\/p>\n","protected":false},"excerpt":{"rendered":"<p>&nbsp; 14913 Niederg\u00f6rsdorf Eine Gemeinde im S\u00fcden des\u00a0Landkreises Teltow-Fl\u00e4ming. Die Gemeinde besteht aus folgenden Ortsteilen: Altes Lager &#8211; Kriegsgr\u00e4berst\u00e4tte Altes Lager &#8211; Denkm\u00e4ler Bl\u00f6nsdorf Bochow Dalichow Danna Dennewitz Eckmannsdorf G\u00f6lsdorf Kaltenborn Kurzlipsdorf Langenlipsdorf Lindow Malterhausen Mellnsdorf Niederg\u00f6rsdorf Oehna Rohrbeck Sch\u00f6nefeld &hellip; <a href=\"http:\/\/www.denkfried.de\/wp\/?page_id=24127\">Weiterlesen <span class=\"meta-nav\">&rarr;<\/span><\/a><\/p>\n","protected":false},"author":9,"featured_media":0,"parent":4746,"menu_order":0,"comment_status":"closed","ping_status":"open","template":"","meta":{"footnotes":""},"class_list":["post-24127","page","type-page","status-publish","hentry"],"_links":{"self":[{"href":"http:\/\/www.denkfried.de\/wp\/index.php?rest_route=\/wp\/v2\/pages\/24127","targetHints":{"allow":["GET"]}}],"collection":[{"href":"http:\/\/www.denkfried.de\/wp\/index.php?rest_route=\/wp\/v2\/pages"}],"about":[{"href":"http:\/\/www.denkfried.de\/wp\/index.php?rest_route=\/wp\/v2\/types\/page"}],"author":[{"embeddable":true,"href":"http:\/\/www.denkfried.de\/wp\/index.php?rest_route=\/wp\/v2\/users\/9"}],"replies":[{"embeddable":true,"href":"http:\/\/www.denkfried.de\/wp\/index.php?rest_route=%2Fwp%2Fv2%2Fcomments&post=24127"}],"version-history":[{"count":25,"href":"http:\/\/www.denkfried.de\/wp\/index.php?rest_route=\/wp\/v2\/pages\/24127\/revisions"}],"predecessor-version":[{"id":32501,"href":"http:\/\/www.denkfried.de\/wp\/index.php?rest_route=\/wp\/v2\/pages\/24127\/revisions\/32501"}],"up":[{"embeddable":true,"href":"http:\/\/www.denkfried.de\/wp\/index.php?rest_route=\/wp\/v2\/pages\/4746"}],"wp:attachment":[{"href":"http:\/\/www.denkfried.de\/wp\/index.php?rest_route=%2Fwp%2Fv2%2Fmedia&parent=24127"}],"curies":[{"name":"wp","href":"https:\/\/api.w.org\/{rel}","templated":true}]}}