{"id":24081,"date":"2012-08-17T18:27:57","date_gmt":"2012-08-17T16:27:57","guid":{"rendered":"http:\/\/www.denkfried.de\/wp\/?page_id=24081"},"modified":"2013-08-25T10:14:18","modified_gmt":"2013-08-25T08:14:18","slug":"gedenkstatte","status":"publish","type":"page","link":"http:\/\/www.denkfried.de\/wp\/?page_id=24081","title":{"rendered":"Gedenkst\u00e4tte"},"content":{"rendered":"<p>&nbsp;<\/p>\n<p>Gro\u00dfbeeren <strong>Mahn- und Gedenkst\u00e4tte<\/strong><\/p>\n<p>Text \u00dcbernommen von <a href=\"http:\/\/www.grossbeeren.de\/index.php?mid=100\">Gro\u00dfbeeren.de<\/a><\/p>\n<div id='gallery-1' class='gallery galleryid-24081 gallery-columns-4 gallery-size-thumbnail'><dl class='gallery-item'>\n\t\t\t<dt class='gallery-icon landscape'>\n\t\t\t\t<a href='http:\/\/www.denkfried.de\/wp\/?attachment_id=32069'><img loading=\"lazy\" decoding=\"async\" width=\"150\" height=\"150\" src=\"http:\/\/www.denkfried.de\/wp\/wp-content\/uploads\/2012\/08\/Mahn-und-gedenkstette-2-150x150.jpg\" class=\"attachment-thumbnail size-thumbnail\" alt=\"\" \/><\/a>\n\t\t\t<\/dt><\/dl><dl class='gallery-item'>\n\t\t\t<dt class='gallery-icon portrait'>\n\t\t\t\t<a href='http:\/\/www.denkfried.de\/wp\/?attachment_id=32068'><img loading=\"lazy\" decoding=\"async\" width=\"150\" height=\"150\" src=\"http:\/\/www.denkfried.de\/wp\/wp-content\/uploads\/2012\/08\/Mahn-und-gedenkstette-150x150.jpg\" class=\"attachment-thumbnail size-thumbnail\" alt=\"\" \/><\/a>\n\t\t\t<\/dt><\/dl><dl class='gallery-item'>\n\t\t\t<dt class='gallery-icon landscape'>\n\t\t\t\t<a href='http:\/\/www.denkfried.de\/wp\/?attachment_id=32070'><img loading=\"lazy\" decoding=\"async\" width=\"150\" height=\"150\" src=\"http:\/\/www.denkfried.de\/wp\/wp-content\/uploads\/2012\/08\/Mahn-und-Gedenkstette-Gro\u00dfbeeren-150x150.jpg\" class=\"attachment-thumbnail size-thumbnail\" alt=\"\" \/><\/a>\n\t\t\t<\/dt><\/dl><dl class='gallery-item'>\n\t\t\t<dt class='gallery-icon landscape'>\n\t\t\t\t<a href='http:\/\/www.denkfried.de\/wp\/?attachment_id=32071'><img loading=\"lazy\" decoding=\"async\" width=\"150\" height=\"150\" src=\"http:\/\/www.denkfried.de\/wp\/wp-content\/uploads\/2012\/08\/Mahn-und-Gedenkstette-Gro\u00dfbeeren-2-150x150.jpg\" class=\"attachment-thumbnail size-thumbnail\" alt=\"\" \/><\/a>\n\t\t\t<\/dt><\/dl><br style=\"clear: both\" \/>\n\t\t<\/div>\n\n<p>Von der Kirche aus erreicht man \u00fcber die Ruhlsdorfer Stra\u00dfe die &#8222;Gedenkst\u00e4tte f\u00fcr die Opfer des Faschismus&#8220;. Sie befindet sich seit 1947\/48 in einer ehemaligen Kiesgrube am Rande des Ortes, wo von 1942-45 fast 1300 Todesopfer (aus 24 L\u00e4ndern) des ehemaligen Arbeitserziehungs- und Gestapodurchgangslagers Gro\u00dfbeeren begraben wurden.<\/p>\n<p>In den Jahren 1938\/39, als Hitlerdeutschland im Zentrum von Berlin seine gr\u00f6\u00dfenwahnsinniges Projekt einer Welthauptstadt &#8222;Germania&#8220; errichten wollte, begann man vor den Toren der damaligen Reichshauptstadt mehrere gro\u00dfe G\u00fcter-Verschiebebahnh\u00f6fe zu bauen, so auch in Gro\u00dfbeeren. Man wollte die Mitte Berlins von den kleinen alten G\u00fcterbahnh\u00f6fen r\u00e4umen, um Platz f\u00fcr gro\u00dfe Aufmarschpl\u00e4tze und nationalsozialistische Protzbauten zu schaffen. F\u00fcr die Bahnarbeiter des zu bauenden Verschiebebahnhofs Gro\u00dfbeeren wurde ein Bahnarbeiter-Barackenlager in Bahnn\u00e4he errichtet. Nach dem Ausbruch des Zweiten Weltkrieges und der damit verbundenen Aufgabe dieses Projektes &#8222;Germania&#8220; wurde auch der Ausbau der Verschiebebahnh\u00f6fe weitgehend auf Eis gelegt bzw. nur noch in abgespeckter Variante weitergef\u00fchrt. Immer mehr Bahnarbeiter mussten in den Krieg ziehen und viele der ehemaligen Bahnarbeiterlager standen nun leer.<br \/>\nSp\u00e4ter nutzte man das ehemalige Bahnarbeiter-Barackenlager Gro\u00dfbeeren als Arbeitserziehunglager (Zweiglager des AEL Wuhlheide). Die H\u00e4ftlinge des Straflagers sollten zu gef\u00fcgigen Arbeitskr\u00e4ften f\u00fcr die deutsche Wirtschaft &#8222;erzogen&#8220; werden. Um ihren Willen nachhaltig zu brechen, sie zu der &#8222;gew\u00fcnschten Arbeitsdisziplin&#8220; zu erziehen und zur Abschreckung f\u00fcr andere ausl\u00e4ndische Fremd- und Zwangsarbeiter aber auch deutsche Arbeiter, mussten die AEL-H\u00e4ftlinge besonders menschenunw\u00fcrdig im AEL leben und f\u00fcr die deutsche Wirtschaft als billigste Arbeitskr\u00e4fte unter h\u00e4rtesten Bedingungen schuften. Allein ca. 1.300 H\u00e4ftlinge aus 24 L\u00e4ndern \u00fcberlebten im relativ kleinen Lager Gro\u00dfbeeren diese &#8222;Sonderbehandlung&#8220; nicht.<br \/>\nAu\u00dferdem wurde das Lager als Gestapodurchgangslager genutzt, um H\u00e4ftlinge kurzfristig bis zum Weitertransport in ein Konzentrationslager unterzubringen.<\/p>\n<p>Im Zuge der vor einigen Jahren durchgef\u00fchrten Rekonstruktion der OdF-Gedenkst\u00e4tte (u.a. mit Namenstafeln der Todesopfer) wurde auch die hintere Friedhofsmauer auf dem gegen\u00fcberliegenden Friedhof saniert. An dieser Friedhofsmauer hatte man 1942 ca. 200 der zu Tode gekommenen H\u00e4ftlinge namenlos beigesetzt, bevor angesichts der hohen Sterberate der Lagerh\u00e4ftlinge das gegen\u00fcberliegende Areal der heutigen OdF-Gedenkst\u00e4tte von 1942-1945 genutzt wurde.<br \/>\nIm Gedenken an die hier an der Friedhofsmauer beerdigten H\u00e4ftlinge wurde die Gedenkanlage &#8222;Hintere Friedhofsmauer&#8220; mit einer Gedenktafel mit Inschrift errichtet.<\/p>\n<p>Allj\u00e4hrlich im April (Befreiung des Lagers) werden an den Gedenkst\u00e4tten und im ehemaligen Lagerbereich Blumen niedergelegt. Und im September findet allj\u00e4hrlich eine gr\u00f6\u00dfere Gedenkveranstaltung statt, an der auch Botschaftsvertreter verschiedener betroffener Staaten teilnehmen.<\/p>\n","protected":false},"excerpt":{"rendered":"<p>&nbsp; Gro\u00dfbeeren Mahn- und Gedenkst\u00e4tte Text \u00dcbernommen von Gro\u00dfbeeren.de Von der Kirche aus erreicht man \u00fcber die Ruhlsdorfer Stra\u00dfe die &#8222;Gedenkst\u00e4tte f\u00fcr die Opfer des Faschismus&#8220;. Sie befindet sich seit 1947\/48 in einer ehemaligen Kiesgrube am Rande des Ortes, wo &hellip; <a href=\"http:\/\/www.denkfried.de\/wp\/?page_id=24081\">Weiterlesen <span class=\"meta-nav\">&rarr;<\/span><\/a><\/p>\n","protected":false},"author":9,"featured_media":0,"parent":15698,"menu_order":0,"comment_status":"closed","ping_status":"open","template":"","meta":{"footnotes":""},"class_list":["post-24081","page","type-page","status-publish","hentry"],"_links":{"self":[{"href":"http:\/\/www.denkfried.de\/wp\/index.php?rest_route=\/wp\/v2\/pages\/24081","targetHints":{"allow":["GET"]}}],"collection":[{"href":"http:\/\/www.denkfried.de\/wp\/index.php?rest_route=\/wp\/v2\/pages"}],"about":[{"href":"http:\/\/www.denkfried.de\/wp\/index.php?rest_route=\/wp\/v2\/types\/page"}],"author":[{"embeddable":true,"href":"http:\/\/www.denkfried.de\/wp\/index.php?rest_route=\/wp\/v2\/users\/9"}],"replies":[{"embeddable":true,"href":"http:\/\/www.denkfried.de\/wp\/index.php?rest_route=%2Fwp%2Fv2%2Fcomments&post=24081"}],"version-history":[{"count":4,"href":"http:\/\/www.denkfried.de\/wp\/index.php?rest_route=\/wp\/v2\/pages\/24081\/revisions"}],"predecessor-version":[{"id":32072,"href":"http:\/\/www.denkfried.de\/wp\/index.php?rest_route=\/wp\/v2\/pages\/24081\/revisions\/32072"}],"up":[{"embeddable":true,"href":"http:\/\/www.denkfried.de\/wp\/index.php?rest_route=\/wp\/v2\/pages\/15698"}],"wp:attachment":[{"href":"http:\/\/www.denkfried.de\/wp\/index.php?rest_route=%2Fwp%2Fv2%2Fmedia&parent=24081"}],"curies":[{"name":"wp","href":"https:\/\/api.w.org\/{rel}","templated":true}]}}