{"id":2394,"date":"2011-04-11T17:44:36","date_gmt":"2011-04-11T15:44:36","guid":{"rendered":"http:\/\/www.denkfried.de\/wp\/?page_id=2394"},"modified":"2011-07-16T23:17:18","modified_gmt":"2011-07-16T21:17:18","slug":"saint-mihiel-amerik-fh","status":"publish","type":"page","link":"http:\/\/www.denkfried.de\/wp\/?page_id=2394","title":{"rendered":"Saint-Mihiel (amerik.FH)   162"},"content":{"rendered":"<p>&nbsp;<\/p>\n<p><span style=\"text-decoration: underline;\"><strong>55300 Saint-Mihiel <\/strong><\/span><\/p>\n<p>Region: \u00a0 \u00a0 \u00a0 \u00a0 \u00a0Lothringen<br \/>\nD\u00e9partement: \u00a0Meuse<br \/>\nKanton: \u00a0 \u00a0 \u00a0 \u00a0 \u00a0Saint-Mihiel<br \/>\nDie Stadt liegt am Fluss Meuse.<\/p>\n<p>US-Friedhof<\/p>\n<p>Geschichte:<br \/>\nIm Ersten Weltkrieg war Saint-Mihiel an der Westfront in Frankreich (Lothringen) eine Stadt zwischen Verdun (an der Maas) und Pont-\u00e0-Mousson (an der Mosel), die als heftig umk\u00e4mpfter Frontvorsprung der dortigen Front den Namen gab.<\/p>\n<p>Die schwersten K\u00e4mpfe ereigneten sich im Herbst 1914 beim Vormarsch auf Saint-Mihiel, im April 1915 (Osterschlacht zwischen Maas und Mosel) und im September 1918 (Angriff der alliierten Franzosen und Amerikaner, endg\u00fcltige R\u00e4umung des Bogens durch deutsche und \u00f6sterreichische Truppen). \u00a0(Quelle wikipedia)<\/p>\n<p>Reisebericht und Fotos von Hubert, vielen Dank!<br \/>\n&#8222;Als ich Verdun besuchte haben wir vorher uns den amerikanischen Soldatenfriedhof aus dem 1.W.K. angesehen. Der Friedhof beherbergt 4153 gefallenen U.S.Soldaten ,von denen 117 \u00a0nicht identifiziert werden konnten, die sterblichen \u00dcberreste.<br \/>\nDer auf einer Fl\u00e4che von 20 ha gro\u00dfe angelegte Friedhof wurde 1918 als Provisorium angelegt. Er ist der drittgr\u00f6\u00dfte von den acht permanenten amerikanischen Milit\u00e4rfriedh\u00f6fen des ersten Weltkrieges. An der Kreuzung befindet sich eine Sonnenuhr merkw\u00fcrdigen Stils, bestehend aus einem adlerf\u00f6rmigen , in den Stein gehauenen Zeiger, der auf einem runden Sockel ruht. Um den Sockel herum steht die Inschrift &#8222;DIE ZEIT WIRD DEN RUHM IHRER TATEN NICHT AUSL\u00d6SCHEN&#8220;.<br \/>\nDas Memorial in Form eines offenen Kreises umfasst in der linken Seite eine Kapelle und auf der rechten Seite ein Museum. Die Kapelle f\u00fchren mit Sternen und zwei Miniaturk\u00f6pfen (Foto) von Soldatendekorierte Bronzet\u00fcr. Gegen\u00fcber im Memorial sind an den W\u00e4nden auf schwarzen Marmortafeln in Goldbuchstaben gefasste Namen von 284 Soldaten angebracht, die in dieser Region gefallen sind deren sterbliche \u00dcberreste nicht gefunden oder identifiziert werden konnten. Ein Sternchen zeigt die nachtr\u00e4gliche Identifizierung an.<br \/>\nDer Friedhof wurde von dem Architekten Thomas Harlan Ellen aus New York entworfen.&#8220;<\/p>\n<p>Erster Weltkrieg: \u00a06046 Deutsche<br \/>\n2 Gefallene der k.u.k. \u00d6sterr.-Ungar.Armee<\/p>\n<div id='gallery-1' class='gallery galleryid-2394 gallery-columns-4 gallery-size-thumbnail'><dl class='gallery-item'>\n\t\t\t<dt class='gallery-icon landscape'>\n\t\t\t\t<a href='http:\/\/www.denkfried.de\/wp\/?attachment_id=2400'><img loading=\"lazy\" decoding=\"async\" width=\"150\" height=\"150\" src=\"http:\/\/www.denkfried.de\/wp\/wp-content\/uploads\/2011\/04\/U.S.Saint-Mihiel-01-150x150.jpg\" class=\"attachment-thumbnail size-thumbnail\" alt=\"\" \/><\/a>\n\t\t\t<\/dt><\/dl><dl class='gallery-item'>\n\t\t\t<dt class='gallery-icon portrait'>\n\t\t\t\t<a href='http:\/\/www.denkfried.de\/wp\/?attachment_id=2402'><img loading=\"lazy\" decoding=\"async\" width=\"150\" height=\"150\" src=\"http:\/\/www.denkfried.de\/wp\/wp-content\/uploads\/2011\/04\/U.S.Saint-Mihiel-04-150x150.jpg\" class=\"attachment-thumbnail size-thumbnail\" alt=\"\" \/><\/a>\n\t\t\t<\/dt><\/dl><dl class='gallery-item'>\n\t\t\t<dt class='gallery-icon landscape'>\n\t\t\t\t<a href='http:\/\/www.denkfried.de\/wp\/?attachment_id=2399'><img loading=\"lazy\" decoding=\"async\" width=\"150\" height=\"150\" src=\"http:\/\/www.denkfried.de\/wp\/wp-content\/uploads\/2011\/04\/U.S.-Saint-Mihiel-08-150x150.jpg\" class=\"attachment-thumbnail size-thumbnail\" alt=\"\" \/><\/a>\n\t\t\t<\/dt><\/dl><dl class='gallery-item'>\n\t\t\t<dt class='gallery-icon portrait'>\n\t\t\t\t<a href='http:\/\/www.denkfried.de\/wp\/?attachment_id=2395'><img loading=\"lazy\" decoding=\"async\" width=\"150\" height=\"150\" src=\"http:\/\/www.denkfried.de\/wp\/wp-content\/uploads\/2011\/04\/U.S.Saint-Mihiel-06-150x150.jpg\" class=\"attachment-thumbnail size-thumbnail\" alt=\"\" \/><\/a>\n\t\t\t<\/dt><\/dl><br style=\"clear: both\" \/><dl class='gallery-item'>\n\t\t\t<dt class='gallery-icon landscape'>\n\t\t\t\t<a href='http:\/\/www.denkfried.de\/wp\/?attachment_id=2398'><img loading=\"lazy\" decoding=\"async\" width=\"150\" height=\"150\" src=\"http:\/\/www.denkfried.de\/wp\/wp-content\/uploads\/2011\/04\/U.S.-Saint-Mihiel-07-150x150.jpg\" class=\"attachment-thumbnail size-thumbnail\" alt=\"\" \/><\/a>\n\t\t\t<\/dt><\/dl><dl class='gallery-item'>\n\t\t\t<dt class='gallery-icon landscape'>\n\t\t\t\t<a href='http:\/\/www.denkfried.de\/wp\/?attachment_id=2397'><img loading=\"lazy\" decoding=\"async\" width=\"150\" height=\"150\" src=\"http:\/\/www.denkfried.de\/wp\/wp-content\/uploads\/2011\/04\/U.S.-Saint-Mihiel-03-150x150.jpg\" class=\"attachment-thumbnail size-thumbnail\" alt=\"\" \/><\/a>\n\t\t\t<\/dt><\/dl><dl class='gallery-item'>\n\t\t\t<dt class='gallery-icon landscape'>\n\t\t\t\t<a href='http:\/\/www.denkfried.de\/wp\/?attachment_id=2401'><img loading=\"lazy\" decoding=\"async\" width=\"150\" height=\"150\" src=\"http:\/\/www.denkfried.de\/wp\/wp-content\/uploads\/2011\/04\/U.S.Saint-Mihiel-02-150x150.jpg\" class=\"attachment-thumbnail size-thumbnail\" alt=\"\" \/><\/a>\n\t\t\t<\/dt><\/dl><dl class='gallery-item'>\n\t\t\t<dt class='gallery-icon landscape'>\n\t\t\t\t<a href='http:\/\/www.denkfried.de\/wp\/?attachment_id=2396'><img loading=\"lazy\" decoding=\"async\" width=\"150\" height=\"150\" src=\"http:\/\/www.denkfried.de\/wp\/wp-content\/uploads\/2011\/04\/U.S.-Saint-Mihiel-05-150x150.jpg\" class=\"attachment-thumbnail size-thumbnail\" alt=\"\" \/><\/a>\n\t\t\t<\/dt><\/dl><br style=\"clear: both\" \/>\n\t\t<\/div>\n\n","protected":false},"excerpt":{"rendered":"<p>&nbsp; 55300 Saint-Mihiel Region: \u00a0 \u00a0 \u00a0 \u00a0 \u00a0Lothringen D\u00e9partement: \u00a0Meuse Kanton: \u00a0 \u00a0 \u00a0 \u00a0 \u00a0Saint-Mihiel Die Stadt liegt am Fluss Meuse. US-Friedhof Geschichte: Im Ersten Weltkrieg war Saint-Mihiel an der Westfront in Frankreich (Lothringen) eine Stadt zwischen Verdun &hellip; <a href=\"http:\/\/www.denkfried.de\/wp\/?page_id=2394\">Weiterlesen <span class=\"meta-nav\">&rarr;<\/span><\/a><\/p>\n","protected":false},"author":2,"featured_media":0,"parent":8262,"menu_order":0,"comment_status":"closed","ping_status":"open","template":"","meta":{"footnotes":""},"class_list":["post-2394","page","type-page","status-publish","hentry"],"_links":{"self":[{"href":"http:\/\/www.denkfried.de\/wp\/index.php?rest_route=\/wp\/v2\/pages\/2394","targetHints":{"allow":["GET"]}}],"collection":[{"href":"http:\/\/www.denkfried.de\/wp\/index.php?rest_route=\/wp\/v2\/pages"}],"about":[{"href":"http:\/\/www.denkfried.de\/wp\/index.php?rest_route=\/wp\/v2\/types\/page"}],"author":[{"embeddable":true,"href":"http:\/\/www.denkfried.de\/wp\/index.php?rest_route=\/wp\/v2\/users\/2"}],"replies":[{"embeddable":true,"href":"http:\/\/www.denkfried.de\/wp\/index.php?rest_route=%2Fwp%2Fv2%2Fcomments&post=2394"}],"version-history":[{"count":4,"href":"http:\/\/www.denkfried.de\/wp\/index.php?rest_route=\/wp\/v2\/pages\/2394\/revisions"}],"predecessor-version":[{"id":9989,"href":"http:\/\/www.denkfried.de\/wp\/index.php?rest_route=\/wp\/v2\/pages\/2394\/revisions\/9989"}],"up":[{"embeddable":true,"href":"http:\/\/www.denkfried.de\/wp\/index.php?rest_route=\/wp\/v2\/pages\/8262"}],"wp:attachment":[{"href":"http:\/\/www.denkfried.de\/wp\/index.php?rest_route=%2Fwp%2Fv2%2Fmedia&parent=2394"}],"curies":[{"name":"wp","href":"https:\/\/api.w.org\/{rel}","templated":true}]}}