{"id":23790,"date":"2012-07-31T23:05:40","date_gmt":"2012-07-31T21:05:40","guid":{"rendered":"http:\/\/www.denkfried.de\/wp\/?page_id=23790"},"modified":"2012-08-01T00:33:46","modified_gmt":"2012-07-31T22:33:46","slug":"obermarchtal","status":"publish","type":"page","link":"http:\/\/www.denkfried.de\/wp\/?page_id=23790","title":{"rendered":"Obermarchtal"},"content":{"rendered":"<p><span style=\"text-decoration: underline;\"><strong>89611 Obermarchtal<\/strong><\/span><\/p>\n<p>Der Soldatenfriedhof Obermarchtal befindet sich etwa 15 km s\u00fcdwestlich von Ehingen.<\/p>\n<p>\u00dcber die Anf\u00e4nge dieses historischen Friedhofes ist nur wenig bekannt. Die Entstehung liegt wohl Jahrhunderte zur\u00fcck. Er wurde auch als &#8222;Friedhof der Fremden&#8220; genannt. Hier sollen viele Soldaten ihre letzte Ruhe gefunden haben. Ein Grund ist wohl die bedeutende Heerstra\u00dfe die entlang der Donau Richtung Westen f\u00fchrte. Zum ersten Mal wurde Friedhof erw\u00e4hnt nach der Franz\u00f6sischen Revolution und den Napoleonischen Kriegen.<\/p>\n<p>W\u00e4hrend des Ersten und Zweiten Weltkrieges diente Pr\u00e4monstratenserkloster, heute Schloss Marchtal, als Kriegslazarett. Die hier Verstorbenen wurden ebenfalls auf dem Friedhof der Fremden beigesetzt. Aus dem Zweiten Weltkrieg sind 20 Tote namentlich benannt.<\/p>\n<p>Am Eingang zum Friedhof stehen 2 Wachh\u00e4uschen und gleich nebenan steht die Gedenks\u00e4ule &#8222;Ph\u00f6nix aus der Asche&#8220;.<\/p>\n<p>Eine Inschrift lautet:<\/p>\n<p style=\"padding-left: 90px;\"><em>AUS IHRER GRABKAMERADSCHAFFT ERWACHSE EIN NEUES EUROPA IN W\u00dcRDE UND FREIHEIT<\/em><\/p>\n<p>Eine andere Inschrift:<\/p>\n<p style=\"padding-left: 90px;\"><em>GLEICHES LOS &#8211; GLEICHES GRAB<\/em><\/p>\n<p>Darunter stehen noch folgende S\u00e4tze:<\/p>\n<p>\u00dcber eintausend Soldaten Europ\u00e4ischer V\u00f6lker aus Kriegen zweier Jahrhunderte &#8211;<\/p>\n<p>Die meisten verstarben 1814, 15 im Spital zu Obermarchtal<\/p>\n<p>In den zwei Weltkriegen kamen 27 Deutsche Gefallene hinzu,<\/p>\n<p>Der Volksbund Deutsche Kriegsgr\u00e4berf\u00fcrsorge schuf ihnen 1954 dies Ehrenst\u00e4tte.<\/p>\n<p>Auf dem franz\u00f6sischen Gedenkstein stehen die Worte:<\/p>\n<p style=\"padding-left: 90px;\"><em>HIER RUHEN VERBUNDEN IM FRIEDEN UND DES TODES SOLDATEN AUS ALLEN TEILEN EUROPAS<\/em><\/p>\n<p>Levevre Jean Loius von franz\u00f6sischen Verviers Aisne verschieden durch Verwundung in Obermarchtal am 22.5.1800<\/p>\n<p>Tronch Josef Reiter in der gro\u00dfen Franz.Armee, 2.Reg., Im Kampf t\u00f6dlich verwundet in Obermarchtalam 11.8.1806.<\/p>\n<p>Der Stein wurde zum Andenken an all die unbekannten Franzosen durch das 96.Bataillon du Genie 5 der franz.Armee am 20.2.1946 gestiftet.<\/p>\n<p><strong>In die Datenbank sind eingetragen.<\/strong><\/p>\n<p>1.Weltkrieg\u00a0\u00a0\u00a0\u00a0\u00a0 8 Namen dav. 1 in Untermarchtal<\/p>\n<p>2.Weltkrieg\u00a0\u00a0\u00a0 18 Namen<\/p>\n<p>&nbsp;<\/p>\n","protected":false},"excerpt":{"rendered":"<p>89611 Obermarchtal Der Soldatenfriedhof Obermarchtal befindet sich etwa 15 km s\u00fcdwestlich von Ehingen. \u00dcber die Anf\u00e4nge dieses historischen Friedhofes ist nur wenig bekannt. Die Entstehung liegt wohl Jahrhunderte zur\u00fcck. Er wurde auch als &#8222;Friedhof der Fremden&#8220; genannt. Hier sollen viele &hellip; <a href=\"http:\/\/www.denkfried.de\/wp\/?page_id=23790\">Weiterlesen <span class=\"meta-nav\">&rarr;<\/span><\/a><\/p>\n","protected":false},"author":2,"featured_media":0,"parent":3157,"menu_order":0,"comment_status":"closed","ping_status":"open","template":"","meta":{"footnotes":""},"class_list":["post-23790","page","type-page","status-publish","hentry"],"_links":{"self":[{"href":"http:\/\/www.denkfried.de\/wp\/index.php?rest_route=\/wp\/v2\/pages\/23790","targetHints":{"allow":["GET"]}}],"collection":[{"href":"http:\/\/www.denkfried.de\/wp\/index.php?rest_route=\/wp\/v2\/pages"}],"about":[{"href":"http:\/\/www.denkfried.de\/wp\/index.php?rest_route=\/wp\/v2\/types\/page"}],"author":[{"embeddable":true,"href":"http:\/\/www.denkfried.de\/wp\/index.php?rest_route=\/wp\/v2\/users\/2"}],"replies":[{"embeddable":true,"href":"http:\/\/www.denkfried.de\/wp\/index.php?rest_route=%2Fwp%2Fv2%2Fcomments&post=23790"}],"version-history":[{"count":6,"href":"http:\/\/www.denkfried.de\/wp\/index.php?rest_route=\/wp\/v2\/pages\/23790\/revisions"}],"predecessor-version":[{"id":23795,"href":"http:\/\/www.denkfried.de\/wp\/index.php?rest_route=\/wp\/v2\/pages\/23790\/revisions\/23795"}],"up":[{"embeddable":true,"href":"http:\/\/www.denkfried.de\/wp\/index.php?rest_route=\/wp\/v2\/pages\/3157"}],"wp:attachment":[{"href":"http:\/\/www.denkfried.de\/wp\/index.php?rest_route=%2Fwp%2Fv2%2Fmedia&parent=23790"}],"curies":[{"name":"wp","href":"https:\/\/api.w.org\/{rel}","templated":true}]}}