{"id":2378,"date":"2011-04-11T17:27:51","date_gmt":"2011-04-11T15:27:51","guid":{"rendered":"http:\/\/www.denkfried.de\/wp\/?page_id=2378"},"modified":"2011-07-16T22:06:40","modified_gmt":"2011-07-16T20:06:40","slug":"pierrepont","status":"publish","type":"page","link":"http:\/\/www.denkfried.de\/wp\/?page_id=2378","title":{"rendered":"Pierrepont (deutscher FH) 130"},"content":{"rendered":"<p>&nbsp;<\/p>\n<p><span style=\"text-decoration: underline;\"><strong>54620 Pierrepont<\/strong><\/span><\/p>\n<p>Region: \u00a0 \u00a0 \u00a0 \u00a0\u00a0\u00a0Lothringen<br \/>\nD\u00e9partement: \u00a0\u00a0\u00a0Meurthe-et-Moselle<br \/>\nArrondissement: \u00a0\u00a0\u00a0Briey<br \/>\nKanton: \u00a0 \u00a0 \u00a0\u00a0\u00a0\u00a0Longuyon<\/p>\n<hr \/>\n<p>Hubert&#8217;s Reisebericht von 2009:<br \/>\nEs ist 12:45 und wir sind auf dem deutschen Soldatenfriedhof Pierrepont Nr.130 angekommen. Den Friedhof findet man auf der anderen Seite des Berges auf dem sich der franz\u00f6sische Soldatenfriedhof befindet, ca 2000 m Luftlinie entfernt. Auf dem gepflegten Gr\u00e4berfeld sind 3017 Gefallene beigesetzt. Das Gr\u00e4berfeld wurde bereits 1914 f\u00fcr die deutschen Gefallenen des Vormarsches angelegt. Viele Tote stammen aus der Schlacht um Verdun. Pierrepont war die Kriegsjahre durch Lazarettort und Etappenort. Auch w\u00e4hrend des Krieges fanden st\u00e4ndig Zubettungen statt. Das in der Mitte aufgestellte Denkmal mit einem schlafenden L\u00f6wen obenauf stammte aus der Gr\u00fcnderzeit. Nach Beendigung des Zweiten Weltkriegs wurde der Eingangsbereich neu gestalltet und das Denkmal restauriert.<br \/>\n1976 wechselte der Volksbund die Holzkreuze gegen Steinkreuze aus.<\/p>\n<div id='gallery-1' class='gallery galleryid-2378 gallery-columns-4 gallery-size-thumbnail'><dl class='gallery-item'>\n\t\t\t<dt class='gallery-icon landscape'>\n\t\t\t\t<a href='http:\/\/www.denkfried.de\/wp\/?attachment_id=2380'><img loading=\"lazy\" decoding=\"async\" width=\"150\" height=\"150\" src=\"http:\/\/www.denkfried.de\/wp\/wp-content\/uploads\/2011\/04\/Pierreport-Ansicht-Gr\u00e4berfeld-002-150x150.jpg\" class=\"attachment-thumbnail size-thumbnail\" alt=\"\" \/><\/a>\n\t\t\t<\/dt><\/dl><dl class='gallery-item'>\n\t\t\t<dt class='gallery-icon landscape'>\n\t\t\t\t<a href='http:\/\/www.denkfried.de\/wp\/?attachment_id=2382'><img loading=\"lazy\" decoding=\"async\" width=\"150\" height=\"150\" src=\"http:\/\/www.denkfried.de\/wp\/wp-content\/uploads\/2011\/04\/Pierreport-Eingang-001-150x150.jpg\" class=\"attachment-thumbnail size-thumbnail\" alt=\"\" \/><\/a>\n\t\t\t<\/dt><\/dl><dl class='gallery-item'>\n\t\t\t<dt class='gallery-icon portrait'>\n\t\t\t\t<a href='http:\/\/www.denkfried.de\/wp\/?attachment_id=2379'><img loading=\"lazy\" decoding=\"async\" width=\"150\" height=\"150\" src=\"http:\/\/www.denkfried.de\/wp\/wp-content\/uploads\/2011\/04\/Pierreport-Theodor-v.-Spies-004-150x150.jpg\" class=\"attachment-thumbnail size-thumbnail\" alt=\"\" \/><\/a>\n\t\t\t<\/dt><\/dl><dl class='gallery-item'>\n\t\t\t<dt class='gallery-icon landscape'>\n\t\t\t\t<a href='http:\/\/www.denkfried.de\/wp\/?attachment_id=2381'><img loading=\"lazy\" decoding=\"async\" width=\"150\" height=\"150\" src=\"http:\/\/www.denkfried.de\/wp\/wp-content\/uploads\/2011\/04\/Pierreport-Denkmal-f\u00fcr-Regimenter-003-150x150.jpg\" class=\"attachment-thumbnail size-thumbnail\" alt=\"\" \/><\/a>\n\t\t\t<\/dt><\/dl><br style=\"clear: both\" \/>\n\t\t<\/div>\n\n","protected":false},"excerpt":{"rendered":"<p>&nbsp; 54620 Pierrepont Region: \u00a0 \u00a0 \u00a0 \u00a0\u00a0\u00a0Lothringen D\u00e9partement: \u00a0\u00a0\u00a0Meurthe-et-Moselle Arrondissement: \u00a0\u00a0\u00a0Briey Kanton: \u00a0 \u00a0 \u00a0\u00a0\u00a0\u00a0Longuyon Hubert&#8217;s Reisebericht von 2009: Es ist 12:45 und wir sind auf dem deutschen Soldatenfriedhof Pierrepont Nr.130 angekommen. Den Friedhof findet man auf der anderen &hellip; <a href=\"http:\/\/www.denkfried.de\/wp\/?page_id=2378\">Weiterlesen <span class=\"meta-nav\">&rarr;<\/span><\/a><\/p>\n","protected":false},"author":2,"featured_media":0,"parent":8265,"menu_order":0,"comment_status":"closed","ping_status":"open","template":"","meta":{"footnotes":""},"class_list":["post-2378","page","type-page","status-publish","hentry"],"_links":{"self":[{"href":"http:\/\/www.denkfried.de\/wp\/index.php?rest_route=\/wp\/v2\/pages\/2378","targetHints":{"allow":["GET"]}}],"collection":[{"href":"http:\/\/www.denkfried.de\/wp\/index.php?rest_route=\/wp\/v2\/pages"}],"about":[{"href":"http:\/\/www.denkfried.de\/wp\/index.php?rest_route=\/wp\/v2\/types\/page"}],"author":[{"embeddable":true,"href":"http:\/\/www.denkfried.de\/wp\/index.php?rest_route=\/wp\/v2\/users\/2"}],"replies":[{"embeddable":true,"href":"http:\/\/www.denkfried.de\/wp\/index.php?rest_route=%2Fwp%2Fv2%2Fcomments&post=2378"}],"version-history":[{"count":6,"href":"http:\/\/www.denkfried.de\/wp\/index.php?rest_route=\/wp\/v2\/pages\/2378\/revisions"}],"predecessor-version":[{"id":9981,"href":"http:\/\/www.denkfried.de\/wp\/index.php?rest_route=\/wp\/v2\/pages\/2378\/revisions\/9981"}],"up":[{"embeddable":true,"href":"http:\/\/www.denkfried.de\/wp\/index.php?rest_route=\/wp\/v2\/pages\/8265"}],"wp:attachment":[{"href":"http:\/\/www.denkfried.de\/wp\/index.php?rest_route=%2Fwp%2Fv2%2Fmedia&parent=2378"}],"curies":[{"name":"wp","href":"https:\/\/api.w.org\/{rel}","templated":true}]}}