{"id":23539,"date":"2012-07-09T00:19:47","date_gmt":"2012-07-08T22:19:47","guid":{"rendered":"http:\/\/www.denkfried.de\/wp\/?page_id=23539"},"modified":"2016-03-07T23:22:50","modified_gmt":"2016-03-07T22:22:50","slug":"alach","status":"publish","type":"page","link":"http:\/\/www.denkfried.de\/wp\/?page_id=23539","title":{"rendered":"&#8211; Alach"},"content":{"rendered":"<p><span style=\"text-decoration: underline;\"> 99100 Erfurt &#8211; <strong>Alach<\/strong><\/span>, Vor dem Hirtstor<\/p>\n<p>Kommunaler Friedhof<\/p>\n<p>Gr\u00f6\u00dfe:\u00a0 0,66 ha\u00a0\u00a0\u00a0\u00a0\u00a0 Grabanlagen:\u00a0 405<\/p>\n<p>Au\u00dfer den Kriegsgr\u00e4bern befindet sich ein fast vollst\u00e4ndig erhaltenes Gr\u00e4berfeld aus den Jahren 1930-1946 das sich und Denkmalschutz befindet.<\/p>\n<p>Gedenkst\u00e4tte aus dem 1.Weltkrieg<\/p>\n<p>Kriegsgr\u00e4ber aus dem 2.Weltkrieg\u00a0 (11 ?)<\/p>\n<p>&nbsp;<\/p>\n","protected":false},"excerpt":{"rendered":"<p>99100 Erfurt &#8211; Alach, Vor dem Hirtstor Kommunaler Friedhof Gr\u00f6\u00dfe:\u00a0 0,66 ha\u00a0\u00a0\u00a0\u00a0\u00a0 Grabanlagen:\u00a0 405 Au\u00dfer den Kriegsgr\u00e4bern befindet sich ein fast vollst\u00e4ndig erhaltenes Gr\u00e4berfeld aus den Jahren 1930-1946 das sich und Denkmalschutz befindet. Gedenkst\u00e4tte aus dem 1.Weltkrieg Kriegsgr\u00e4ber aus dem &hellip; <a href=\"http:\/\/www.denkfried.de\/wp\/?page_id=23539\">Weiterlesen <span class=\"meta-nav\">&rarr;<\/span><\/a><\/p>\n","protected":false},"author":2,"featured_media":0,"parent":16425,"menu_order":0,"comment_status":"closed","ping_status":"open","template":"","meta":{"footnotes":""},"class_list":["post-23539","page","type-page","status-publish","hentry"],"_links":{"self":[{"href":"http:\/\/www.denkfried.de\/wp\/index.php?rest_route=\/wp\/v2\/pages\/23539","targetHints":{"allow":["GET"]}}],"collection":[{"href":"http:\/\/www.denkfried.de\/wp\/index.php?rest_route=\/wp\/v2\/pages"}],"about":[{"href":"http:\/\/www.denkfried.de\/wp\/index.php?rest_route=\/wp\/v2\/types\/page"}],"author":[{"embeddable":true,"href":"http:\/\/www.denkfried.de\/wp\/index.php?rest_route=\/wp\/v2\/users\/2"}],"replies":[{"embeddable":true,"href":"http:\/\/www.denkfried.de\/wp\/index.php?rest_route=%2Fwp%2Fv2%2Fcomments&post=23539"}],"version-history":[{"count":4,"href":"http:\/\/www.denkfried.de\/wp\/index.php?rest_route=\/wp\/v2\/pages\/23539\/revisions"}],"predecessor-version":[{"id":40554,"href":"http:\/\/www.denkfried.de\/wp\/index.php?rest_route=\/wp\/v2\/pages\/23539\/revisions\/40554"}],"up":[{"embeddable":true,"href":"http:\/\/www.denkfried.de\/wp\/index.php?rest_route=\/wp\/v2\/pages\/16425"}],"wp:attachment":[{"href":"http:\/\/www.denkfried.de\/wp\/index.php?rest_route=%2Fwp%2Fv2%2Fmedia&parent=23539"}],"curies":[{"name":"wp","href":"https:\/\/api.w.org\/{rel}","templated":true}]}}