{"id":23510,"date":"2012-07-08T19:19:53","date_gmt":"2012-07-08T17:19:53","guid":{"rendered":"http:\/\/www.denkfried.de\/wp\/?page_id=23510"},"modified":"2012-07-08T19:19:53","modified_gmt":"2012-07-08T17:19:53","slug":"villingen-schwenningen","status":"publish","type":"page","link":"http:\/\/www.denkfried.de\/wp\/?page_id=23510","title":{"rendered":"Villingen &#8211; Schwenningen"},"content":{"rendered":"<p>Verwaltungssitz: 78050 Villingen-Schwenningen, M\u00fcnsterplatz 7\/8<\/p>\n<p>Villingen ist die Kreisstadt des LK Schwarzwald-Baar<\/p>\n<p>Im Bereich von Villingen-Schwenningen befinden sich 5 Kriegsgr\u00e4berst\u00e4tten mit 624 Opfern.<\/p>\n<p>************************************************************<\/p>\n<p><em><em><em><span style=\"font-family: Arial;\"><em><em><em><span style=\"font-family: Arial;\">78048 <span style=\"font-family: Arial;\"><strong>Villingen &#8211; <span style=\"text-decoration: underline;\">Schwenningen<\/span><\/strong><\/span><\/span><\/em><\/em><\/em><\/span><\/em><\/em><\/em><\/p>\n<p>Hier befindet sich der Waldfriedhof mit der Grabst\u00e4tte f\u00fcr KZ-Opfer<\/p>\n<p>+++++++++++++++++++++++++++++++++++++++++++++++++<\/p>\n<p><em><em><em><span style=\"font-family: Arial;\"><em><em><em><span style=\"font-family: Arial;\">78050 <span style=\"font-family: Arial;\"><strong>Villingen-Schwenningen<\/strong><\/span><\/span><\/em><\/em><\/em><\/span><\/em><\/em><\/em><\/p>\n<p>Hier befindet sich der Friedhof von Villingen.<\/p>\n<p>+++++++++++++++++++++++++++++++++++++++++++++++++<\/p>\n<p>Eine tragische Geschichte ereignete sich in den Kriegsjahren des 2.Weltkrieges.<\/p>\n<p>Marian Lewicki aus Posen-Portenstein, 29 Jahre, war Zwangsarbeiter in Villingen. Er wohnte in der Oberen Stra\u00dfe und durfte sich frei bewegen. Es kam wie es kommen mu\u00dfte &#8211; er verliebte sich in eine 19-j\u00e4hrige junge Frau.\u00a0 Aber ihre Liebe w\u00e4hrte nicht lange denn so eine Liebe war aus politischer Sicht eine schwere Straftat.\u00a0 Denunzianten bewirkten das beide am 9.September 1942 verhaftet wurden. Marian wurde zum Tode verurteilt und im M\u00e4rz 1943 an einer Eiche, sie steht noch heute, im Tannenh\u00f6rnle geh\u00e4ngt. Das junge M\u00e4dchen wurde nach ihrer Verhaftung ins Konzentrationslager Auschwitz gebracht. Im April 1943 wurde sie von dort entlassen und kehrte in ihre Heimatstadt zur\u00fcck. Dort ertrug sie tapfer die Dem\u00fctigungen die ihr die Einwohner antaten. Sie litt ihr Leben lang an dem was ihr widerfahren ist und starb 2006 82-j\u00e4hrig.<\/p>\n<p>Unter dem Baum steht heute ein S\u00fchnekreuz das Werner Huger 1988 hier aufgestellt hatte. Er hat die Trag\u00f6die als Kind miterlebt.<\/p>\n<p>&nbsp;<\/p>\n","protected":false},"excerpt":{"rendered":"<p>Verwaltungssitz: 78050 Villingen-Schwenningen, M\u00fcnsterplatz 7\/8 Villingen ist die Kreisstadt des LK Schwarzwald-Baar Im Bereich von Villingen-Schwenningen befinden sich 5 Kriegsgr\u00e4berst\u00e4tten mit 624 Opfern. ************************************************************ 78048 Villingen &#8211; Schwenningen Hier befindet sich der Waldfriedhof mit der Grabst\u00e4tte f\u00fcr KZ-Opfer +++++++++++++++++++++++++++++++++++++++++++++++++ 78050 &hellip; <a href=\"http:\/\/www.denkfried.de\/wp\/?page_id=23510\">Weiterlesen <span class=\"meta-nav\">&rarr;<\/span><\/a><\/p>\n","protected":false},"author":2,"featured_media":0,"parent":2748,"menu_order":0,"comment_status":"closed","ping_status":"open","template":"","meta":{"footnotes":""},"class_list":["post-23510","page","type-page","status-publish","hentry"],"_links":{"self":[{"href":"http:\/\/www.denkfried.de\/wp\/index.php?rest_route=\/wp\/v2\/pages\/23510","targetHints":{"allow":["GET"]}}],"collection":[{"href":"http:\/\/www.denkfried.de\/wp\/index.php?rest_route=\/wp\/v2\/pages"}],"about":[{"href":"http:\/\/www.denkfried.de\/wp\/index.php?rest_route=\/wp\/v2\/types\/page"}],"author":[{"embeddable":true,"href":"http:\/\/www.denkfried.de\/wp\/index.php?rest_route=\/wp\/v2\/users\/2"}],"replies":[{"embeddable":true,"href":"http:\/\/www.denkfried.de\/wp\/index.php?rest_route=%2Fwp%2Fv2%2Fcomments&post=23510"}],"version-history":[{"count":2,"href":"http:\/\/www.denkfried.de\/wp\/index.php?rest_route=\/wp\/v2\/pages\/23510\/revisions"}],"predecessor-version":[{"id":23512,"href":"http:\/\/www.denkfried.de\/wp\/index.php?rest_route=\/wp\/v2\/pages\/23510\/revisions\/23512"}],"up":[{"embeddable":true,"href":"http:\/\/www.denkfried.de\/wp\/index.php?rest_route=\/wp\/v2\/pages\/2748"}],"wp:attachment":[{"href":"http:\/\/www.denkfried.de\/wp\/index.php?rest_route=%2Fwp%2Fv2%2Fmedia&parent=23510"}],"curies":[{"name":"wp","href":"https:\/\/api.w.org\/{rel}","templated":true}]}}