{"id":2333,"date":"2011-04-11T16:32:10","date_gmt":"2011-04-11T14:32:10","guid":{"rendered":"http:\/\/www.denkfried.de\/wp\/?page_id=2333"},"modified":"2011-07-16T22:04:23","modified_gmt":"2011-07-16T20:04:23","slug":"longuyon","status":"publish","type":"page","link":"http:\/\/www.denkfried.de\/wp\/?page_id=2333","title":{"rendered":"Longuyon  (129)"},"content":{"rendered":"<p>&nbsp;<\/p>\n<p><span style=\"text-decoration: underline;\"><strong>54260 Longuyon<\/strong><\/span><\/p>\n<p>Region: \u00a0 \u00a0 \u00a0 \u00a0\u00a0\u00a0\u00a0Lothringen<br \/>\nD\u00e9partement: \u00a0\u00a0\u00a0Meurthe-et-Moselle<br \/>\nArrondissement: \u00a0\u00a0\u00a0Briey<br \/>\nKanton: \u00a0 \u00a0 \u00a0 \u00a0\u00a0\u00a0Longuyon<\/p>\n<hr \/>\n<p><span style=\"text-decoration: underline;\">Aus dem Reisebericht von Hubert M.\u00a0 2009:<\/span><\/p>\n<p>&#8222;Wir sind am deutschen Soldatenfriedhof in Longuyon Nr.129 angekommen. Longuyon liegt an der N43. Der Friedhof liegt gegen\u00fcber dem Ortsfriedhof auf dem sich franz\u00f6sische Gr\u00e4ber des Ersten Weltkriegs befinden. Ein englischer Pilot liegt da auch dessen Grabstein gerade renoviert wird. Das terassenf\u00f6rmig angelegte deutsche Gr\u00e4berfeld aus dem Jahre 1914, wurde bis Kriegsende st\u00e4ndig erweitert.<br \/>\n1748 deutsche Gefallene sind hier beigesetzt. Von den 328 Opfern die in zwei Kameradengr\u00e4bern beigesetzt wurden sind nur 73 Namen bekannt. 1973 wurden die Holzkreuze durch Grabzeichen aus Stein ausgewechselt.&#8220;<\/p>\n<div id='gallery-1' class='gallery galleryid-2333 gallery-columns-4 gallery-size-thumbnail'><dl class='gallery-item'>\n\t\t\t<dt class='gallery-icon landscape'>\n\t\t\t\t<a href='http:\/\/www.denkfried.de\/wp\/?attachment_id=2334'><img loading=\"lazy\" decoding=\"async\" width=\"150\" height=\"150\" src=\"http:\/\/www.denkfried.de\/wp\/wp-content\/uploads\/2011\/04\/Longuyon-Namentafel-Kameradengrab-002-150x150.jpg\" class=\"attachment-thumbnail size-thumbnail\" alt=\"\" \/><\/a>\n\t\t\t<\/dt><\/dl><dl class='gallery-item'>\n\t\t\t<dt class='gallery-icon landscape'>\n\t\t\t\t<a href='http:\/\/www.denkfried.de\/wp\/?attachment_id=2335'><img loading=\"lazy\" decoding=\"async\" width=\"150\" height=\"150\" src=\"http:\/\/www.denkfried.de\/wp\/wp-content\/uploads\/2011\/04\/Longuyon-Blick-zum-Eingang-004-150x150.jpg\" class=\"attachment-thumbnail size-thumbnail\" alt=\"\" \/><\/a>\n\t\t\t<\/dt><\/dl><dl class='gallery-item'>\n\t\t\t<dt class='gallery-icon landscape'>\n\t\t\t\t<a href='http:\/\/www.denkfried.de\/wp\/?attachment_id=2336'><img loading=\"lazy\" decoding=\"async\" width=\"150\" height=\"150\" src=\"http:\/\/www.denkfried.de\/wp\/wp-content\/uploads\/2011\/04\/Longuyon-Eingang-001-150x150.jpg\" class=\"attachment-thumbnail size-thumbnail\" alt=\"\" \/><\/a>\n\t\t\t<\/dt><\/dl><dl class='gallery-item'>\n\t\t\t<dt class='gallery-icon landscape'>\n\t\t\t\t<a href='http:\/\/www.denkfried.de\/wp\/?attachment_id=2337'><img loading=\"lazy\" decoding=\"async\" width=\"150\" height=\"150\" src=\"http:\/\/www.denkfried.de\/wp\/wp-content\/uploads\/2011\/04\/Longuyon-Gr\u00e4ber-von-Unten-003-150x150.jpg\" class=\"attachment-thumbnail size-thumbnail\" alt=\"\" \/><\/a>\n\t\t\t<\/dt><\/dl><br style=\"clear: both\" \/>\n\t\t<\/div>\n\n","protected":false},"excerpt":{"rendered":"<p>&nbsp; 54260 Longuyon Region: \u00a0 \u00a0 \u00a0 \u00a0\u00a0\u00a0\u00a0Lothringen D\u00e9partement: \u00a0\u00a0\u00a0Meurthe-et-Moselle Arrondissement: \u00a0\u00a0\u00a0Briey Kanton: \u00a0 \u00a0 \u00a0 \u00a0\u00a0\u00a0Longuyon Aus dem Reisebericht von Hubert M.\u00a0 2009: &#8222;Wir sind am deutschen Soldatenfriedhof in Longuyon Nr.129 angekommen. Longuyon liegt an der N43. Der Friedhof &hellip; <a href=\"http:\/\/www.denkfried.de\/wp\/?page_id=2333\">Weiterlesen <span class=\"meta-nav\">&rarr;<\/span><\/a><\/p>\n","protected":false},"author":2,"featured_media":0,"parent":8265,"menu_order":0,"comment_status":"closed","ping_status":"open","template":"","meta":{"footnotes":""},"class_list":["post-2333","page","type-page","status-publish","hentry"],"_links":{"self":[{"href":"http:\/\/www.denkfried.de\/wp\/index.php?rest_route=\/wp\/v2\/pages\/2333","targetHints":{"allow":["GET"]}}],"collection":[{"href":"http:\/\/www.denkfried.de\/wp\/index.php?rest_route=\/wp\/v2\/pages"}],"about":[{"href":"http:\/\/www.denkfried.de\/wp\/index.php?rest_route=\/wp\/v2\/types\/page"}],"author":[{"embeddable":true,"href":"http:\/\/www.denkfried.de\/wp\/index.php?rest_route=\/wp\/v2\/users\/2"}],"replies":[{"embeddable":true,"href":"http:\/\/www.denkfried.de\/wp\/index.php?rest_route=%2Fwp%2Fv2%2Fcomments&post=2333"}],"version-history":[{"count":4,"href":"http:\/\/www.denkfried.de\/wp\/index.php?rest_route=\/wp\/v2\/pages\/2333\/revisions"}],"predecessor-version":[{"id":9980,"href":"http:\/\/www.denkfried.de\/wp\/index.php?rest_route=\/wp\/v2\/pages\/2333\/revisions\/9980"}],"up":[{"embeddable":true,"href":"http:\/\/www.denkfried.de\/wp\/index.php?rest_route=\/wp\/v2\/pages\/8265"}],"wp:attachment":[{"href":"http:\/\/www.denkfried.de\/wp\/index.php?rest_route=%2Fwp%2Fv2%2Fmedia&parent=2333"}],"curies":[{"name":"wp","href":"https:\/\/api.w.org\/{rel}","templated":true}]}}