{"id":23269,"date":"2012-07-07T16:38:32","date_gmt":"2012-07-07T14:38:32","guid":{"rendered":"http:\/\/www.denkfried.de\/wp\/?page_id=23269"},"modified":"2016-03-06T16:42:43","modified_gmt":"2016-03-06T15:42:43","slug":"borsigwalde","status":"publish","type":"page","link":"http:\/\/www.denkfried.de\/wp\/?page_id=23269","title":{"rendered":"Borsigwalde"},"content":{"rendered":"<p>&nbsp;<\/p>\n<p><strong>Berlin-Borsigwalde <\/strong>Gnaden-Christi-Kirche, Tietzstra\u00dfe 34<\/p>\n<p>Einst eine angelegte Werksiedlung f\u00fcr die Arbeiter der Borsigwerke.<\/p>\n<p>Bericht und Bilder von Thomas\u00a0<a href=\"http:\/\/g-bb.jimdo.com\/\">Gefallenendenkm\u00e4ler Berlin\/Brandenburg<\/a><\/p>\n<div id='gallery-1' class='gallery galleryid-23269 gallery-columns-4 gallery-size-thumbnail'><dl class='gallery-item'>\n\t\t\t<dt class='gallery-icon landscape'>\n\t\t\t\t<a href='http:\/\/www.denkfried.de\/wp\/?attachment_id=23277'><img loading=\"lazy\" decoding=\"async\" width=\"150\" height=\"150\" src=\"http:\/\/www.denkfried.de\/wp\/wp-content\/uploads\/2012\/07\/Borsigwalde-3-150x150.jpg\" class=\"attachment-thumbnail size-thumbnail\" alt=\"\" \/><\/a>\n\t\t\t<\/dt><\/dl><dl class='gallery-item'>\n\t\t\t<dt class='gallery-icon landscape'>\n\t\t\t\t<a href='http:\/\/www.denkfried.de\/wp\/?attachment_id=23276'><img loading=\"lazy\" decoding=\"async\" width=\"150\" height=\"150\" src=\"http:\/\/www.denkfried.de\/wp\/wp-content\/uploads\/2012\/07\/Borsigwalde-2-150x150.jpg\" class=\"attachment-thumbnail size-thumbnail\" alt=\"\" \/><\/a>\n\t\t\t<\/dt><\/dl><dl class='gallery-item'>\n\t\t\t<dt class='gallery-icon landscape'>\n\t\t\t\t<a href='http:\/\/www.denkfried.de\/wp\/?attachment_id=23275'><img loading=\"lazy\" decoding=\"async\" width=\"150\" height=\"150\" src=\"http:\/\/www.denkfried.de\/wp\/wp-content\/uploads\/2012\/07\/Borsigwalde-150x150.jpg\" class=\"attachment-thumbnail size-thumbnail\" alt=\"\" \/><\/a>\n\t\t\t<\/dt><\/dl><dl class='gallery-item'>\n\t\t\t<dt class='gallery-icon landscape'>\n\t\t\t\t<a href='http:\/\/www.denkfried.de\/wp\/?attachment_id=23278'><img loading=\"lazy\" decoding=\"async\" width=\"150\" height=\"150\" src=\"http:\/\/www.denkfried.de\/wp\/wp-content\/uploads\/2012\/07\/Borsigwalde-4-150x150.jpg\" class=\"attachment-thumbnail size-thumbnail\" alt=\"\" \/><\/a>\n\t\t\t<\/dt><\/dl><br style=\"clear: both\" \/>\n\t\t<\/div>\n\n<p>In der Kirche sollen sich 2 Gedenktafel f\u00fcr die Toten des 1. Weltkrieges befinden. Bereist 1943 kam es zu Luftangriffe. Beim Einmarsch der Russen April\/Mai wurde ein Volkssturm gegr\u00fcndet. Am Nordgraben sollte die Stellung gehalten werden, doch dies war f\u00fcr die Russischen Panzer kein gro\u00dfes\u00a0Hindernis. Einige flohen, einige starben und etliche kamen in Kriegsgefangenschaft. Auf dem Kirchengel\u00e4nde wurde ein Notfriedhof angelegt. Hier ruhen <strong>30 Tote<\/strong>\u00a0(1 blieb Unbekannt) der Endk\u00e4mpfe, einige begingen auch Selbstmord. Die Toten wurden in der Ruine das alten Kinderheims aufgereiht. Dann wurden sie in einem langen Sammelgrab in dem jeder in einem Sarg begraben liegt eingeebnet.<\/p>\n<p>Die Namen wurden in die Datenbank eingepflegt.<\/p>\n<p>&nbsp;<\/p>\n<p>Quelle: Einige Informationen wurde bei <a href=\"http:\/\/www.borsigwalde.eu\/index.html\">www.Borsigwalde.eu<\/a> gefunden.<\/p>\n","protected":false},"excerpt":{"rendered":"<p>&nbsp; Berlin-Borsigwalde Gnaden-Christi-Kirche, Tietzstra\u00dfe 34 Einst eine angelegte Werksiedlung f\u00fcr die Arbeiter der Borsigwerke. Bericht und Bilder von Thomas\u00a0Gefallenendenkm\u00e4ler Berlin\/Brandenburg In der Kirche sollen sich 2 Gedenktafel f\u00fcr die Toten des 1. Weltkrieges befinden. Bereist 1943 kam es zu Luftangriffe. &hellip; <a href=\"http:\/\/www.denkfried.de\/wp\/?page_id=23269\">Weiterlesen <span class=\"meta-nav\">&rarr;<\/span><\/a><\/p>\n","protected":false},"author":9,"featured_media":0,"parent":4565,"menu_order":0,"comment_status":"closed","ping_status":"open","template":"","meta":{"footnotes":""},"class_list":["post-23269","page","type-page","status-publish","hentry"],"_links":{"self":[{"href":"http:\/\/www.denkfried.de\/wp\/index.php?rest_route=\/wp\/v2\/pages\/23269","targetHints":{"allow":["GET"]}}],"collection":[{"href":"http:\/\/www.denkfried.de\/wp\/index.php?rest_route=\/wp\/v2\/pages"}],"about":[{"href":"http:\/\/www.denkfried.de\/wp\/index.php?rest_route=\/wp\/v2\/types\/page"}],"author":[{"embeddable":true,"href":"http:\/\/www.denkfried.de\/wp\/index.php?rest_route=\/wp\/v2\/users\/9"}],"replies":[{"embeddable":true,"href":"http:\/\/www.denkfried.de\/wp\/index.php?rest_route=%2Fwp%2Fv2%2Fcomments&post=23269"}],"version-history":[{"count":14,"href":"http:\/\/www.denkfried.de\/wp\/index.php?rest_route=\/wp\/v2\/pages\/23269\/revisions"}],"predecessor-version":[{"id":40508,"href":"http:\/\/www.denkfried.de\/wp\/index.php?rest_route=\/wp\/v2\/pages\/23269\/revisions\/40508"}],"up":[{"embeddable":true,"href":"http:\/\/www.denkfried.de\/wp\/index.php?rest_route=\/wp\/v2\/pages\/4565"}],"wp:attachment":[{"href":"http:\/\/www.denkfried.de\/wp\/index.php?rest_route=%2Fwp%2Fv2%2Fmedia&parent=23269"}],"curies":[{"name":"wp","href":"https:\/\/api.w.org\/{rel}","templated":true}]}}