{"id":2322,"date":"2011-04-11T16:26:36","date_gmt":"2011-04-11T14:26:36","guid":{"rendered":"http:\/\/www.denkfried.de\/wp\/?page_id=2322"},"modified":"2011-07-16T22:02:24","modified_gmt":"2011-07-16T20:02:24","slug":"labry-155","status":"publish","type":"page","link":"http:\/\/www.denkfried.de\/wp\/?page_id=2322","title":{"rendered":"Labry (155)"},"content":{"rendered":"<p>&nbsp;<\/p>\n<p><span style=\"text-decoration: underline;\"><strong>54800 Labry<\/strong><\/span><\/p>\n<p>Bundesland: Lorraine<br \/>\nRegierungsbezirk: Meurthe-et-Moselle<\/p>\n<hr \/>\n<p><span style=\"text-decoration: underline;\">Aus dem Reisebericht von Hubert M. :<\/span><\/p>\n<p>Wir besuchen nun den deutschen Soldatenfriedhof Labry des Ersten Weltkriegs Nr.155 gleich neben dem Ortsfriedhof.<br \/>\n865 Deutsche, 8 \u00d6sterreicher\/Ungarn, 54 Belgier, 92 Rum\u00e4nen, 133 Russen,und 53 Franzosen sind auf diesem Soldatenfriedhof zur letzten Ruhe bestattet. 1915 von der Truppe angelegt.<br \/>\nDer Eisenbahnknotenpunkt Labry war Hauptnachschubplatz f\u00fcr die Verdunfront und Standort mehrere Lazarette, darunter auch eines Seuchenlazarettes. Die ausl\u00e4ndischen Kriegstoten kommen aus den Reihen der bei Strassenbau und Bergbau eingesezten Kriegsgefangenen.<br \/>\n1972 \u00fcberf\u00fchrten die Franzosen sie auf nationale Friedh\u00f6fe. 1979 wechselte der Volksbund die Holzkreuze gegen Steinkreuze aus und restaurierte das Denkmal. Seit 1989 bettete der Volksbund Gefallene des Ersten Weltkriegs die bei Bau- oder Feldarbeiten in ganz Frankreich gefunden werden, hier ein.<\/p>\n<div id='gallery-1' class='gallery galleryid-2322 gallery-columns-4 gallery-size-thumbnail'><dl class='gallery-item'>\n\t\t\t<dt class='gallery-icon portrait'>\n\t\t\t\t<a href='http:\/\/www.denkfried.de\/wp\/?attachment_id=2323'><img loading=\"lazy\" decoding=\"async\" width=\"150\" height=\"150\" src=\"http:\/\/www.denkfried.de\/wp\/wp-content\/uploads\/2011\/04\/Labry-Hilfsrangierf\u00fchrer010-150x150.jpg\" class=\"attachment-thumbnail size-thumbnail\" alt=\"\" \/><\/a>\n\t\t\t<\/dt><\/dl><dl class='gallery-item'>\n\t\t\t<dt class='gallery-icon landscape'>\n\t\t\t\t<a href='http:\/\/www.denkfried.de\/wp\/?attachment_id=2324'><img loading=\"lazy\" decoding=\"async\" width=\"150\" height=\"150\" src=\"http:\/\/www.denkfried.de\/wp\/wp-content\/uploads\/2011\/04\/Labry-hinteres-Gr\u00e4berfeld-007-150x150.jpg\" class=\"attachment-thumbnail size-thumbnail\" alt=\"\" \/><\/a>\n\t\t\t<\/dt><\/dl><dl class='gallery-item'>\n\t\t\t<dt class='gallery-icon landscape'>\n\t\t\t\t<a href='http:\/\/www.denkfried.de\/wp\/?attachment_id=2325'><img loading=\"lazy\" decoding=\"async\" width=\"150\" height=\"150\" src=\"http:\/\/www.denkfried.de\/wp\/wp-content\/uploads\/2011\/04\/Labry-Hinweisplatte-002-150x150.jpg\" class=\"attachment-thumbnail size-thumbnail\" alt=\"\" \/><\/a>\n\t\t\t<\/dt><\/dl><dl class='gallery-item'>\n\t\t\t<dt class='gallery-icon landscape'>\n\t\t\t\t<a href='http:\/\/www.denkfried.de\/wp\/?attachment_id=2326'><img loading=\"lazy\" decoding=\"async\" width=\"150\" height=\"150\" src=\"http:\/\/www.denkfried.de\/wp\/wp-content\/uploads\/2011\/04\/Labry-Hinweisschild-Erbauer-006-150x150.jpg\" class=\"attachment-thumbnail size-thumbnail\" alt=\"\" \/><\/a>\n\t\t\t<\/dt><\/dl><br style=\"clear: both\" \/><dl class='gallery-item'>\n\t\t\t<dt class='gallery-icon portrait'>\n\t\t\t\t<a href='http:\/\/www.denkfried.de\/wp\/?attachment_id=2327'><img loading=\"lazy\" decoding=\"async\" width=\"150\" height=\"150\" src=\"http:\/\/www.denkfried.de\/wp\/wp-content\/uploads\/2011\/04\/Labry-Pfarrer-008-150x150.jpg\" class=\"attachment-thumbnail size-thumbnail\" alt=\"\" \/><\/a>\n\t\t\t<\/dt><\/dl><dl class='gallery-item'>\n\t\t\t<dt class='gallery-icon portrait'>\n\t\t\t\t<a href='http:\/\/www.denkfried.de\/wp\/?attachment_id=2328'><img loading=\"lazy\" decoding=\"async\" width=\"150\" height=\"150\" src=\"http:\/\/www.denkfried.de\/wp\/wp-content\/uploads\/2011\/04\/Labry-Bohungi-Isram-009-150x150.jpg\" class=\"attachment-thumbnail size-thumbnail\" alt=\"\" \/><\/a>\n\t\t\t<\/dt><\/dl><dl class='gallery-item'>\n\t\t\t<dt class='gallery-icon landscape'>\n\t\t\t\t<a href='http:\/\/www.denkfried.de\/wp\/?attachment_id=2329'><img loading=\"lazy\" decoding=\"async\" width=\"150\" height=\"150\" src=\"http:\/\/www.denkfried.de\/wp\/wp-content\/uploads\/2011\/04\/Labry-Eingang-001-150x150.jpg\" class=\"attachment-thumbnail size-thumbnail\" alt=\"\" \/><\/a>\n\t\t\t<\/dt><\/dl><dl class='gallery-item'>\n\t\t\t<dt class='gallery-icon landscape'>\n\t\t\t\t<a href='http:\/\/www.denkfried.de\/wp\/?attachment_id=2330'><img loading=\"lazy\" decoding=\"async\" width=\"150\" height=\"150\" src=\"http:\/\/www.denkfried.de\/wp\/wp-content\/uploads\/2011\/04\/Labry-franz.Kameradengrab-004-150x150.jpg\" class=\"attachment-thumbnail size-thumbnail\" alt=\"\" \/><\/a>\n\t\t\t<\/dt><\/dl><br style=\"clear: both\" \/>\n\t\t<\/div>\n\n","protected":false},"excerpt":{"rendered":"<p>&nbsp; 54800 Labry Bundesland: Lorraine Regierungsbezirk: Meurthe-et-Moselle Aus dem Reisebericht von Hubert M. : Wir besuchen nun den deutschen Soldatenfriedhof Labry des Ersten Weltkriegs Nr.155 gleich neben dem Ortsfriedhof. 865 Deutsche, 8 \u00d6sterreicher\/Ungarn, 54 Belgier, 92 Rum\u00e4nen, 133 Russen,und 53 &hellip; <a href=\"http:\/\/www.denkfried.de\/wp\/?page_id=2322\">Weiterlesen <span class=\"meta-nav\">&rarr;<\/span><\/a><\/p>\n","protected":false},"author":2,"featured_media":0,"parent":8265,"menu_order":0,"comment_status":"closed","ping_status":"open","template":"","meta":{"footnotes":""},"class_list":["post-2322","page","type-page","status-publish","hentry"],"_links":{"self":[{"href":"http:\/\/www.denkfried.de\/wp\/index.php?rest_route=\/wp\/v2\/pages\/2322","targetHints":{"allow":["GET"]}}],"collection":[{"href":"http:\/\/www.denkfried.de\/wp\/index.php?rest_route=\/wp\/v2\/pages"}],"about":[{"href":"http:\/\/www.denkfried.de\/wp\/index.php?rest_route=\/wp\/v2\/types\/page"}],"author":[{"embeddable":true,"href":"http:\/\/www.denkfried.de\/wp\/index.php?rest_route=\/wp\/v2\/users\/2"}],"replies":[{"embeddable":true,"href":"http:\/\/www.denkfried.de\/wp\/index.php?rest_route=%2Fwp%2Fv2%2Fcomments&post=2322"}],"version-history":[{"count":4,"href":"http:\/\/www.denkfried.de\/wp\/index.php?rest_route=\/wp\/v2\/pages\/2322\/revisions"}],"predecessor-version":[{"id":9979,"href":"http:\/\/www.denkfried.de\/wp\/index.php?rest_route=\/wp\/v2\/pages\/2322\/revisions\/9979"}],"up":[{"embeddable":true,"href":"http:\/\/www.denkfried.de\/wp\/index.php?rest_route=\/wp\/v2\/pages\/8265"}],"wp:attachment":[{"href":"http:\/\/www.denkfried.de\/wp\/index.php?rest_route=%2Fwp%2Fv2%2Fmedia&parent=2322"}],"curies":[{"name":"wp","href":"https:\/\/api.w.org\/{rel}","templated":true}]}}