{"id":23200,"date":"2012-06-24T22:31:37","date_gmt":"2012-06-24T20:31:37","guid":{"rendered":"http:\/\/www.denkfried.de\/wp\/?page_id=23200"},"modified":"2015-11-17T18:34:35","modified_gmt":"2015-11-17T17:34:35","slug":"pankow-xii","status":"publish","type":"page","link":"http:\/\/www.denkfried.de\/wp\/?page_id=23200","title":{"rendered":"Pankow XII"},"content":{"rendered":"<p>&nbsp;<\/p>\n<p><strong>Berlin-Buch<\/strong> Friedhof Pankow XII, Schwanebecker Chaussee 14<\/p>\n<p>Bericht und Bilder von Thomas\u00a0<a href=\"http:\/\/g-bb.jimdo.com\/\">Gefallenendenkm\u00e4ler Berlin\/Brandenburg<\/a><\/p>\n<div id='gallery-1' class='gallery galleryid-23200 gallery-columns-4 gallery-size-thumbnail'><dl class='gallery-item'>\n\t\t\t<dt class='gallery-icon landscape'>\n\t\t\t\t<a href='http:\/\/www.denkfried.de\/wp\/?attachment_id=30847'><img loading=\"lazy\" decoding=\"async\" width=\"150\" height=\"150\" src=\"http:\/\/www.denkfried.de\/wp\/wp-content\/uploads\/2012\/06\/Berlin-Buch-Ehrenfeld-Erster-Weltkrieg-3-150x150.jpg\" class=\"attachment-thumbnail size-thumbnail\" alt=\"\" \/><\/a>\n\t\t\t<\/dt><\/dl><dl class='gallery-item'>\n\t\t\t<dt class='gallery-icon landscape'>\n\t\t\t\t<a href='http:\/\/www.denkfried.de\/wp\/?attachment_id=30845'><img loading=\"lazy\" decoding=\"async\" width=\"150\" height=\"150\" src=\"http:\/\/www.denkfried.de\/wp\/wp-content\/uploads\/2012\/06\/Berlin-Buch-Ehrenfeld-Erster-Weltkrieg-150x150.jpg\" class=\"attachment-thumbnail size-thumbnail\" alt=\"\" \/><\/a>\n\t\t\t<\/dt><\/dl><dl class='gallery-item'>\n\t\t\t<dt class='gallery-icon portrait'>\n\t\t\t\t<a href='http:\/\/www.denkfried.de\/wp\/?attachment_id=30846'><img loading=\"lazy\" decoding=\"async\" width=\"150\" height=\"150\" src=\"http:\/\/www.denkfried.de\/wp\/wp-content\/uploads\/2012\/06\/Berlin-Buch-Ehrenfeld-Erster-Weltkrieg-2-150x150.jpg\" class=\"attachment-thumbnail size-thumbnail\" alt=\"\" \/><\/a>\n\t\t\t<\/dt><\/dl><dl class='gallery-item'>\n\t\t\t<dt class='gallery-icon landscape'>\n\t\t\t\t<a href='http:\/\/www.denkfried.de\/wp\/?attachment_id=30844'><img loading=\"lazy\" decoding=\"async\" width=\"150\" height=\"150\" src=\"http:\/\/www.denkfried.de\/wp\/wp-content\/uploads\/2012\/06\/Berlin-Buch-Ausl\u00e4ndisches-Kriegsopferfeld-150x150.jpg\" class=\"attachment-thumbnail size-thumbnail\" alt=\"\" \/><\/a>\n\t\t\t<\/dt><\/dl><br style=\"clear: both\" \/><dl class='gallery-item'>\n\t\t\t<dt class='gallery-icon landscape'>\n\t\t\t\t<a href='http:\/\/www.denkfried.de\/wp\/?attachment_id=30848'><img loading=\"lazy\" decoding=\"async\" width=\"150\" height=\"150\" src=\"http:\/\/www.denkfried.de\/wp\/wp-content\/uploads\/2012\/06\/Berlin-Buch-Unbekannte-kriegstote-2-150x150.jpg\" class=\"attachment-thumbnail size-thumbnail\" alt=\"\" \/><\/a>\n\t\t\t<\/dt><\/dl><dl class='gallery-item'>\n\t\t\t<dt class='gallery-icon landscape'>\n\t\t\t\t<a href='http:\/\/www.denkfried.de\/wp\/?attachment_id=30849'><img loading=\"lazy\" decoding=\"async\" width=\"150\" height=\"150\" src=\"http:\/\/www.denkfried.de\/wp\/wp-content\/uploads\/2012\/06\/Berlin-BuchEhrenfeld-II-150x150.jpg\" class=\"attachment-thumbnail size-thumbnail\" alt=\"\" \/><\/a>\n\t\t\t<\/dt><\/dl><dl class='gallery-item'>\n\t\t\t<dt class='gallery-icon landscape'>\n\t\t\t\t<a href='http:\/\/www.denkfried.de\/wp\/?attachment_id=30850'><img loading=\"lazy\" decoding=\"async\" width=\"150\" height=\"150\" src=\"http:\/\/www.denkfried.de\/wp\/wp-content\/uploads\/2012\/06\/Berlin-Buch-Kriegsopfer-150x150.jpg\" class=\"attachment-thumbnail size-thumbnail\" alt=\"\" \/><\/a>\n\t\t\t<\/dt><\/dl><dl class='gallery-item'>\n\t\t\t<dt class='gallery-icon portrait'>\n\t\t\t\t<a href='http:\/\/www.denkfried.de\/wp\/?attachment_id=30851'><img loading=\"lazy\" decoding=\"async\" width=\"150\" height=\"150\" src=\"http:\/\/www.denkfried.de\/wp\/wp-content\/uploads\/2012\/06\/Berlin-Buch-privates-Grab-150x150.jpg\" class=\"attachment-thumbnail size-thumbnail\" alt=\"\" \/><\/a>\n\t\t\t<\/dt><\/dl><br style=\"clear: both\" \/>\n\t\t<\/div>\n\n<p>Der st\u00e4dtische Friedhof Buch ist ein Waldfriedhof, angrenzend am Klinikum. Er wurde als Begr\u00e4bnisst\u00e4tte f\u00fcr das Krankenhaus errichtet, somit Anfangs als Anstaltsfriedhof genutzt. Im Ersten Weltkrieg wurden hier <strong>184 Soldaten<\/strong> begraben. Diese starben im Krankenhaus welches zur Zeit als Lazarett diente. Insgesamt ruhen hier 1616 Kriegstote.<\/p>\n<p><strong>1914-1918<\/strong> Vom Haupteingang gerade aus ist das Grabfeld mit den toten des Ersten Weltkrieges. Am Anfang sind B\u00e4nke zum verweilen, ein Weg f\u00fchrt zu einem Holzkreuz. seitlich des Weges, ruhen je in einer Reihe die Toten.<\/p>\n<p><strong>1939-1945<\/strong> Es gibt zwei geschlossene Anlagen f\u00fcr die Kriegsopfer des Zweiten Weltkrieges. Ein Grabfled mit \u00fcberwigend ausl\u00e4ndischen Kriegstoten, befindet sich direkt am Hauptweg. Hier ruhen <strong>608 Kriegstote <\/strong>(2 blieben Unbekannt) die meisten starben Ende 1944 Anfang 1945. Es sind viele Kinder unter den Toten.<\/p>\n<p><strong>Gr\u00e4berfeld II<\/strong><\/p>\n<p>Vom Hauptweg aus, direkt hinter dem ersten Gr\u00e4berfeld. Unter den Toten sind nicht nur Milit\u00e4rangeh\u00f6rige und Lazarettopfer, hier fanden auch Zwangsarbeiter, zivile Bombenopfer und Luftwaffenhelfer ihre letzte Ruhe.\u00a0 Hier fanden <strong>824 Kriegsopfer<\/strong> (51 blieben Unbekannt) ihre letzte Ruhe.<\/p>\n<p>Die Namen wurden in die Datenbanken eingepflegt.<\/p>\n","protected":false},"excerpt":{"rendered":"<p>&nbsp; Berlin-Buch Friedhof Pankow XII, Schwanebecker Chaussee 14 Bericht und Bilder von Thomas\u00a0Gefallenendenkm\u00e4ler Berlin\/Brandenburg Der st\u00e4dtische Friedhof Buch ist ein Waldfriedhof, angrenzend am Klinikum. Er wurde als Begr\u00e4bnisst\u00e4tte f\u00fcr das Krankenhaus errichtet, somit Anfangs als Anstaltsfriedhof genutzt. Im Ersten Weltkrieg &hellip; <a href=\"http:\/\/www.denkfried.de\/wp\/?page_id=23200\">Weiterlesen <span class=\"meta-nav\">&rarr;<\/span><\/a><\/p>\n","protected":false},"author":9,"featured_media":0,"parent":23189,"menu_order":0,"comment_status":"closed","ping_status":"open","template":"","meta":{"footnotes":""},"class_list":["post-23200","page","type-page","status-publish","hentry"],"_links":{"self":[{"href":"http:\/\/www.denkfried.de\/wp\/index.php?rest_route=\/wp\/v2\/pages\/23200","targetHints":{"allow":["GET"]}}],"collection":[{"href":"http:\/\/www.denkfried.de\/wp\/index.php?rest_route=\/wp\/v2\/pages"}],"about":[{"href":"http:\/\/www.denkfried.de\/wp\/index.php?rest_route=\/wp\/v2\/types\/page"}],"author":[{"embeddable":true,"href":"http:\/\/www.denkfried.de\/wp\/index.php?rest_route=\/wp\/v2\/users\/9"}],"replies":[{"embeddable":true,"href":"http:\/\/www.denkfried.de\/wp\/index.php?rest_route=%2Fwp%2Fv2%2Fcomments&post=23200"}],"version-history":[{"count":14,"href":"http:\/\/www.denkfried.de\/wp\/index.php?rest_route=\/wp\/v2\/pages\/23200\/revisions"}],"predecessor-version":[{"id":39468,"href":"http:\/\/www.denkfried.de\/wp\/index.php?rest_route=\/wp\/v2\/pages\/23200\/revisions\/39468"}],"up":[{"embeddable":true,"href":"http:\/\/www.denkfried.de\/wp\/index.php?rest_route=\/wp\/v2\/pages\/23189"}],"wp:attachment":[{"href":"http:\/\/www.denkfried.de\/wp\/index.php?rest_route=%2Fwp%2Fv2%2Fmedia&parent=23200"}],"curies":[{"name":"wp","href":"https:\/\/api.w.org\/{rel}","templated":true}]}}