{"id":23159,"date":"2012-06-24T13:46:00","date_gmt":"2012-06-24T11:46:00","guid":{"rendered":"http:\/\/www.denkfried.de\/wp\/?page_id=23159"},"modified":"2015-11-28T16:11:24","modified_gmt":"2015-11-28T15:11:24","slug":"fhf-kaiser-friedrich","status":"publish","type":"page","link":"http:\/\/www.denkfried.de\/wp\/?page_id=23159","title":{"rendered":"Alter Friedhof Pl\u00f6tzensee"},"content":{"rendered":"<p>&nbsp;<\/p>\n<p><strong>Berlin-Wedding<\/strong> Alter Friedhof Pl\u00f6tzensee<\/p>\n<p>Bericht und Bilder von Thomas\u00a0<a href=\"http:\/\/g-bb.jimdo.com\/\">Gefallenendenkm\u00e4ler Berlin\/Brandenburg<\/a><\/p>\n<div id='gallery-1' class='gallery galleryid-23159 gallery-columns-3 gallery-size-thumbnail'><dl class='gallery-item'>\n\t\t\t<dt class='gallery-icon landscape'>\n\t\t\t\t<a href='http:\/\/www.denkfried.de\/wp\/?attachment_id=34650'><img loading=\"lazy\" decoding=\"async\" width=\"150\" height=\"150\" src=\"http:\/\/www.denkfried.de\/wp\/wp-content\/uploads\/2012\/06\/Berlin-Pl\u00f6tzensee-Alter-Friedhof-2-150x150.jpg\" class=\"attachment-thumbnail size-thumbnail\" alt=\"\" \/><\/a>\n\t\t\t<\/dt><\/dl><dl class='gallery-item'>\n\t\t\t<dt class='gallery-icon landscape'>\n\t\t\t\t<a href='http:\/\/www.denkfried.de\/wp\/?attachment_id=34652'><img loading=\"lazy\" decoding=\"async\" width=\"150\" height=\"150\" src=\"http:\/\/www.denkfried.de\/wp\/wp-content\/uploads\/2012\/06\/Berlin-Pl\u00f6tzensee-Denkmal-Kriegsopfer-Alter-Friedhof-150x150.jpg\" class=\"attachment-thumbnail size-thumbnail\" alt=\"\" \/><\/a>\n\t\t\t<\/dt><\/dl><dl class='gallery-item'>\n\t\t\t<dt class='gallery-icon landscape'>\n\t\t\t\t<a href='http:\/\/www.denkfried.de\/wp\/?attachment_id=34653'><img loading=\"lazy\" decoding=\"async\" width=\"150\" height=\"150\" src=\"http:\/\/www.denkfried.de\/wp\/wp-content\/uploads\/2012\/06\/Berlin-Pl\u00f6tzensee-Denkmal-Kriegsopfer-Alter-Friedhof-2-150x150.jpg\" class=\"attachment-thumbnail size-thumbnail\" alt=\"\" \/><\/a>\n\t\t\t<\/dt><\/dl><br style=\"clear: both\" \/><dl class='gallery-item'>\n\t\t\t<dt class='gallery-icon landscape'>\n\t\t\t\t<a href='http:\/\/www.denkfried.de\/wp\/?attachment_id=34649'><img loading=\"lazy\" decoding=\"async\" width=\"150\" height=\"150\" src=\"http:\/\/www.denkfried.de\/wp\/wp-content\/uploads\/2012\/06\/Berlin-Pl\u00f6tzensee-Alter-Friedhof-150x150.jpg\" class=\"attachment-thumbnail size-thumbnail\" alt=\"\" \/><\/a>\n\t\t\t<\/dt><\/dl><dl class='gallery-item'>\n\t\t\t<dt class='gallery-icon landscape'>\n\t\t\t\t<a href='http:\/\/www.denkfried.de\/wp\/?attachment_id=34651'><img loading=\"lazy\" decoding=\"async\" width=\"150\" height=\"150\" src=\"http:\/\/www.denkfried.de\/wp\/wp-content\/uploads\/2012\/06\/Berlin-Pl\u00f6tzensee-Alter-Friedhof-3-150x150.jpg\" class=\"attachment-thumbnail size-thumbnail\" alt=\"\" \/><\/a>\n\t\t\t<\/dt><\/dl><dl class='gallery-item'>\n\t\t\t<dt class='gallery-icon landscape'>\n\t\t\t\t<a href='http:\/\/www.denkfried.de\/wp\/?attachment_id=34654'><img loading=\"lazy\" decoding=\"async\" width=\"150\" height=\"150\" src=\"http:\/\/www.denkfried.de\/wp\/wp-content\/uploads\/2012\/06\/Berlin-Pl\u00f6tzensee-Kriegsgrab-150x150.jpg\" class=\"attachment-thumbnail size-thumbnail\" alt=\"\" \/><\/a>\n\t\t\t<\/dt><\/dl><br style=\"clear: both\" \/>\n\t\t<\/div>\n\n<p>Am Rand der Parkanlage am Dohnagestell 4 befindet sich der Friedhof. Hier am ehemaligen Schie\u00df- und \u00dcbungsplatz der des 2. Garde-Ulanen Regiments. Eine Eingang vom park aus zu begehen, gegen\u00fcber dem Eingang steht ein Denkmal. Es ist vom Bildhauer Emil Cauer aus den 1920er Jahren f\u00fcr die Gefallenen des Ersten Weltkrieges errichtet. Auf dem Denkmal ist ein Gefallenen Soldat welcher in den Armen einer Trauernden Frau ist. Folgende Inschrift befindet unter dem Relief, jedoch kaum noch zu erkennen:<\/p>\n<p style=\"text-align: center;\"><em><strong>Den Helden des Weltkrieges<\/strong><\/em><\/p>\n<p style=\"text-align: center;\"><em><strong>die Gemeinde\u00a0Kaiser-Friedrich-Ged\u00e4chtnis und Heiland<\/strong><\/em><\/p>\n<p>Seitlich des Weges sind Gr\u00e4ber von Gefallenen aus beiden Weltkriegen.<\/p>\n<p>Die Namen werden in die Datenbank eingepflegt.<\/p>\n<p>&nbsp;<\/p>\n<p>&nbsp;<\/p>\n<p>&nbsp;<\/p>\n","protected":false},"excerpt":{"rendered":"<p>&nbsp; Berlin-Wedding Alter Friedhof Pl\u00f6tzensee Bericht und Bilder von Thomas\u00a0Gefallenendenkm\u00e4ler Berlin\/Brandenburg Am Rand der Parkanlage am Dohnagestell 4 befindet sich der Friedhof. Hier am ehemaligen Schie\u00df- und \u00dcbungsplatz der des 2. Garde-Ulanen Regiments. Eine Eingang vom park aus zu begehen, &hellip; <a href=\"http:\/\/www.denkfried.de\/wp\/?page_id=23159\">Weiterlesen <span class=\"meta-nav\">&rarr;<\/span><\/a><\/p>\n","protected":false},"author":9,"featured_media":0,"parent":15757,"menu_order":0,"comment_status":"closed","ping_status":"open","template":"","meta":{"footnotes":""},"class_list":["post-23159","page","type-page","status-publish","hentry"],"_links":{"self":[{"href":"http:\/\/www.denkfried.de\/wp\/index.php?rest_route=\/wp\/v2\/pages\/23159","targetHints":{"allow":["GET"]}}],"collection":[{"href":"http:\/\/www.denkfried.de\/wp\/index.php?rest_route=\/wp\/v2\/pages"}],"about":[{"href":"http:\/\/www.denkfried.de\/wp\/index.php?rest_route=\/wp\/v2\/types\/page"}],"author":[{"embeddable":true,"href":"http:\/\/www.denkfried.de\/wp\/index.php?rest_route=\/wp\/v2\/users\/9"}],"replies":[{"embeddable":true,"href":"http:\/\/www.denkfried.de\/wp\/index.php?rest_route=%2Fwp%2Fv2%2Fcomments&post=23159"}],"version-history":[{"count":13,"href":"http:\/\/www.denkfried.de\/wp\/index.php?rest_route=\/wp\/v2\/pages\/23159\/revisions"}],"predecessor-version":[{"id":39584,"href":"http:\/\/www.denkfried.de\/wp\/index.php?rest_route=\/wp\/v2\/pages\/23159\/revisions\/39584"}],"up":[{"embeddable":true,"href":"http:\/\/www.denkfried.de\/wp\/index.php?rest_route=\/wp\/v2\/pages\/15757"}],"wp:attachment":[{"href":"http:\/\/www.denkfried.de\/wp\/index.php?rest_route=%2Fwp%2Fv2%2Fmedia&parent=23159"}],"curies":[{"name":"wp","href":"https:\/\/api.w.org\/{rel}","templated":true}]}}