{"id":23129,"date":"2012-06-24T10:44:35","date_gmt":"2012-06-24T08:44:35","guid":{"rendered":"http:\/\/www.denkfried.de\/wp\/?page_id=23129"},"modified":"2014-07-05T17:54:38","modified_gmt":"2014-07-05T15:54:38","slug":"niederschonhausen","status":"publish","type":"page","link":"http:\/\/www.denkfried.de\/wp\/?page_id=23129","title":{"rendered":"Niedersch\u00f6nhausen"},"content":{"rendered":"<p>&nbsp;<\/p>\n<p><strong>Berlin Niedersch\u00f6nhausen<\/strong> im Bezirk Pankow<\/p>\n<p>Im gr\u00fcnen Stadtteil befindet sich der Ortsteil Sch\u00f6nholz, welcher durch die Sch\u00f6nholzer Heide bekannt ist. Am Volkspark befinden sich die Friedh\u00f6fe Pankow III und VI, sowie der Sowjetische Ehrenfriedhof mit 13000 Kriegstoten Sowjet Soldaten.<\/p>\n<ul>\n<li><a href=\"http:\/\/www.denkfried.de\/wp\/?page_id=25563\">Denkm\u00e4ler<\/a><\/li>\n<li><a href=\"http:\/\/www.denkfried.de\/wp\/?page_id=25579\">Friedenskirche<\/a><\/li>\n<li><a href=\"http:\/\/www.denkfried.de\/wp\/?page_id=14199\">Friedhof Pankow III<\/a><\/li>\n<li><a href=\"http:\/\/www.denkfried.de\/wp\/?page_id=25839\">Friedhof Pankow IV<\/a><\/li>\n<li><a href=\"http:\/\/www.denkfried.de\/wp\/?page_id=35693\">Friedhof Pankow V<\/a><\/li>\n<li><a href=\"http:\/\/www.denkfried.de\/wp\/?page_id=23139\">Friedhof Pankow VI<\/a><\/li>\n<li><a href=\"http:\/\/www.denkfried.de\/wp\/?page_id=35719\">Ausl\u00e4nderlager Sch\u00f6nholz<\/a><\/li>\n<li><a href=\"http:\/\/www.denkfried.de\/wp\/?page_id=25929\">Sowjetischer Soldatenfriedhof<\/a><\/li>\n<\/ul>\n","protected":false},"excerpt":{"rendered":"<p>&nbsp; Berlin Niedersch\u00f6nhausen im Bezirk Pankow Im gr\u00fcnen Stadtteil befindet sich der Ortsteil Sch\u00f6nholz, welcher durch die Sch\u00f6nholzer Heide bekannt ist. Am Volkspark befinden sich die Friedh\u00f6fe Pankow III und VI, sowie der Sowjetische Ehrenfriedhof mit 13000 Kriegstoten Sowjet Soldaten. &hellip; <a href=\"http:\/\/www.denkfried.de\/wp\/?page_id=23129\">Weiterlesen <span class=\"meta-nav\">&rarr;<\/span><\/a><\/p>\n","protected":false},"author":9,"featured_media":0,"parent":4562,"menu_order":0,"comment_status":"closed","ping_status":"open","template":"","meta":{"footnotes":""},"class_list":["post-23129","page","type-page","status-publish","hentry"],"_links":{"self":[{"href":"http:\/\/www.denkfried.de\/wp\/index.php?rest_route=\/wp\/v2\/pages\/23129","targetHints":{"allow":["GET"]}}],"collection":[{"href":"http:\/\/www.denkfried.de\/wp\/index.php?rest_route=\/wp\/v2\/pages"}],"about":[{"href":"http:\/\/www.denkfried.de\/wp\/index.php?rest_route=\/wp\/v2\/types\/page"}],"author":[{"embeddable":true,"href":"http:\/\/www.denkfried.de\/wp\/index.php?rest_route=\/wp\/v2\/users\/9"}],"replies":[{"embeddable":true,"href":"http:\/\/www.denkfried.de\/wp\/index.php?rest_route=%2Fwp%2Fv2%2Fcomments&post=23129"}],"version-history":[{"count":18,"href":"http:\/\/www.denkfried.de\/wp\/index.php?rest_route=\/wp\/v2\/pages\/23129\/revisions"}],"predecessor-version":[{"id":35728,"href":"http:\/\/www.denkfried.de\/wp\/index.php?rest_route=\/wp\/v2\/pages\/23129\/revisions\/35728"}],"up":[{"embeddable":true,"href":"http:\/\/www.denkfried.de\/wp\/index.php?rest_route=\/wp\/v2\/pages\/4562"}],"wp:attachment":[{"href":"http:\/\/www.denkfried.de\/wp\/index.php?rest_route=%2Fwp%2Fv2%2Fmedia&parent=23129"}],"curies":[{"name":"wp","href":"https:\/\/api.w.org\/{rel}","templated":true}]}}