{"id":2311,"date":"2011-04-11T16:16:29","date_gmt":"2011-04-11T14:16:29","guid":{"rendered":"http:\/\/www.denkfried.de\/wp\/?page_id=2311"},"modified":"2011-07-16T23:58:43","modified_gmt":"2011-07-16T21:58:43","slug":"la-bresse-lingenkopf","status":"publish","type":"page","link":"http:\/\/www.denkfried.de\/wp\/?page_id=2311","title":{"rendered":"La Bresse &#8211; Lingenkopf"},"content":{"rendered":"<p><span style=\"text-decoration: underline; color: #000000;\"><strong>88250 La Bresse<\/strong><\/span><\/p>\n<p>Region: \u00a0 \u00a0 \u00a0 \u00a0\u00a0\u00a0\u00a0Lothringen<br \/>\nD\u00e9partement: \u00a0\u00a0\u00a0Vosges<br \/>\nArrondissement: \u00a0\u00a0\u00a0\u00c9pinal<br \/>\nKanton: \u00a0 \u00a0 \u00a0 \u00a0\u00a0\u00a0\u00a0Saulxures-sur-Moselotte<\/p>\n<hr \/>\n<p><span style=\"text-decoration: underline;\">Aus dem Reisebericht von Hubert M. :<\/span><\/p>\n<p>Col de Linge \u2013 Lingenkopf<\/p>\n<p>Als wir am 28 M\u00e4rz 2007 in den Hochvogesen unterwegs waren besuchten wir auch den franz\u00f6sischen Soldatenfriedhof am Lingenkopf. Die Mehrzahl der beigesetzten Franzosen aus verschiedenen Bataillone stammen von den &#8222;J\u00e4ger zu Fu\u00df&#8220; BCP ( Bataillon Chasseur A Pied) sowie den bekannteren Alpenj\u00e4gern BCA (Bataillon Chasseur Alpin). Die gut ausgebildeten franz.Gebirgsj\u00e4ger fanden sich in den Bergen gut zu recht, trotzdem mussten sie in den Kriegsjahren 1914 hohe Verluste hinnehmen im Kampf um die H\u00f6hen am Lingenkopf. An einer Bronzetafel am Denkmal sind die Nummern der beteiligten Bataillone genannt die hier eingesetzt waren. Hinterbliebene der gefallenen Franzosen brachten Namenplatten zum Gedenken aus Porzellan am Kameradengrab an .<\/p>\n<div id='gallery-1' class='gallery galleryid-2311 gallery-columns-4 gallery-size-thumbnail'><dl class='gallery-item'>\n\t\t\t<dt class='gallery-icon landscape'>\n\t\t\t\t<a href='http:\/\/www.denkfried.de\/wp\/?attachment_id=2312'><img loading=\"lazy\" decoding=\"async\" width=\"150\" height=\"150\" src=\"http:\/\/www.denkfried.de\/wp\/wp-content\/uploads\/2011\/04\/Lingenkopf-franz.Namenstafeln-Kameradengrab-06-150x150.jpg\" class=\"attachment-thumbnail size-thumbnail\" alt=\"\" \/><\/a>\n\t\t\t<\/dt><\/dl><dl class='gallery-item'>\n\t\t\t<dt class='gallery-icon landscape'>\n\t\t\t\t<a href='http:\/\/www.denkfried.de\/wp\/?attachment_id=2313'><img loading=\"lazy\" decoding=\"async\" width=\"150\" height=\"150\" src=\"http:\/\/www.denkfried.de\/wp\/wp-content\/uploads\/2011\/04\/Lingenkopf-franz.-Ansicht-Gr\u00e4berfeld03-150x150.jpg\" class=\"attachment-thumbnail size-thumbnail\" alt=\"\" \/><\/a>\n\t\t\t<\/dt><\/dl><dl class='gallery-item'>\n\t\t\t<dt class='gallery-icon landscape'>\n\t\t\t\t<a href='http:\/\/www.denkfried.de\/wp\/?attachment_id=2314'><img loading=\"lazy\" decoding=\"async\" width=\"150\" height=\"150\" src=\"http:\/\/www.denkfried.de\/wp\/wp-content\/uploads\/2011\/04\/Lingenkopf-franz.beteiligte-Bataillione07-150x150.jpg\" class=\"attachment-thumbnail size-thumbnail\" alt=\"\" \/><\/a>\n\t\t\t<\/dt><\/dl><dl class='gallery-item'>\n\t\t\t<dt class='gallery-icon landscape'>\n\t\t\t\t<a href='http:\/\/www.denkfried.de\/wp\/?attachment_id=2315'><img loading=\"lazy\" decoding=\"async\" width=\"150\" height=\"150\" src=\"http:\/\/www.denkfried.de\/wp\/wp-content\/uploads\/2011\/04\/Lingenkopf-franz.Bronzeplastik-vor-Denkmal-08-150x150.jpg\" class=\"attachment-thumbnail size-thumbnail\" alt=\"\" \/><\/a>\n\t\t\t<\/dt><\/dl><br style=\"clear: both\" \/><dl class='gallery-item'>\n\t\t\t<dt class='gallery-icon landscape'>\n\t\t\t\t<a href='http:\/\/www.denkfried.de\/wp\/?attachment_id=2316'><img loading=\"lazy\" decoding=\"async\" width=\"150\" height=\"150\" src=\"http:\/\/www.denkfried.de\/wp\/wp-content\/uploads\/2011\/04\/Lingenkopf-franz.Eingang-02-150x150.jpg\" class=\"attachment-thumbnail size-thumbnail\" alt=\"\" \/><\/a>\n\t\t\t<\/dt><\/dl><dl class='gallery-item'>\n\t\t\t<dt class='gallery-icon landscape'>\n\t\t\t\t<a href='http:\/\/www.denkfried.de\/wp\/?attachment_id=2317'><img loading=\"lazy\" decoding=\"async\" width=\"150\" height=\"150\" src=\"http:\/\/www.denkfried.de\/wp\/wp-content\/uploads\/2011\/04\/Lingenkopf-franz.Gr\u00e4ber-links-04-150x150.jpg\" class=\"attachment-thumbnail size-thumbnail\" alt=\"\" \/><\/a>\n\t\t\t<\/dt><\/dl><dl class='gallery-item'>\n\t\t\t<dt class='gallery-icon landscape'>\n\t\t\t\t<a href='http:\/\/www.denkfried.de\/wp\/?attachment_id=2318'><img loading=\"lazy\" decoding=\"async\" width=\"150\" height=\"150\" src=\"http:\/\/www.denkfried.de\/wp\/wp-content\/uploads\/2011\/04\/Lingenkopf-franz.Gr\u00e4ber-rechts-05-150x150.jpg\" class=\"attachment-thumbnail size-thumbnail\" alt=\"\" \/><\/a>\n\t\t\t<\/dt><\/dl><dl class='gallery-item'>\n\t\t\t<dt class='gallery-icon landscape'>\n\t\t\t\t<a href='http:\/\/www.denkfried.de\/wp\/?attachment_id=2319'><img loading=\"lazy\" decoding=\"async\" width=\"150\" height=\"150\" src=\"http:\/\/www.denkfried.de\/wp\/wp-content\/uploads\/2011\/04\/Lingenkopf-franz.Hinweisschild-01-150x150.jpg\" class=\"attachment-thumbnail size-thumbnail\" alt=\"\" \/><\/a>\n\t\t\t<\/dt><\/dl><br style=\"clear: both\" \/>\n\t\t<\/div>\n\n","protected":false},"excerpt":{"rendered":"<p>88250 La Bresse Region: \u00a0 \u00a0 \u00a0 \u00a0\u00a0\u00a0\u00a0Lothringen D\u00e9partement: \u00a0\u00a0\u00a0Vosges Arrondissement: \u00a0\u00a0\u00a0\u00c9pinal Kanton: \u00a0 \u00a0 \u00a0 \u00a0\u00a0\u00a0\u00a0Saulxures-sur-Moselotte Aus dem Reisebericht von Hubert M. : Col de Linge \u2013 Lingenkopf Als wir am 28 M\u00e4rz 2007 in den Hochvogesen unterwegs waren &hellip; <a href=\"http:\/\/www.denkfried.de\/wp\/?page_id=2311\">Weiterlesen <span class=\"meta-nav\">&rarr;<\/span><\/a><\/p>\n","protected":false},"author":2,"featured_media":0,"parent":8291,"menu_order":0,"comment_status":"closed","ping_status":"open","template":"","meta":{"footnotes":""},"class_list":["post-2311","page","type-page","status-publish","hentry"],"_links":{"self":[{"href":"http:\/\/www.denkfried.de\/wp\/index.php?rest_route=\/wp\/v2\/pages\/2311","targetHints":{"allow":["GET"]}}],"collection":[{"href":"http:\/\/www.denkfried.de\/wp\/index.php?rest_route=\/wp\/v2\/pages"}],"about":[{"href":"http:\/\/www.denkfried.de\/wp\/index.php?rest_route=\/wp\/v2\/types\/page"}],"author":[{"embeddable":true,"href":"http:\/\/www.denkfried.de\/wp\/index.php?rest_route=\/wp\/v2\/users\/2"}],"replies":[{"embeddable":true,"href":"http:\/\/www.denkfried.de\/wp\/index.php?rest_route=%2Fwp%2Fv2%2Fcomments&post=2311"}],"version-history":[{"count":4,"href":"http:\/\/www.denkfried.de\/wp\/index.php?rest_route=\/wp\/v2\/pages\/2311\/revisions"}],"predecessor-version":[{"id":10015,"href":"http:\/\/www.denkfried.de\/wp\/index.php?rest_route=\/wp\/v2\/pages\/2311\/revisions\/10015"}],"up":[{"embeddable":true,"href":"http:\/\/www.denkfried.de\/wp\/index.php?rest_route=\/wp\/v2\/pages\/8291"}],"wp:attachment":[{"href":"http:\/\/www.denkfried.de\/wp\/index.php?rest_route=%2Fwp%2Fv2%2Fmedia&parent=2311"}],"curies":[{"name":"wp","href":"https:\/\/api.w.org\/{rel}","templated":true}]}}