{"id":23048,"date":"2012-06-18T21:53:15","date_gmt":"2012-06-18T19:53:15","guid":{"rendered":"http:\/\/www.denkfried.de\/wp\/?page_id=23048"},"modified":"2015-12-23T20:17:26","modified_gmt":"2015-12-23T19:17:26","slug":"golgatha-g-neuer-teil","status":"publish","type":"page","link":"http:\/\/www.denkfried.de\/wp\/?page_id=23048","title":{"rendered":"Golgatha-G. Neuer Teil"},"content":{"rendered":"<p>&nbsp;<\/p>\n<p><strong>Berlin-Reinickendorf<\/strong>\u00a0Golgatha-Gnaden Friedhof &#8211; Neuer Teil, Holl\u00e4nderstr. 36<\/p>\n<p>Bericht von Thomas\u00a0<a href=\"http:\/\/g-bb.jimdo.com\/\">Gefallenendenkm\u00e4ler Berlin\/Brandenburg<\/a><\/p>\n<div id='gallery-1' class='gallery galleryid-23048 gallery-columns-3 gallery-size-thumbnail'><dl class='gallery-item'>\n\t\t\t<dt class='gallery-icon landscape'>\n\t\t\t\t<a href='http:\/\/www.denkfried.de\/wp\/?attachment_id=23056'><img loading=\"lazy\" decoding=\"async\" width=\"150\" height=\"150\" src=\"http:\/\/www.denkfried.de\/wp\/wp-content\/uploads\/2012\/06\/DSCF2120-150x150.jpg\" class=\"attachment-thumbnail size-thumbnail\" alt=\"\" \/><\/a>\n\t\t\t<\/dt><\/dl><dl class='gallery-item'>\n\t\t\t<dt class='gallery-icon portrait'>\n\t\t\t\t<a href='http:\/\/www.denkfried.de\/wp\/?attachment_id=23055'><img loading=\"lazy\" decoding=\"async\" width=\"150\" height=\"150\" src=\"http:\/\/www.denkfried.de\/wp\/wp-content\/uploads\/2012\/06\/DSCF2117-150x150.jpg\" class=\"attachment-thumbnail size-thumbnail\" alt=\"\" \/><\/a>\n\t\t\t<\/dt><\/dl><dl class='gallery-item'>\n\t\t\t<dt class='gallery-icon landscape'>\n\t\t\t\t<a href='http:\/\/www.denkfried.de\/wp\/?attachment_id=23054'><img loading=\"lazy\" decoding=\"async\" width=\"150\" height=\"150\" src=\"http:\/\/www.denkfried.de\/wp\/wp-content\/uploads\/2012\/06\/DSCF2116-150x150.jpg\" class=\"attachment-thumbnail size-thumbnail\" alt=\"\" \/><\/a>\n\t\t\t<\/dt><\/dl><br style=\"clear: both\" \/><dl class='gallery-item'>\n\t\t\t<dt class='gallery-icon landscape'>\n\t\t\t\t<a href='http:\/\/www.denkfried.de\/wp\/?attachment_id=23057'><img loading=\"lazy\" decoding=\"async\" width=\"150\" height=\"150\" src=\"http:\/\/www.denkfried.de\/wp\/wp-content\/uploads\/2012\/06\/DSCF2123-150x150.jpg\" class=\"attachment-thumbnail size-thumbnail\" alt=\"\" \/><\/a>\n\t\t\t<\/dt><\/dl><dl class='gallery-item'>\n\t\t\t<dt class='gallery-icon landscape'>\n\t\t\t\t<a href='http:\/\/www.denkfried.de\/wp\/?attachment_id=23053'><img loading=\"lazy\" decoding=\"async\" width=\"150\" height=\"150\" src=\"http:\/\/www.denkfried.de\/wp\/wp-content\/uploads\/2012\/06\/DSCF2115-150x150.jpg\" class=\"attachment-thumbnail size-thumbnail\" alt=\"\" \/><\/a>\n\t\t\t<\/dt><\/dl>\n\t\t\t<br style='clear: both' \/>\n\t\t<\/div>\n\n<p>Hier befindet sich ein Kriegsgr\u00e4berfeld nahe der Kapelle. Hier ruhen ungef\u00e4hr 500 Tote aus den letzten Kriegstagen. Ein Weg f\u00fchrt zu einem\u00a0aufgestellten\u00a0Fels, dieser tr\u00e4gt folgenden Spruch:<\/p>\n<address style=\"text-align: center;\"><strong><em>Trennung ist unser Los,<\/em><\/strong><\/address>\n<address style=\"text-align: center;\"><strong><em>Wiedersehen<\/em>\u00a0ist\u00a0<em>unsere Hoffnung<\/em><\/strong><\/address>\n<p>&nbsp;<\/p>\n<p>Die Namen werden in die Datenbanken eingepflegt.<\/p>\n","protected":false},"excerpt":{"rendered":"<p>&nbsp; Berlin-Reinickendorf\u00a0Golgatha-Gnaden Friedhof &#8211; Neuer Teil, Holl\u00e4nderstr. 36 Bericht von Thomas\u00a0Gefallenendenkm\u00e4ler Berlin\/Brandenburg Hier befindet sich ein Kriegsgr\u00e4berfeld nahe der Kapelle. Hier ruhen ungef\u00e4hr 500 Tote aus den letzten Kriegstagen. Ein Weg f\u00fchrt zu einem\u00a0aufgestellten\u00a0Fels, dieser tr\u00e4gt folgenden Spruch: Trennung ist &hellip; <a href=\"http:\/\/www.denkfried.de\/wp\/?page_id=23048\">Weiterlesen <span class=\"meta-nav\">&rarr;<\/span><\/a><\/p>\n","protected":false},"author":9,"featured_media":0,"parent":23101,"menu_order":0,"comment_status":"closed","ping_status":"open","template":"","meta":{"footnotes":""},"class_list":["post-23048","page","type-page","status-publish","hentry"],"_links":{"self":[{"href":"http:\/\/www.denkfried.de\/wp\/index.php?rest_route=\/wp\/v2\/pages\/23048","targetHints":{"allow":["GET"]}}],"collection":[{"href":"http:\/\/www.denkfried.de\/wp\/index.php?rest_route=\/wp\/v2\/pages"}],"about":[{"href":"http:\/\/www.denkfried.de\/wp\/index.php?rest_route=\/wp\/v2\/types\/page"}],"author":[{"embeddable":true,"href":"http:\/\/www.denkfried.de\/wp\/index.php?rest_route=\/wp\/v2\/users\/9"}],"replies":[{"embeddable":true,"href":"http:\/\/www.denkfried.de\/wp\/index.php?rest_route=%2Fwp%2Fv2%2Fcomments&post=23048"}],"version-history":[{"count":7,"href":"http:\/\/www.denkfried.de\/wp\/index.php?rest_route=\/wp\/v2\/pages\/23048\/revisions"}],"predecessor-version":[{"id":39734,"href":"http:\/\/www.denkfried.de\/wp\/index.php?rest_route=\/wp\/v2\/pages\/23048\/revisions\/39734"}],"up":[{"embeddable":true,"href":"http:\/\/www.denkfried.de\/wp\/index.php?rest_route=\/wp\/v2\/pages\/23101"}],"wp:attachment":[{"href":"http:\/\/www.denkfried.de\/wp\/index.php?rest_route=%2Fwp%2Fv2%2Fmedia&parent=23048"}],"curies":[{"name":"wp","href":"https:\/\/api.w.org\/{rel}","templated":true}]}}