{"id":2299,"date":"2011-04-11T16:09:49","date_gmt":"2011-04-11T14:09:49","guid":{"rendered":"http:\/\/www.denkfried.de\/wp\/?page_id=2299"},"modified":"2011-07-16T20:38:20","modified_gmt":"2011-07-16T18:38:20","slug":"hohrod-haut-rhin-195","status":"publish","type":"page","link":"http:\/\/www.denkfried.de\/wp\/?page_id=2299","title":{"rendered":"Hohrod (195)"},"content":{"rendered":"<p>&nbsp;<\/p>\n<p><strong><span style=\"text-decoration: underline;\">68140 Hohrod<\/span><\/strong><\/p>\n<p>D\u00e9partement: \u00a0\u00a0\u00a0Haut-Rhin<\/p>\n<hr \/>\n<p><em><span style=\"text-decoration: underline;\">Aus dem Reisebericht von Hubert M. :<\/span><\/em><\/p>\n<p><em>&#8222;Wir besuchen den deutschen Soldatenfriedhof Hohrod in der N\u00e4he des Lingenkopfs Nr.195. Der Soldatenfriedhof wurde w\u00e4hrend des Krieges 1914-1918 von der Truppe f\u00fcr ihre Gefallenen angelegt. 2438 deutsche Gefallene sind auf dem Friedhof zur Ruhe gebettet. Im Kameradengrab mit 942 Gefallenen sind 542 unbekannt.<\/em><br \/>\n<em> Nachdem die Franzosen ins Elsass vorgedrungen waren ,wurden sie von den deutschen Reserven zur\u00fcckgedr\u00e4ngt. Zu schweren \u00a0K\u00e4mpfen kam es 1915 zwischen Kayersberg und Urbeis und im Gebiet westlich von Munster. Nach dem Krieg bargen franz\u00f6sische Milit\u00e4rbeh\u00f6rden Gefallene aus 23 Gemeinden hierher um. Ende der 20er Jahre legte der Volksbund den Eingang an, baute die St\u00fctzmauer an der Stra\u00dfe und die Einfassung am Kameradengrab aus Natursteinen. Das Gr\u00e4berfeld wurde mit Heide und Str\u00e4uchern bepflanzt. 1966 arbeiteten Jugendliche aus dem Schwarzwald in vielen Eins\u00e4tzen auf dem Gr\u00e4berfeld. 1971 tauschte der Volksbund die Holzkreuze gegen Kreuze aus Metall aus.1978 bis 1980 wurde die Heide gegen Rasen ersetzt, die Mauer neu aufgebaut, das Zugangstor erneuert.&#8220;<\/em><\/p>\n<div id='gallery-1' class='gallery galleryid-2299 gallery-columns-4 gallery-size-thumbnail'><dl class='gallery-item'>\n\t\t\t<dt class='gallery-icon portrait'>\n\t\t\t\t<a href='http:\/\/www.denkfried.de\/wp\/?attachment_id=2300'><img loading=\"lazy\" decoding=\"async\" width=\"150\" height=\"150\" src=\"http:\/\/www.denkfried.de\/wp\/wp-content\/uploads\/2011\/04\/Hohrod-Oberj\u00e4ger-010-150x150.jpg\" class=\"attachment-thumbnail size-thumbnail\" alt=\"\" \/><\/a>\n\t\t\t<\/dt><\/dl><dl class='gallery-item'>\n\t\t\t<dt class='gallery-icon landscape'>\n\t\t\t\t<a href='http:\/\/www.denkfried.de\/wp\/?attachment_id=2301'><img loading=\"lazy\" decoding=\"async\" width=\"150\" height=\"150\" src=\"http:\/\/www.denkfried.de\/wp\/wp-content\/uploads\/2011\/04\/Hohrod-Alter-Bunker-vor-Gr\u00e4berfeld-04-150x150.jpg\" class=\"attachment-thumbnail size-thumbnail\" alt=\"\" \/><\/a>\n\t\t\t<\/dt><\/dl><dl class='gallery-item'>\n\t\t\t<dt class='gallery-icon landscape'>\n\t\t\t\t<a href='http:\/\/www.denkfried.de\/wp\/?attachment_id=2302'><img loading=\"lazy\" decoding=\"async\" width=\"150\" height=\"150\" src=\"http:\/\/www.denkfried.de\/wp\/wp-content\/uploads\/2011\/04\/Hohrod-Ansicht-Kreuzreihen-05-150x150.jpg\" class=\"attachment-thumbnail size-thumbnail\" alt=\"\" \/><\/a>\n\t\t\t<\/dt><\/dl><dl class='gallery-item'>\n\t\t\t<dt class='gallery-icon landscape'>\n\t\t\t\t<a href='http:\/\/www.denkfried.de\/wp\/?attachment_id=2303'><img loading=\"lazy\" decoding=\"async\" width=\"150\" height=\"150\" src=\"http:\/\/www.denkfried.de\/wp\/wp-content\/uploads\/2011\/04\/Hohrod-Ansicht-von-Stra\u00dfe-aus-03-150x150.jpg\" class=\"attachment-thumbnail size-thumbnail\" alt=\"\" \/><\/a>\n\t\t\t<\/dt><\/dl><br style=\"clear: both\" \/><dl class='gallery-item'>\n\t\t\t<dt class='gallery-icon landscape'>\n\t\t\t\t<a href='http:\/\/www.denkfried.de\/wp\/?attachment_id=2304'><img loading=\"lazy\" decoding=\"async\" width=\"150\" height=\"150\" src=\"http:\/\/www.denkfried.de\/wp\/wp-content\/uploads\/2011\/04\/Hohrod-Blick-uber-Gr\u00e4berfeld-zur-Stra\u00dfe-08-150x150.jpg\" class=\"attachment-thumbnail size-thumbnail\" alt=\"\" \/><\/a>\n\t\t\t<\/dt><\/dl><dl class='gallery-item'>\n\t\t\t<dt class='gallery-icon landscape'>\n\t\t\t\t<a href='http:\/\/www.denkfried.de\/wp\/?attachment_id=2305'><img loading=\"lazy\" decoding=\"async\" width=\"150\" height=\"150\" src=\"http:\/\/www.denkfried.de\/wp\/wp-content\/uploads\/2011\/04\/Hohrod-Denkmal-Kameradengrab-links-07-150x150.jpg\" class=\"attachment-thumbnail size-thumbnail\" alt=\"\" \/><\/a>\n\t\t\t<\/dt><\/dl><dl class='gallery-item'>\n\t\t\t<dt class='gallery-icon landscape'>\n\t\t\t\t<a href='http:\/\/www.denkfried.de\/wp\/?attachment_id=2306'><img loading=\"lazy\" decoding=\"async\" width=\"150\" height=\"150\" src=\"http:\/\/www.denkfried.de\/wp\/wp-content\/uploads\/2011\/04\/Hohrod-Hinweisplatte-Friedhof-02-150x150.jpg\" class=\"attachment-thumbnail size-thumbnail\" alt=\"\" \/><\/a>\n\t\t\t<\/dt><\/dl><dl class='gallery-item'>\n\t\t\t<dt class='gallery-icon landscape'>\n\t\t\t\t<a href='http:\/\/www.denkfried.de\/wp\/?attachment_id=2307'><img loading=\"lazy\" decoding=\"async\" width=\"150\" height=\"150\" src=\"http:\/\/www.denkfried.de\/wp\/wp-content\/uploads\/2011\/04\/Hohrod-Hinweisschild-01-150x150.jpg\" class=\"attachment-thumbnail size-thumbnail\" alt=\"\" \/><\/a>\n\t\t\t<\/dt><\/dl><br style=\"clear: both\" \/>\n\t\t<\/div>\n\n","protected":false},"excerpt":{"rendered":"<p>&nbsp; 68140 Hohrod D\u00e9partement: \u00a0\u00a0\u00a0Haut-Rhin Aus dem Reisebericht von Hubert M. : &#8222;Wir besuchen den deutschen Soldatenfriedhof Hohrod in der N\u00e4he des Lingenkopfs Nr.195. Der Soldatenfriedhof wurde w\u00e4hrend des Krieges 1914-1918 von der Truppe f\u00fcr ihre Gefallenen angelegt. 2438 deutsche &hellip; <a href=\"http:\/\/www.denkfried.de\/wp\/?page_id=2299\">Weiterlesen <span class=\"meta-nav\">&rarr;<\/span><\/a><\/p>\n","protected":false},"author":2,"featured_media":0,"parent":8236,"menu_order":0,"comment_status":"closed","ping_status":"open","template":"","meta":{"footnotes":""},"class_list":["post-2299","page","type-page","status-publish","hentry"],"_links":{"self":[{"href":"http:\/\/www.denkfried.de\/wp\/index.php?rest_route=\/wp\/v2\/pages\/2299","targetHints":{"allow":["GET"]}}],"collection":[{"href":"http:\/\/www.denkfried.de\/wp\/index.php?rest_route=\/wp\/v2\/pages"}],"about":[{"href":"http:\/\/www.denkfried.de\/wp\/index.php?rest_route=\/wp\/v2\/types\/page"}],"author":[{"embeddable":true,"href":"http:\/\/www.denkfried.de\/wp\/index.php?rest_route=\/wp\/v2\/users\/2"}],"replies":[{"embeddable":true,"href":"http:\/\/www.denkfried.de\/wp\/index.php?rest_route=%2Fwp%2Fv2%2Fcomments&post=2299"}],"version-history":[{"count":6,"href":"http:\/\/www.denkfried.de\/wp\/index.php?rest_route=\/wp\/v2\/pages\/2299\/revisions"}],"predecessor-version":[{"id":9968,"href":"http:\/\/www.denkfried.de\/wp\/index.php?rest_route=\/wp\/v2\/pages\/2299\/revisions\/9968"}],"up":[{"embeddable":true,"href":"http:\/\/www.denkfried.de\/wp\/index.php?rest_route=\/wp\/v2\/pages\/8236"}],"wp:attachment":[{"href":"http:\/\/www.denkfried.de\/wp\/index.php?rest_route=%2Fwp%2Fv2%2Fmedia&parent=2299"}],"curies":[{"name":"wp","href":"https:\/\/api.w.org\/{rel}","templated":true}]}}