{"id":22696,"date":"2012-05-28T18:32:55","date_gmt":"2012-05-28T16:32:55","guid":{"rendered":"http:\/\/www.denkfried.de\/wp\/?page_id=22696"},"modified":"2012-05-28T18:53:55","modified_gmt":"2012-05-28T16:53:55","slug":"dornitz","status":"publish","type":"page","link":"http:\/\/www.denkfried.de\/wp\/?page_id=22696","title":{"rendered":"D\u00f6rnitz"},"content":{"rendered":"<p>&nbsp;<\/p>\n<p><strong>39291 D\u00f6rnitz<\/strong><\/p>\n<p>Seit dem 1. Januar 2009 ist D\u00f6rnitz ein Stadtteil von M\u00f6ckern.<\/p>\n<p>D\u00f6rnitz liegt ca. 9 km s\u00fcdwestlich von\u00a0Ziesar\u00a0und 35 km \u00f6stlich von\u00a0Magdeburg\u00a0am Rande des\u00a0Truppen\u00fcbungsplatzes\u00a0Altengrabow. Durch den Ort flie\u00dft die\u00a0<em>Gloine<\/em>. (Wikipedia)<\/p>\n<ul>\n<li><a href=\"http:\/\/www.denkfried.de\/wp\/?page_id=22703\">Truppen\u00fcbungsplatz Altengrabow<\/a><\/li>\n<\/ul>\n","protected":false},"excerpt":{"rendered":"<p>&nbsp; 39291 D\u00f6rnitz Seit dem 1. Januar 2009 ist D\u00f6rnitz ein Stadtteil von M\u00f6ckern. D\u00f6rnitz liegt ca. 9 km s\u00fcdwestlich von\u00a0Ziesar\u00a0und 35 km \u00f6stlich von\u00a0Magdeburg\u00a0am Rande des\u00a0Truppen\u00fcbungsplatzes\u00a0Altengrabow. Durch den Ort flie\u00dft die\u00a0Gloine. (Wikipedia) Truppen\u00fcbungsplatz Altengrabow<\/p>\n","protected":false},"author":9,"featured_media":0,"parent":22679,"menu_order":0,"comment_status":"closed","ping_status":"open","template":"","meta":{"footnotes":""},"class_list":["post-22696","page","type-page","status-publish","hentry"],"_links":{"self":[{"href":"http:\/\/www.denkfried.de\/wp\/index.php?rest_route=\/wp\/v2\/pages\/22696","targetHints":{"allow":["GET"]}}],"collection":[{"href":"http:\/\/www.denkfried.de\/wp\/index.php?rest_route=\/wp\/v2\/pages"}],"about":[{"href":"http:\/\/www.denkfried.de\/wp\/index.php?rest_route=\/wp\/v2\/types\/page"}],"author":[{"embeddable":true,"href":"http:\/\/www.denkfried.de\/wp\/index.php?rest_route=\/wp\/v2\/users\/9"}],"replies":[{"embeddable":true,"href":"http:\/\/www.denkfried.de\/wp\/index.php?rest_route=%2Fwp%2Fv2%2Fcomments&post=22696"}],"version-history":[{"count":6,"href":"http:\/\/www.denkfried.de\/wp\/index.php?rest_route=\/wp\/v2\/pages\/22696\/revisions"}],"predecessor-version":[{"id":22711,"href":"http:\/\/www.denkfried.de\/wp\/index.php?rest_route=\/wp\/v2\/pages\/22696\/revisions\/22711"}],"up":[{"embeddable":true,"href":"http:\/\/www.denkfried.de\/wp\/index.php?rest_route=\/wp\/v2\/pages\/22679"}],"wp:attachment":[{"href":"http:\/\/www.denkfried.de\/wp\/index.php?rest_route=%2Fwp%2Fv2%2Fmedia&parent=22696"}],"curies":[{"name":"wp","href":"https:\/\/api.w.org\/{rel}","templated":true}]}}