{"id":22531,"date":"2012-05-19T17:10:31","date_gmt":"2012-05-19T15:10:31","guid":{"rendered":"http:\/\/www.denkfried.de\/wp\/?page_id=22531"},"modified":"2015-11-28T14:37:40","modified_gmt":"2015-11-28T13:37:40","slug":"franzosischer-ii","status":"publish","type":"page","link":"http:\/\/www.denkfried.de\/wp\/?page_id=22531","title":{"rendered":"Franz\u00f6sischer II"},"content":{"rendered":"<p>&nbsp;<\/p>\n<p><strong>Berlin-Mitte<\/strong> Friedhof\u00a0II der Franz\u00f6sisch-Reformierten Gemeinde, Liesenstra\u00dfe 7<\/p>\n<p>Bericht und Bilder von Thomas\u00a0<a href=\"http:\/\/g-bb.jimdo.com\/\">Gefallenendenkm\u00e4ler Berlin\/Brandenburg<\/a><\/p>\n<div id='gallery-1' class='gallery galleryid-22531 gallery-columns-3 gallery-size-thumbnail'><dl class='gallery-item'>\n\t\t\t<dt class='gallery-icon portrait'>\n\t\t\t\t<a href='http:\/\/www.denkfried.de\/wp\/?attachment_id=22538'><img loading=\"lazy\" decoding=\"async\" width=\"150\" height=\"150\" src=\"http:\/\/www.denkfried.de\/wp\/wp-content\/uploads\/2012\/05\/DSCF2246-150x150.jpg\" class=\"attachment-thumbnail size-thumbnail\" alt=\"\" \/><\/a>\n\t\t\t<\/dt><\/dl><dl class='gallery-item'>\n\t\t\t<dt class='gallery-icon portrait'>\n\t\t\t\t<a href='http:\/\/www.denkfried.de\/wp\/?attachment_id=22536'><img loading=\"lazy\" decoding=\"async\" width=\"150\" height=\"150\" src=\"http:\/\/www.denkfried.de\/wp\/wp-content\/uploads\/2012\/05\/Denkmal-150x150.jpg\" class=\"attachment-thumbnail size-thumbnail\" alt=\"\" \/><\/a>\n\t\t\t<\/dt><\/dl><dl class='gallery-item'>\n\t\t\t<dt class='gallery-icon landscape'>\n\t\t\t\t<a href='http:\/\/www.denkfried.de\/wp\/?attachment_id=22537'><img loading=\"lazy\" decoding=\"async\" width=\"150\" height=\"150\" src=\"http:\/\/www.denkfried.de\/wp\/wp-content\/uploads\/2012\/05\/DSCF2241-150x150.jpg\" class=\"attachment-thumbnail size-thumbnail\" alt=\"\" \/><\/a>\n\t\t\t<\/dt><\/dl><br style=\"clear: both\" \/><dl class='gallery-item'>\n\t\t\t<dt class='gallery-icon portrait'>\n\t\t\t\t<a href='http:\/\/www.denkfried.de\/wp\/?attachment_id=22541'><img loading=\"lazy\" decoding=\"async\" width=\"150\" height=\"150\" src=\"http:\/\/www.denkfried.de\/wp\/wp-content\/uploads\/2012\/05\/DSCF2258-150x150.jpg\" class=\"attachment-thumbnail size-thumbnail\" alt=\"\" \/><\/a>\n\t\t\t<\/dt><\/dl><dl class='gallery-item'>\n\t\t\t<dt class='gallery-icon landscape'>\n\t\t\t\t<a href='http:\/\/www.denkfried.de\/wp\/?attachment_id=22540'><img loading=\"lazy\" decoding=\"async\" width=\"150\" height=\"150\" src=\"http:\/\/www.denkfried.de\/wp\/wp-content\/uploads\/2012\/05\/DSCF2253-150x150.jpg\" class=\"attachment-thumbnail size-thumbnail\" alt=\"\" \/><\/a>\n\t\t\t<\/dt><\/dl><dl class='gallery-item'>\n\t\t\t<dt class='gallery-icon landscape'>\n\t\t\t\t<a href='http:\/\/www.denkfried.de\/wp\/?attachment_id=22539'><img loading=\"lazy\" decoding=\"async\" width=\"150\" height=\"150\" src=\"http:\/\/www.denkfried.de\/wp\/wp-content\/uploads\/2012\/05\/DSCF2250-150x150.jpg\" class=\"attachment-thumbnail size-thumbnail\" alt=\"\" \/><\/a>\n\t\t\t<\/dt><\/dl><br style=\"clear: both\" \/>\n\t\t<\/div>\n\n<p>Vom Haupteingang aus ist schon ein Denkmal zu sehen, es steht am Hauptweg. Es ist f\u00fcr die Gefallenen des Kriege 1864, 1866 und 1870-71, seitlich sind auch namen angegeben. Vor dem Denkmal ist sp\u00e4ter f\u00fcr den Ersten Weltkrieg ein Inschrift eingearbeitet.<\/p>\n<address style=\"text-align: center;\"><em><strong>Sois fidele justqu a la mort et je\u00a0<\/strong><\/em><em><strong>te donnerai la couronne de vie. Apoc 2,10<\/strong><\/em><\/address>\n<address style=\"text-align: center;\">(Sei getreu bis an den Tod, so will ich dir die krone des Lebens geben. 2,10)<\/address>\n<address style=\"text-align: center;\">\u00a0<\/address>\n<address style=\"text-align: center;\"><strong>A ses membres morts\u00a0<\/strong><strong>pour le Roi et la Patrie<\/strong><\/address>\n<address style=\"text-align: center;\"><strong>leglise francaise du refuge de Berlin\u00a0<\/strong><strong>le 2 Septembre 1876<\/strong><\/address>\n<address style=\"text-align: center;\">(Ein Mitglied Tot f\u00fcr K\u00f6nig und Vaterland Leglise<\/address>\n<address style=\"text-align: center;\">Franz\u00f6sisch Zuflucht in Berlin 2 September 1876)<\/address>\n<address style=\"text-align: center;\">\u00a0<\/address>\n<address style=\"text-align: center;\"><strong>Ihren 133 im Weltkriege 1914 &#8211; 1918<\/strong><\/address>\n<address style=\"text-align: center;\"><strong>F\u00fcr Deutschland Gefallenen<\/strong><\/address>\n<address style=\"text-align: center;\"><strong>Die Franz\u00f6sische Kirche in Berlin<\/strong><\/address>\n<address style=\"text-align: center;\">\u00a0<\/address>\n<p>\u00a0Einige private Gr\u00e4ber und Gedenken konnten noch dokumentiert werden, vom Volksbund gibt es hier kein angelegten Kriegsgr\u00e4ber.<\/p>\n<ul>\n<li><strong><a href=\"http:\/\/www.denkfried.de\/wp\/wp-content\/uploads\/2012\/05\/Franz%C3%B6sischerII.html\">Namensliste<\/a><\/strong><\/li>\n<\/ul>\n<p>&nbsp;<\/p>\n","protected":false},"excerpt":{"rendered":"<p>&nbsp; Berlin-Mitte Friedhof\u00a0II der Franz\u00f6sisch-Reformierten Gemeinde, Liesenstra\u00dfe 7 Bericht und Bilder von Thomas\u00a0Gefallenendenkm\u00e4ler Berlin\/Brandenburg Vom Haupteingang aus ist schon ein Denkmal zu sehen, es steht am Hauptweg. Es ist f\u00fcr die Gefallenen des Kriege 1864, 1866 und 1870-71, seitlich sind &hellip; <a href=\"http:\/\/www.denkfried.de\/wp\/?page_id=22531\">Weiterlesen <span class=\"meta-nav\">&rarr;<\/span><\/a><\/p>\n","protected":false},"author":9,"featured_media":0,"parent":15729,"menu_order":0,"comment_status":"closed","ping_status":"open","template":"","meta":{"footnotes":""},"class_list":["post-22531","page","type-page","status-publish","hentry"],"_links":{"self":[{"href":"http:\/\/www.denkfried.de\/wp\/index.php?rest_route=\/wp\/v2\/pages\/22531","targetHints":{"allow":["GET"]}}],"collection":[{"href":"http:\/\/www.denkfried.de\/wp\/index.php?rest_route=\/wp\/v2\/pages"}],"about":[{"href":"http:\/\/www.denkfried.de\/wp\/index.php?rest_route=\/wp\/v2\/types\/page"}],"author":[{"embeddable":true,"href":"http:\/\/www.denkfried.de\/wp\/index.php?rest_route=\/wp\/v2\/users\/9"}],"replies":[{"embeddable":true,"href":"http:\/\/www.denkfried.de\/wp\/index.php?rest_route=%2Fwp%2Fv2%2Fcomments&post=22531"}],"version-history":[{"count":14,"href":"http:\/\/www.denkfried.de\/wp\/index.php?rest_route=\/wp\/v2\/pages\/22531\/revisions"}],"predecessor-version":[{"id":39545,"href":"http:\/\/www.denkfried.de\/wp\/index.php?rest_route=\/wp\/v2\/pages\/22531\/revisions\/39545"}],"up":[{"embeddable":true,"href":"http:\/\/www.denkfried.de\/wp\/index.php?rest_route=\/wp\/v2\/pages\/15729"}],"wp:attachment":[{"href":"http:\/\/www.denkfried.de\/wp\/index.php?rest_route=%2Fwp%2Fv2%2Fmedia&parent=22531"}],"curies":[{"name":"wp","href":"https:\/\/api.w.org\/{rel}","templated":true}]}}