{"id":22461,"date":"2012-05-16T20:24:39","date_gmt":"2012-05-16T18:24:39","guid":{"rendered":"http:\/\/www.denkfried.de\/wp\/?page_id=22461"},"modified":"2015-12-27T18:05:19","modified_gmt":"2015-12-27T17:05:19","slug":"utzenaich","status":"publish","type":"page","link":"http:\/\/www.denkfried.de\/wp\/?page_id=22461","title":{"rendered":"Utzenaich"},"content":{"rendered":"<p>&nbsp;<\/p>\n<p><strong>Stadt Utzenaich<\/strong><\/p>\n<p>Bericht und Bilder von Thomas\u00a0<a href=\"http:\/\/g-bb.jimdo.com\/\">Gefallenendenkm\u00e4ler Berlin\/Brandenburg<\/a><\/p>\n<p><span style=\"text-decoration: underline;\"><strong>Gedenktafel 1914-18<\/strong><\/span><\/p>\n<div id='gallery-1' class='gallery galleryid-22461 gallery-columns-3 gallery-size-thumbnail'><dl class='gallery-item'>\n\t\t\t<dt class='gallery-icon landscape'>\n\t\t\t\t<a href='http:\/\/www.denkfried.de\/wp\/?attachment_id=22468'><img loading=\"lazy\" decoding=\"async\" width=\"150\" height=\"150\" src=\"http:\/\/www.denkfried.de\/wp\/wp-content\/uploads\/2012\/05\/Tafel-Utzenaich-150x150.jpg\" class=\"attachment-thumbnail size-thumbnail\" alt=\"\" \/><\/a>\n\t\t\t<\/dt><\/dl><dl class='gallery-item'>\n\t\t\t<dt class='gallery-icon landscape'>\n\t\t\t\t<a href='http:\/\/www.denkfried.de\/wp\/?attachment_id=22469'><img loading=\"lazy\" decoding=\"async\" width=\"150\" height=\"150\" src=\"http:\/\/www.denkfried.de\/wp\/wp-content\/uploads\/2012\/05\/Tafel-Utzenaich-Kopie-150x150.jpg\" class=\"attachment-thumbnail size-thumbnail\" alt=\"\" \/><\/a>\n\t\t\t<\/dt><\/dl><dl class='gallery-item'>\n\t\t\t<dt class='gallery-icon landscape'>\n\t\t\t\t<a href='http:\/\/www.denkfried.de\/wp\/?attachment_id=22470'><img loading=\"lazy\" decoding=\"async\" width=\"150\" height=\"150\" src=\"http:\/\/www.denkfried.de\/wp\/wp-content\/uploads\/2012\/05\/Tafel-Utzenaich-Kopie-2-150x150.jpg\" class=\"attachment-thumbnail size-thumbnail\" alt=\"\" \/><\/a>\n\t\t\t<\/dt><\/dl><br style=\"clear: both\" \/>\n\t\t<\/div>\n\n<p>Eine Gedenktafel f\u00fcr <strong>41 Gefallene<\/strong> des Ersten Weltkrieges. Ein Reliefbild eines sterbenden Soldaten und Jesus. Mittig der Tafel sind die Namen aufgef\u00fchrt, unten an der Tafel ist von jedem ein Foto angebracht. Die Postkarte ist m\u00f6glicherweise aus den 1920er Jahren, zum Erhalt gibt es keine Information. \u00dcber den Namen ist folgende Inschrift:<\/p>\n<p style=\"text-align: center;\"><em><strong>Gewidmet von der Pfarrgemeinde Utzenaich<\/strong><\/em><\/p>\n<p style=\"text-align: center;\"><em><strong>zum Andenken an ihre im Weltkrieg gefallenen Helden.<\/strong><\/em><\/p>\n<ul>\n<li><strong><a href=\"http:\/\/www.denkfried.de\/wp\/wp-content\/uploads\/2012\/05\/Utzenaich.html\">Namensliste<\/a><\/strong><\/li>\n<\/ul>\n","protected":false},"excerpt":{"rendered":"<p>&nbsp; Stadt Utzenaich Bericht und Bilder von Thomas\u00a0Gefallenendenkm\u00e4ler Berlin\/Brandenburg Gedenktafel 1914-18 Eine Gedenktafel f\u00fcr 41 Gefallene des Ersten Weltkrieges. Ein Reliefbild eines sterbenden Soldaten und Jesus. Mittig der Tafel sind die Namen aufgef\u00fchrt, unten an der Tafel ist von jedem &hellip; <a href=\"http:\/\/www.denkfried.de\/wp\/?page_id=22461\">Weiterlesen <span class=\"meta-nav\">&rarr;<\/span><\/a><\/p>\n","protected":false},"author":9,"featured_media":0,"parent":22454,"menu_order":0,"comment_status":"closed","ping_status":"open","template":"","meta":{"footnotes":""},"class_list":["post-22461","page","type-page","status-publish","hentry"],"_links":{"self":[{"href":"http:\/\/www.denkfried.de\/wp\/index.php?rest_route=\/wp\/v2\/pages\/22461","targetHints":{"allow":["GET"]}}],"collection":[{"href":"http:\/\/www.denkfried.de\/wp\/index.php?rest_route=\/wp\/v2\/pages"}],"about":[{"href":"http:\/\/www.denkfried.de\/wp\/index.php?rest_route=\/wp\/v2\/types\/page"}],"author":[{"embeddable":true,"href":"http:\/\/www.denkfried.de\/wp\/index.php?rest_route=\/wp\/v2\/users\/9"}],"replies":[{"embeddable":true,"href":"http:\/\/www.denkfried.de\/wp\/index.php?rest_route=%2Fwp%2Fv2%2Fcomments&post=22461"}],"version-history":[{"count":12,"href":"http:\/\/www.denkfried.de\/wp\/index.php?rest_route=\/wp\/v2\/pages\/22461\/revisions"}],"predecessor-version":[{"id":39860,"href":"http:\/\/www.denkfried.de\/wp\/index.php?rest_route=\/wp\/v2\/pages\/22461\/revisions\/39860"}],"up":[{"embeddable":true,"href":"http:\/\/www.denkfried.de\/wp\/index.php?rest_route=\/wp\/v2\/pages\/22454"}],"wp:attachment":[{"href":"http:\/\/www.denkfried.de\/wp\/index.php?rest_route=%2Fwp%2Fv2%2Fmedia&parent=22461"}],"curies":[{"name":"wp","href":"https:\/\/api.w.org\/{rel}","templated":true}]}}