{"id":2235,"date":"2011-04-10T20:48:28","date_gmt":"2011-04-10T18:48:28","guid":{"rendered":"http:\/\/www.denkfried.de\/wp\/?page_id=2235"},"modified":"2011-07-16T20:49:54","modified_gmt":"2011-07-16T18:49:54","slug":"bouillonville-163","status":"publish","type":"page","link":"http:\/\/www.denkfried.de\/wp\/?page_id=2235","title":{"rendered":"Bouillonville  (163)"},"content":{"rendered":"<p>&nbsp;<\/p>\n<p><span style=\"text-decoration: underline;\"><strong>54470 Bouillonville<\/strong><\/span><\/p>\n<p>Kanton: Thiaucourt-Regni\u00e9ville<br \/>\nRegion: \u00a0Lothringen<\/p>\n<p>Deutsche Soldatenfriedhof: \u00a01.368 Kriegstote<br \/>\nDer Friedhof wurde 1914 von deutschen Truppen angelegt. Hier liegen Soldaten die w\u00e4hrend der K\u00e4mpfe um die Maash\u00f6hen zwischen St.Mihiel und Verdun gefallen sind.<br \/>\nAlle Gefallenen ruhen in Einzelgr\u00e4ber, 12 blieben ohne Namen.<br \/>\nSechs Gr\u00e4ber Gefallene j\u00fcdischen Glaubens. Ihre Gr\u00e4ber erhielten aus religi\u00f6sen Gr\u00fcnden Grabstelen aus Naturstein.<\/p>\n<p><span style=\"text-decoration: underline;\">Aus dem Reisebericht von Hubert M. :<\/span><br \/>\nHier die Bilder vom 04.02.2006 vom Deutschen Soldatenfriedhof Bouillonville, Friedhofs Nr.163, 1.W.K. nahe der D 28 am Ortsausgang.<br \/>\nDieser Friedhof wurde bereits \u00a01914 von der Truppe f\u00fcr die Gefallenen der K\u00e4mpfe um die Maash\u00f6hen zwischen St.Mihiel und Verdun angelegt. Die R\u00fcckw\u00e4rtigen Dienste bauten den Friedhof aus und pflanzten B\u00e4ume und errichteten ein Denkmal. Die Besonderheit an diesem Friedhof ist, er wurde in 3 Etagen, die nur durch eine schmale Stra\u00dfe voneinander getrennt wird, angelegt. Die Holzkreuze wurden 1966 durch Steinkreuze ersetzt.<\/p>\n<div id='gallery-1' class='gallery galleryid-2235 gallery-columns-3 gallery-size-thumbnail'><dl class='gallery-item'>\n\t\t\t<dt class='gallery-icon landscape'>\n\t\t\t\t<a href='http:\/\/www.denkfried.de\/wp\/?attachment_id=2236'><img loading=\"lazy\" decoding=\"async\" width=\"150\" height=\"150\" src=\"http:\/\/www.denkfried.de\/wp\/wp-content\/uploads\/2011\/04\/B\u00f6uillonville-Truppendenkmal-04-150x150.jpg\" class=\"attachment-thumbnail size-thumbnail\" alt=\"\" \/><\/a>\n\t\t\t<\/dt><\/dl><dl class='gallery-item'>\n\t\t\t<dt class='gallery-icon landscape'>\n\t\t\t\t<a href='http:\/\/www.denkfried.de\/wp\/?attachment_id=2237'><img loading=\"lazy\" decoding=\"async\" width=\"150\" height=\"150\" src=\"http:\/\/www.denkfried.de\/wp\/wp-content\/uploads\/2011\/04\/Bouillonville-01-150x150.jpg\" class=\"attachment-thumbnail size-thumbnail\" alt=\"\" \/><\/a>\n\t\t\t<\/dt><\/dl><dl class='gallery-item'>\n\t\t\t<dt class='gallery-icon landscape'>\n\t\t\t\t<a href='http:\/\/www.denkfried.de\/wp\/?attachment_id=2238'><img loading=\"lazy\" decoding=\"async\" width=\"150\" height=\"150\" src=\"http:\/\/www.denkfried.de\/wp\/wp-content\/uploads\/2011\/04\/Bouillonville-02-150x150.jpg\" class=\"attachment-thumbnail size-thumbnail\" alt=\"\" \/><\/a>\n\t\t\t<\/dt><\/dl><br style=\"clear: both\" \/><dl class='gallery-item'>\n\t\t\t<dt class='gallery-icon landscape'>\n\t\t\t\t<a href='http:\/\/www.denkfried.de\/wp\/?attachment_id=2239'><img loading=\"lazy\" decoding=\"async\" width=\"150\" height=\"150\" src=\"http:\/\/www.denkfried.de\/wp\/wp-content\/uploads\/2011\/04\/Bouillonville-Kreuzanordnung-06-150x150.jpg\" class=\"attachment-thumbnail size-thumbnail\" alt=\"\" \/><\/a>\n\t\t\t<\/dt><\/dl><dl class='gallery-item'>\n\t\t\t<dt class='gallery-icon landscape'>\n\t\t\t\t<a href='http:\/\/www.denkfried.de\/wp\/?attachment_id=2240'><img loading=\"lazy\" decoding=\"async\" width=\"150\" height=\"150\" src=\"http:\/\/www.denkfried.de\/wp\/wp-content\/uploads\/2011\/04\/Bouillonville-unteres-Gr\u00e4berfeld-von-Oben-07-150x150.jpg\" class=\"attachment-thumbnail size-thumbnail\" alt=\"\" \/><\/a>\n\t\t\t<\/dt><\/dl><dl class='gallery-item'>\n\t\t\t<dt class='gallery-icon landscape'>\n\t\t\t\t<a href='http:\/\/www.denkfried.de\/wp\/?attachment_id=2241'><img loading=\"lazy\" decoding=\"async\" width=\"150\" height=\"150\" src=\"http:\/\/www.denkfried.de\/wp\/wp-content\/uploads\/2011\/04\/Bouillonville-2-Etage-mit-Blick-3-Etage-09-150x150.jpg\" class=\"attachment-thumbnail size-thumbnail\" alt=\"\" \/><\/a>\n\t\t\t<\/dt><\/dl><br style=\"clear: both\" \/>\n\t\t<\/div>\n\n","protected":false},"excerpt":{"rendered":"<p>&nbsp; 54470 Bouillonville Kanton: Thiaucourt-Regni\u00e9ville Region: \u00a0Lothringen Deutsche Soldatenfriedhof: \u00a01.368 Kriegstote Der Friedhof wurde 1914 von deutschen Truppen angelegt. Hier liegen Soldaten die w\u00e4hrend der K\u00e4mpfe um die Maash\u00f6hen zwischen St.Mihiel und Verdun gefallen sind. Alle Gefallenen ruhen in Einzelgr\u00e4ber, &hellip; <a href=\"http:\/\/www.denkfried.de\/wp\/?page_id=2235\">Weiterlesen <span class=\"meta-nav\">&rarr;<\/span><\/a><\/p>\n","protected":false},"author":2,"featured_media":0,"parent":8265,"menu_order":0,"comment_status":"closed","ping_status":"open","template":"","meta":{"footnotes":""},"class_list":["post-2235","page","type-page","status-publish","hentry"],"_links":{"self":[{"href":"http:\/\/www.denkfried.de\/wp\/index.php?rest_route=\/wp\/v2\/pages\/2235","targetHints":{"allow":["GET"]}}],"collection":[{"href":"http:\/\/www.denkfried.de\/wp\/index.php?rest_route=\/wp\/v2\/pages"}],"about":[{"href":"http:\/\/www.denkfried.de\/wp\/index.php?rest_route=\/wp\/v2\/types\/page"}],"author":[{"embeddable":true,"href":"http:\/\/www.denkfried.de\/wp\/index.php?rest_route=\/wp\/v2\/users\/2"}],"replies":[{"embeddable":true,"href":"http:\/\/www.denkfried.de\/wp\/index.php?rest_route=%2Fwp%2Fv2%2Fcomments&post=2235"}],"version-history":[{"count":4,"href":"http:\/\/www.denkfried.de\/wp\/index.php?rest_route=\/wp\/v2\/pages\/2235\/revisions"}],"predecessor-version":[{"id":9974,"href":"http:\/\/www.denkfried.de\/wp\/index.php?rest_route=\/wp\/v2\/pages\/2235\/revisions\/9974"}],"up":[{"embeddable":true,"href":"http:\/\/www.denkfried.de\/wp\/index.php?rest_route=\/wp\/v2\/pages\/8265"}],"wp:attachment":[{"href":"http:\/\/www.denkfried.de\/wp\/index.php?rest_route=%2Fwp%2Fv2%2Fmedia&parent=2235"}],"curies":[{"name":"wp","href":"https:\/\/api.w.org\/{rel}","templated":true}]}}