{"id":22349,"date":"2012-05-15T20:44:34","date_gmt":"2012-05-15T18:44:34","guid":{"rendered":"http:\/\/www.denkfried.de\/wp\/?page_id=22349"},"modified":"2012-05-15T20:51:43","modified_gmt":"2012-05-15T18:51:43","slug":"gedenkstein","status":"publish","type":"page","link":"http:\/\/www.denkfried.de\/wp\/?page_id=22349","title":{"rendered":"Gedenkstein"},"content":{"rendered":"<p>&nbsp;<\/p>\n<p><strong>Stadt Hildesheim<\/strong> &#8211; Gedenkstein<\/p>\n<p>Bericht und Bilder von Thomas <a href=\"http:\/\/potsdamer-ehrenmale.de.tl\/Hauptseite.htm\">Potsdamer-Ehrenmale.de<\/a><\/p>\n<div id='gallery-1' class='gallery galleryid-22349 gallery-columns-3 gallery-size-thumbnail'><dl class='gallery-item'>\n\t\t\t<dt class='gallery-icon portrait'>\n\t\t\t\t<a href='http:\/\/www.denkfried.de\/wp\/?attachment_id=22351'><img loading=\"lazy\" decoding=\"async\" width=\"150\" height=\"150\" src=\"http:\/\/www.denkfried.de\/wp\/wp-content\/uploads\/2012\/05\/Denkmal_Hildesheim-150x150.jpg\" class=\"attachment-thumbnail size-thumbnail\" alt=\"\" \/><\/a>\n\t\t\t<\/dt><\/dl><dl class='gallery-item'>\n\t\t\t<dt class='gallery-icon portrait'>\n\t\t\t\t<a href='http:\/\/www.denkfried.de\/wp\/?attachment_id=22352'><img loading=\"lazy\" decoding=\"async\" width=\"150\" height=\"150\" src=\"http:\/\/www.denkfried.de\/wp\/wp-content\/uploads\/2012\/05\/Denkmal_Hildesheim-Kopie-150x150.jpg\" class=\"attachment-thumbnail size-thumbnail\" alt=\"\" \/><\/a>\n\t\t\t<\/dt><\/dl>\n\t\t\t<br style='clear: both' \/>\n\t\t<\/div>\n\n<p>Gedenkstein in der Landwirtschaftschule, f\u00fcr die Gefallenen Lehrer und Sch\u00fcler im Ersten Weltkrieg. Die Postkarte ist wahrscheinlich aus den 1920er Jahren, \u00fcber den erhalt oder zustand liegen keine Informationen vor. Auf dem Stein ist folgende Inschrift zu lesen:<\/p>\n<address style=\"text-align: center;\"><strong>Unsern f\u00fcr\u00b4s Vaterland<\/strong><\/address>\n<address style=\"text-align: center;\"><strong>im Weltkriege 1914\/18<\/strong><\/address>\n<address style=\"text-align: center;\"><strong>gefallenen Lehrern und<\/strong><\/address>\n<address style=\"text-align: center;\"><strong>ehemaligen Sch\u00fclern<\/strong><\/address>\n<address style=\"text-align: center;\"><strong>zum Ged\u00e4chtnis!<\/strong><\/address>\n<p>&nbsp;<\/p>\n<p>&nbsp;<\/p>\n","protected":false},"excerpt":{"rendered":"<p>&nbsp; Stadt Hildesheim &#8211; Gedenkstein Bericht und Bilder von Thomas Potsdamer-Ehrenmale.de Gedenkstein in der Landwirtschaftschule, f\u00fcr die Gefallenen Lehrer und Sch\u00fcler im Ersten Weltkrieg. Die Postkarte ist wahrscheinlich aus den 1920er Jahren, \u00fcber den erhalt oder zustand liegen keine Informationen &hellip; <a href=\"http:\/\/www.denkfried.de\/wp\/?page_id=22349\">Weiterlesen <span class=\"meta-nav\">&rarr;<\/span><\/a><\/p>\n","protected":false},"author":9,"featured_media":0,"parent":22341,"menu_order":0,"comment_status":"closed","ping_status":"open","template":"","meta":{"footnotes":""},"class_list":["post-22349","page","type-page","status-publish","hentry"],"_links":{"self":[{"href":"http:\/\/www.denkfried.de\/wp\/index.php?rest_route=\/wp\/v2\/pages\/22349","targetHints":{"allow":["GET"]}}],"collection":[{"href":"http:\/\/www.denkfried.de\/wp\/index.php?rest_route=\/wp\/v2\/pages"}],"about":[{"href":"http:\/\/www.denkfried.de\/wp\/index.php?rest_route=\/wp\/v2\/types\/page"}],"author":[{"embeddable":true,"href":"http:\/\/www.denkfried.de\/wp\/index.php?rest_route=\/wp\/v2\/users\/9"}],"replies":[{"embeddable":true,"href":"http:\/\/www.denkfried.de\/wp\/index.php?rest_route=%2Fwp%2Fv2%2Fcomments&post=22349"}],"version-history":[{"count":5,"href":"http:\/\/www.denkfried.de\/wp\/index.php?rest_route=\/wp\/v2\/pages\/22349\/revisions"}],"predecessor-version":[{"id":22354,"href":"http:\/\/www.denkfried.de\/wp\/index.php?rest_route=\/wp\/v2\/pages\/22349\/revisions\/22354"}],"up":[{"embeddable":true,"href":"http:\/\/www.denkfried.de\/wp\/index.php?rest_route=\/wp\/v2\/pages\/22341"}],"wp:attachment":[{"href":"http:\/\/www.denkfried.de\/wp\/index.php?rest_route=%2Fwp%2Fv2%2Fmedia&parent=22349"}],"curies":[{"name":"wp","href":"https:\/\/api.w.org\/{rel}","templated":true}]}}