{"id":2232,"date":"2011-04-10T20:38:55","date_gmt":"2011-04-10T18:38:55","guid":{"rendered":"http:\/\/www.denkfried.de\/wp\/?page_id=2232"},"modified":"2012-03-23T01:02:45","modified_gmt":"2012-03-23T00:02:45","slug":"berneuil","status":"publish","type":"page","link":"http:\/\/www.denkfried.de\/wp\/?page_id=2232","title":{"rendered":"Berneuil  (22)"},"content":{"rendered":"<p>&nbsp;<\/p>\n<p><span style=\"text-decoration: underline;\"><strong>17460 Berneuil<\/strong><\/span><\/p>\n<p>Region: \u00a0 \u00a0 \u00a0 \u00a0 \u00a0Poitou-Charentes<br \/>\nD\u00e9partement: Charente-Maritime<br \/>\nKanton: \u00a0 \u00a0 \u00a0 \u00a0 G\u00e9mozac<\/p>\n<p>Frankreich\/Berneuil &#8211; KGST<br \/>\nEinweihung der Kriegsgr\u00e4berst\u00e4tte am 24.06.1967<br \/>\n8.310 Tote des 2.Weltkrieges<\/p>\n<p style=\"text-align: justify;\">Der Friedhof liegt an der N 137 etwa 100 km n\u00f6rdlich von Bordeaux.<br \/>\nAus 15 D\u00e9partements wurden die ehemaligen Angeh\u00f6rigen der Deutschen Wehrmacht hier umgebettet.<br \/>\nDieser Teil im S\u00fcdwesten Frankreich war von 1940 bis 1944 in deutscher Hand. Nach R\u00e4umung des Gebietes gingen von der 1.Armee ca.79.000 Mann in Gefangenschaft.<\/p>\n","protected":false},"excerpt":{"rendered":"<p>&nbsp; 17460 Berneuil Region: \u00a0 \u00a0 \u00a0 \u00a0 \u00a0Poitou-Charentes D\u00e9partement: Charente-Maritime Kanton: \u00a0 \u00a0 \u00a0 \u00a0 G\u00e9mozac Frankreich\/Berneuil &#8211; KGST Einweihung der Kriegsgr\u00e4berst\u00e4tte am 24.06.1967 8.310 Tote des 2.Weltkrieges Der Friedhof liegt an der N 137 etwa 100 km n\u00f6rdlich &hellip; <a href=\"http:\/\/www.denkfried.de\/wp\/?page_id=2232\">Weiterlesen <span class=\"meta-nav\">&rarr;<\/span><\/a><\/p>\n","protected":false},"author":2,"featured_media":0,"parent":8218,"menu_order":0,"comment_status":"closed","ping_status":"open","template":"","meta":{"footnotes":""},"class_list":["post-2232","page","type-page","status-publish","hentry"],"_links":{"self":[{"href":"http:\/\/www.denkfried.de\/wp\/index.php?rest_route=\/wp\/v2\/pages\/2232","targetHints":{"allow":["GET"]}}],"collection":[{"href":"http:\/\/www.denkfried.de\/wp\/index.php?rest_route=\/wp\/v2\/pages"}],"about":[{"href":"http:\/\/www.denkfried.de\/wp\/index.php?rest_route=\/wp\/v2\/types\/page"}],"author":[{"embeddable":true,"href":"http:\/\/www.denkfried.de\/wp\/index.php?rest_route=\/wp\/v2\/users\/2"}],"replies":[{"embeddable":true,"href":"http:\/\/www.denkfried.de\/wp\/index.php?rest_route=%2Fwp%2Fv2%2Fcomments&post=2232"}],"version-history":[{"count":8,"href":"http:\/\/www.denkfried.de\/wp\/index.php?rest_route=\/wp\/v2\/pages\/2232\/revisions"}],"predecessor-version":[{"id":8502,"href":"http:\/\/www.denkfried.de\/wp\/index.php?rest_route=\/wp\/v2\/pages\/2232\/revisions\/8502"}],"up":[{"embeddable":true,"href":"http:\/\/www.denkfried.de\/wp\/index.php?rest_route=\/wp\/v2\/pages\/8218"}],"wp:attachment":[{"href":"http:\/\/www.denkfried.de\/wp\/index.php?rest_route=%2Fwp%2Fv2%2Fmedia&parent=2232"}],"curies":[{"name":"wp","href":"https:\/\/api.w.org\/{rel}","templated":true}]}}